{"id":24570,"date":"2020-10-05T18:40:49","date_gmt":"2020-10-05T16:40:49","guid":{"rendered":"http:\/\/www.gouvinfo.org\/IAI\/?page_id=24570"},"modified":"2021-10-26T11:55:32","modified_gmt":"2021-10-26T09:55:32","slug":"abonnement-gouvinfo","status":"publish","type":"page","link":"https:\/\/gouvinfo.org\/IAI\/abonnement-gouvinfo\/","title":{"rendered":""},"content":{"rendered":"<p>[et_pb_section][et_pb_row][et_pb_column type=&#8221;4_4&#8243;][et_pb_text]<\/p>\n<h3 style=\"text-align: center;\"><span style=\"color: #ff6600;\"><em>Gestion de votre abonnement<\/em><\/span><\/h3>\n<hr \/>\n<p style=\"text-align: center;\"><p style=\"text-align: center;\"><div class=\"tnp tnp-subscription \">\n<form method=\"post\" action=\"https:\/\/gouvinfo.org\/IAI\/wp-admin\/admin-ajax.php?action=tnp&amp;na=s\">\n<input type=\"hidden\" name=\"nlang\" value=\"\">\n<div class=\"tnp-field tnp-field-firstname\"><label for=\"tnp-1\">Pr\u00e9nom<\/label>\n<input class=\"tnp-name\" type=\"text\" name=\"nn\" id=\"tnp-1\" value=\"\" placeholder=\"\" required><\/div>\n<div class=\"tnp-field tnp-field-surname\"><label for=\"tnp-2\">Nom de famille<\/label>\n<input class=\"tnp-surname\" type=\"text\" name=\"ns\" id=\"tnp-2\" value=\"\" placeholder=\"\" required><\/div><div class=\"tnp-field tnp-field-email\"><label for=\"tnp-3\">Email<\/label>\n<input class=\"tnp-email\" type=\"email\" name=\"ne\" id=\"tnp-3\" value=\"\" placeholder=\"\" required><\/div>\n<div class=\"tnp-field tnp-lists\"><div class=\"tnp-field tnp-field-checkbox tnp-field-list\"><label for=\"nl5\"><input type=\"checkbox\" id=\"nl5\" name=\"nl[]\" value=\"8\"> \ud83d\udc49\u00catre inform\u00e9 des sessions de formation<\/label><\/div>\n<\/div><div class=\"tnp-field tnp-privacy-field\"><label><input type=\"checkbox\" name=\"ny\" required class=\"tnp-privacy\"> <a target=\"_blank\" href=\"https:\/\/gouvinfo.org\/IAI\/mentions-legales\/\">Cliquer pour acceptez notre charte et nos mentions l\u00e9gales<\/a><\/label><\/div><div class=\"tnp-field tnp-field-button\" style=\"text-align: left\"><input class=\"tnp-submit\" type=\"submit\" value=\"S&#039;abonner aux nouvelles de GouvInfo\" style=\"\">\n<\/div>\n<\/form>\n<\/div>\n<\/p><\/p>\n<hr \/>\n<p style=\"text-align: justify;\"><em>Note : \u00catre abonn\u00e9 vous permet de recevoir des informations sur nos publications, \u00e9v\u00e8nements et services. Nous attachons une importance particuli\u00e8re \u00e0 l&#8217;apport que pourrait avoir nos envois pour vos r\u00e9flexions et attentes. Les courriels que vous pourrez recevoir concernent : des invitations pour participer \u00e0 notre observatoire, pour assister \u00e0 nos \u00e9v\u00e8nements, pour \u00eatre inform\u00e9s de nos publications d&#8217;articles et d&#8217;ouvrages \u00e0 t\u00e9l\u00e9charger. Vous pourrez \u00e0 tout moment personnaliser votre abonnement en utilisant le lien communiqu\u00e9 en bas de chacun de nos emails.<\/em><\/p>\n<p>&nbsp;[\/et_pb_text][\/et_pb_column][\/et_pb_row][\/et_pb_section]<\/p>\n","protected":false},"excerpt":{"rendered":"<p>Gestion de votre&#8230;<\/p>\n","protected":false},"author":10002,"featured_media":0,"parent":0,"menu_order":0,"comment_status":"closed","ping_status":"closed","template":"","meta":{"_et_pb_use_builder":"on","_et_pb_old_content":"<h3 style=\"text-align: center;\"><span style=\"color: #ff6600;\"><em>Gestion de votre abonnement<\/em><\/span><\/h3>\r\n\r\n<hr \/>\r\n<p style=\"text-align: center;\">[newsletter]<\/p>\r\n\r\n\r\n<hr \/>\r\n<p style=\"text-align: justify;\"><em>Note : \u00catre abonn\u00e9 vous permet de recevoir des informations sur nos publications, \u00e9v\u00e8nements et services. Nous attachons une importance particuli\u00e8re \u00e0 l'apport que pourrait avoir nos envois pour vos r\u00e9flexions et attentes. Les courriels que vous pourrez recevoir concernent : des invitations pour participer \u00e0 notre observatoire, pour assister \u00e0 nos \u00e9v\u00e8nements, pour \u00eatre inform\u00e9s de nos publications d'articles et d'ouvrages \u00e0 t\u00e9l\u00e9charger. Vous pourrez \u00e0 tout moment personnaliser votre abonnement en utilisant le lien communiqu\u00e9 en bas de chacun de nos emails.<\/em><\/p>\r\n&nbsp;","_et_gb_content_width":"","jetpack_post_was_ever_published":false,"footnotes":""},"class_list":["post-24570","page","type-page","status-publish","hentry"],"yoast_head":"<!-- This site is optimized with the Yoast SEO plugin v27.5 - https:\/\/yoast.com\/product\/yoast-seo-wordpress\/ -->\n<title>- #GouvInfo<\/title>\n<meta name=\"description\" content=\"La communaut\u00e9 de l&#039;info fait du flux Information un des fondamentaux de nos organisations, pour favoriser une bonne gouvernance de l&#039;information - IAI.\" \/>\n<meta name=\"robots\" content=\"index, follow, max-snippet:-1, max-image-preview:large, max-video-preview:-1\" \/>\n<link rel=\"canonical\" href=\"https:\/\/gouvinfo.org\/IAI\/abonnement-gouvinfo\/\" \/>\n<meta property=\"og:locale\" content=\"fr_FR\" \/>\n<meta property=\"og:type\" content=\"article\" \/>\n<meta property=\"og:title\" content=\"- #GouvInfo\" \/>\n<meta property=\"og:description\" content=\"La communaut\u00e9 de l&#039;info fait du flux Information un des fondamentaux de nos organisations, pour favoriser une bonne gouvernance de l&#039;information - IAI.\" \/>\n<meta property=\"og:url\" content=\"https:\/\/gouvinfo.org\/IAI\/abonnement-gouvinfo\/\" \/>\n<meta property=\"og:site_name\" content=\"#GouvInfo\" \/>\n<meta property=\"article:modified_time\" content=\"2021-10-26T09:55:32+00:00\" \/>\n<meta property=\"og:image\" content=\"https:\/\/i0.wp.com\/gouvinfo.org\/IAI\/wp-content\/uploads\/Gouvinfo-3org-Prendre-son-pied.png?fit=534%2C661&ssl=1\" \/>\n\t<meta property=\"og:image:width\" content=\"534\" \/>\n\t<meta property=\"og:image:height\" content=\"661\" \/>\n\t<meta property=\"og:image:type\" content=\"image\/png\" \/>\n<meta name=\"twitter:card\" content=\"summary_large_image\" \/>\n<meta name=\"twitter:site\" content=\"@gouvinfo\" \/>\n<meta name=\"twitter:label1\" content=\"Dur\u00e9e de lecture estim\u00e9e\" \/>\n\t<meta name=\"twitter:data1\" content=\"1 minute\" \/>\n<script type=\"application\/ld+json\" class=\"yoast-schema-graph\">{\"@context\":\"https:\\\/\\\/schema.org\",\"@graph\":[{\"@type\":\"WebPage\",\"@id\":\"https:\\\/\\\/gouvinfo.org\\\/IAI\\\/abonnement-gouvinfo\\\/\",\"url\":\"https:\\\/\\\/gouvinfo.org\\\/IAI\\\/abonnement-gouvinfo\\\/\",\"name\":\"- #GouvInfo\",\"isPartOf\":{\"@id\":\"https:\\\/\\\/gouvinfo.org\\\/IAI\\\/#website\"},\"datePublished\":\"2020-10-05T16:40:49+00:00\",\"dateModified\":\"2021-10-26T09:55:32+00:00\",\"description\":\"La communaut\u00e9 de l'info fait du flux Information un des fondamentaux de nos organisations, pour favoriser une bonne gouvernance de l'information - IAI.\",\"breadcrumb\":{\"@id\":\"https:\\\/\\\/gouvinfo.org\\\/IAI\\\/abonnement-gouvinfo\\\/#breadcrumb\"},\"inLanguage\":\"fr-FR\",\"potentialAction\":[{\"@type\":\"ReadAction\",\"target\":[\"https:\\\/\\\/gouvinfo.org\\\/IAI\\\/abonnement-gouvinfo\\\/\"]}]},{\"@type\":\"BreadcrumbList\",\"@id\":\"https:\\\/\\\/gouvinfo.org\\\/IAI\\\/abonnement-gouvinfo\\\/#breadcrumb\",\"itemListElement\":[]},{\"@type\":\"WebSite\",\"@id\":\"https:\\\/\\\/gouvinfo.org\\\/IAI\\\/#website\",\"url\":\"https:\\\/\\\/gouvinfo.org\\\/IAI\\\/\",\"name\":\"#GouvInfo\",\"description\":\"D\u00e9velopper une vue globale des donn\u00e9es et de leurs gouvernances\",\"potentialAction\":[{\"@type\":\"SearchAction\",\"target\":{\"@type\":\"EntryPoint\",\"urlTemplate\":\"https:\\\/\\\/gouvinfo.org\\\/IAI\\\/?s={search_term_string}\"},\"query-input\":{\"@type\":\"PropertyValueSpecification\",\"valueRequired\":true,\"valueName\":\"search_term_string\"}}],\"inLanguage\":\"fr-FR\"}]}<\/script>\n<!-- \/ Yoast SEO plugin. -->","yoast_head_json":{"title":"- #GouvInfo","description":"La communaut\u00e9 de l'info fait du flux Information un des fondamentaux de nos organisations, pour favoriser une bonne gouvernance de l'information - IAI.","robots":{"index":"index","follow":"follow","max-snippet":"max-snippet:-1","max-image-preview":"max-image-preview:large","max-video-preview":"max-video-preview:-1"},"canonical":"https:\/\/gouvinfo.org\/IAI\/abonnement-gouvinfo\/","og_locale":"fr_FR","og_type":"article","og_title":"- #GouvInfo","og_description":"La communaut\u00e9 de l'info fait du flux Information un des fondamentaux de nos organisations, pour favoriser une bonne gouvernance de l'information - IAI.","og_url":"https:\/\/gouvinfo.org\/IAI\/abonnement-gouvinfo\/","og_site_name":"#GouvInfo","article_modified_time":"2021-10-26T09:55:32+00:00","og_image":[{"width":534,"height":661,"url":"https:\/\/i0.wp.com\/gouvinfo.org\/IAI\/wp-content\/uploads\/Gouvinfo-3org-Prendre-son-pied.png?fit=534%2C661&ssl=1","type":"image\/png"}],"twitter_card":"summary_large_image","twitter_site":"@gouvinfo","twitter_misc":{"Dur\u00e9e de lecture estim\u00e9e":"1 minute"},"schema":{"@context":"https:\/\/schema.org","@graph":[{"@type":"WebPage","@id":"https:\/\/gouvinfo.org\/IAI\/abonnement-gouvinfo\/","url":"https:\/\/gouvinfo.org\/IAI\/abonnement-gouvinfo\/","name":"- #GouvInfo","isPartOf":{"@id":"https:\/\/gouvinfo.org\/IAI\/#website"},"datePublished":"2020-10-05T16:40:49+00:00","dateModified":"2021-10-26T09:55:32+00:00","description":"La communaut\u00e9 de l'info fait du flux Information un des fondamentaux de nos organisations, pour favoriser une bonne gouvernance de l'information - IAI.","breadcrumb":{"@id":"https:\/\/gouvinfo.org\/IAI\/abonnement-gouvinfo\/#breadcrumb"},"inLanguage":"fr-FR","potentialAction":[{"@type":"ReadAction","target":["https:\/\/gouvinfo.org\/IAI\/abonnement-gouvinfo\/"]}]},{"@type":"BreadcrumbList","@id":"https:\/\/gouvinfo.org\/IAI\/abonnement-gouvinfo\/#breadcrumb","itemListElement":[]},{"@type":"WebSite","@id":"https:\/\/gouvinfo.org\/IAI\/#website","url":"https:\/\/gouvinfo.org\/IAI\/","name":"#GouvInfo","description":"D\u00e9velopper une vue globale des donn\u00e9es et de leurs gouvernances","potentialAction":[{"@type":"SearchAction","target":{"@type":"EntryPoint","urlTemplate":"https:\/\/gouvinfo.org\/IAI\/?s={search_term_string}"},"query-input":{"@type":"PropertyValueSpecification","valueRequired":true,"valueName":"search_term_string"}}],"inLanguage":"fr-FR"}]}},"jetpack_shortlink":"https:\/\/wp.me\/P3WHBZ-6oi","jetpack_sharing_enabled":true,"_links":{"self":[{"href":"https:\/\/gouvinfo.org\/IAI\/wp-json\/wp\/v2\/pages\/24570","targetHints":{"allow":["GET"]}}],"collection":[{"href":"https:\/\/gouvinfo.org\/IAI\/wp-json\/wp\/v2\/pages"}],"about":[{"href":"https:\/\/gouvinfo.org\/IAI\/wp-json\/wp\/v2\/types\/page"}],"author":[{"embeddable":true,"href":"https:\/\/gouvinfo.org\/IAI\/wp-json\/wp\/v2\/users\/10002"}],"replies":[{"embeddable":true,"href":"https:\/\/gouvinfo.org\/IAI\/wp-json\/wp\/v2\/comments?post=24570"}],"version-history":[{"count":10,"href":"https:\/\/gouvinfo.org\/IAI\/wp-json\/wp\/v2\/pages\/24570\/revisions"}],"predecessor-version":[{"id":34041,"href":"https:\/\/gouvinfo.org\/IAI\/wp-json\/wp\/v2\/pages\/24570\/revisions\/34041"}],"wp:attachment":[{"href":"https:\/\/gouvinfo.org\/IAI\/wp-json\/wp\/v2\/media?parent=24570"}],"curies":[{"name":"wp","href":"https:\/\/api.w.org\/{rel}","templated":true}]}}