{"id":33255,"date":"2021-01-29T15:55:37","date_gmt":"2021-01-29T14:55:37","guid":{"rendered":"https:\/\/www.gouvinfo.org\/IAI\/?page_id=33255"},"modified":"2022-10-04T07:37:06","modified_gmt":"2022-10-04T05:37:06","slug":"dl-infographies","status":"publish","type":"page","link":"https:\/\/gouvinfo.org\/IAI\/dl-infographies\/","title":{"rendered":"T\u00e9l\u00e9chargement des infographies"},"content":{"rendered":"<section class='__wpdm_gb_section __wpdm_gb_category'><div class='w3eden'>\n    <div class=''>\n        <h2><h3>Infographies<\/h3><\/h2>                <form method=\"get\" class=\"__wpdm_submit_async\" data-container=\"#content_wpdm_packages_1\" id=\"sc_form_wpdm_packages_1\" style=\"margin-bottom: 15px\">\n                <div class=\"panel panel-default card category-panel wpdm-shortcode-toolbar\">\n                <div class=\"panel-body card-body\">\n                    <div class=\"media\">\n                                                <div class=\"media-body\">\n                            <h3 style=\"margin: 0\"><h3>Infographies<\/h3><\/h3>\n                                                    <\/div>\n                    <\/div>\n                <\/div>\n                <div class=\"panel-footer card-footer\">\n                    <div class=\"row\">\n                        <div class=\"col-lg-6 col-md-12\">\n                            <input type=\"text\" name=\"skw\" value=\"\" placeholder=\"Recherche par mots cl\u00e9s\u2026\" class=\"form-control\" \/>\n                        <\/div>\n                        <div class=\"col-lg-2 col-md-4\">\n                            <select name=\"orderby\" class=\"wpdm-custom-select custom-select\">\n                                <option value=\"date\" disabled=\"disabled\">Trier par\u00a0:<\/option>\n                                <option value=\"date\" >Date de publication<\/option>\n                                <option value=\"title\" >Titre<\/option>\n                                <option value=\"update_date\" >Date de mise \u00e0 jour<\/option>\n                                <option value=\"downloads\" >T\u00e9l\u00e9chargements<\/option>\n                                <option value=\"views\" >Vues<\/option>\n                            <\/select>\n                        <\/div>\n                        <div class=\"col-lg-2 col-md-4\">\n                            <select name=\"order\" class=\"wpdm-custom-select custom-select\">\n                                <option value=\"desc\" disabled=\"disabled\">Tri\u00a0:<\/option>\n                                <option value=\"desc\" >D\u00e9croissant<\/option>\n                                <option value=\"asc\" >Croissant<\/option>\n                            <\/select>\n                        <\/div>\n                        <div class=\"col-lg-2 col-md-4\">\n                            <button type=\"submit\" class=\"btn btn-secondary btn-block\">Appliquer le filtre<\/button>\n                        <\/div>\n                    <\/div>\n\n                <\/div>\n            <\/div>\n            <\/form>\n<div class=\"spacer mb-3 d-block clearfix\"><\/div>\n        <div id=\"content_wpdm_packages_1\">\n            <div class='row'><div class='col-lg-12 col-md-12 col-12'><div class=\"clear\"><\/div>\n<div class=\"row\">\n<div class=\"col-md-12\">\n<div class=\"thumbnail\">\n<div class=\"row\">\n<div class=\"col-md-3\"><img class='wpdm-thumb wpdm-thumb-200x200 wpdm-thumb-33291' src='https:\/\/i0.wp.com\/gouvinfo.org\/IAI\/wp-content\/uploads\/Infographie-Gouvinfo-IAI-2014-2015-les-charges-et-d%C3%A9lais-N%C2%B039.jpg?resize=200,200' alt='Infographie \u00ab Des \u00eeles et des ponts - Charges et d\u00e9lais \u00bb' \/><\/div>\n<div class=\"col-md-5\"><strong>Infographie \u00ab Des \u00eeles et des ponts &#8211; Charges et d\u00e9lais \u00bb<\/strong><\/a>\nInfographie GouvInfo \u00ab Charges et d\u00e9lais \u00bb N\u00b03\/9 \u2013 Sur la base de 719 participants, cette infographie pr\u00e9sente l&#8217;ensemble des charges et d\u00e9lais estim\u00e9s par les participants sur des fondamentaux constitutifs d&#8217;une d\u00e9marche de gouvernance de l&#8217;information (le cadre de r\u00e9f\u00e9rence, le r\u00e9f\u00e9rentiel&#8230;\n\n<hr \/>\n\nCat\u00e9gorie = <a href=\"https:\/\/gouvinfo.org\/IAI\/dwnl_category\/infographie\/\" rel=\"tag\">Infographie<\/a>\n<div style=\"margin-top: 15px;\"><\/div>\n<\/div>\n<div class=\"col-md-4\">\n<table class=\"table table-bordered table-striped\">\n<tbody>\n<tr>\n<td>Taille<\/td>\n<td>2 Mo<\/td>\n<\/tr>\n<tr>\n<td>T\u00e9l\u00e9charg\u00e9<\/td>\n<td>938 fois<\/td>\n<\/tr>\n<tr>\n<td>Date <\/td>\n<td> 1 juin 2015 <\/td>\n<\/tr>\n<tr>\n<td style=\"text-align: center;\" colspan=\"2\"><a href='#unlock' class='wpdm-download-link wpdm-download-locked btn btn-primary ' data-package='33291'>T\u00e9l\u00e9charger<\/a><\/td>\n<\/tr>\n<\/tbody>\n<\/table>\n<\/div>\n<\/div>\n<\/div>\n<\/div>\n<\/div>\n\n<hr noshade=\"noshade\" size=\"1\" \/><\/div><div class='col-lg-12 col-md-12 col-12'><div class=\"clear\"><\/div>\n<div class=\"row\">\n<div class=\"col-md-12\">\n<div class=\"thumbnail\">\n<div class=\"row\">\n<div class=\"col-md-3\"><img class='wpdm-thumb wpdm-thumb-200x200 wpdm-thumb-33253' src='https:\/\/i0.wp.com\/gouvinfo.org\/IAI\/wp-content\/uploads\/Infographie-gouvernance-de-linformation-Gouvinfo-2014-2015-Observatoire-linstance-2-9-1.png?resize=200,200' alt='Infographie \u00ab Des \u00eeles et des ponts \u2013 L\u2019instance \u00bb' \/><\/div>\n<div class=\"col-md-5\"><strong>Infographie \u00ab Des \u00eeles et des ponts \u2013 L\u2019instance \u00bb<\/strong><\/a>\nInfographie GouvInfo \u00ab Des \u00eeles et des ponts \u00bb N\u00b02\/9 \u2013 Sur la base de 719 participants, cette infographie pr\u00e9sente une organisation pour mieux ma\u00eetriser l&#8217;information : l\u2019instance, qui permet de regrouper les acteurs ayant chacun une vue sur une partie du cycle de vie. Depuis 2010, la pr\u00e9sence&#8230;\n\n<hr \/>\n\nCat\u00e9gorie = <a href=\"https:\/\/gouvinfo.org\/IAI\/dwnl_category\/infographie\/\" rel=\"tag\">Infographie<\/a>\n<div style=\"margin-top: 15px;\"><\/div>\n<\/div>\n<div class=\"col-md-4\">\n<table class=\"table table-bordered table-striped\">\n<tbody>\n<tr>\n<td>Taille<\/td>\n<td>1,36 Mo<\/td>\n<\/tr>\n<tr>\n<td>T\u00e9l\u00e9charg\u00e9<\/td>\n<td>1371 fois<\/td>\n<\/tr>\n<tr>\n<td>Date <\/td>\n<td> 12 avril 2015 <\/td>\n<\/tr>\n<tr>\n<td style=\"text-align: center;\" colspan=\"2\"><a href='#unlock' class='wpdm-download-link wpdm-download-locked btn btn-primary ' data-package='33253'>T\u00e9l\u00e9charger<\/a><\/td>\n<\/tr>\n<\/tbody>\n<\/table>\n<\/div>\n<\/div>\n<\/div>\n<\/div>\n<\/div>\n\n<hr noshade=\"noshade\" size=\"1\" \/><\/div><div class='col-lg-12 col-md-12 col-12'><div class=\"clear\"><\/div>\n<div class=\"row\">\n<div class=\"col-md-12\">\n<div class=\"thumbnail\">\n<div class=\"row\">\n<div class=\"col-md-3\"><img class='wpdm-thumb wpdm-thumb-200x200 wpdm-thumb-33272' src='https:\/\/i0.wp.com\/gouvinfo.org\/IAI\/wp-content\/uploads\/Infographie-gouvernance-de-linformation-Gouvinfo-2014-2015-Observatoire-enjeux-1-9-1.png?resize=200,200' alt='Infographie \u00ab Des \u00eeles et des ponts \u2013 Les enjeux \u00bb' \/><\/div>\n<div class=\"col-md-5\"><strong>Infographie \u00ab Des \u00eeles et des ponts \u2013 Les enjeux \u00bb<\/strong><\/a>\nInfographie GouvInfo \u00ab Des \u00eeles et des ponts \u00bb N\u00b01\/9 \u2013 premier \u00eelot de l&#8217;archipel de la valorisation et de la gouvernance de l&#8217;information. Sur la base de 719 participants, l\u2019observatoire GouvInfo montre une forte prise de conscience concernant la n\u00e9cessit\u00e9 de mettre en place des organisations&#8230;\n\n<hr \/>\n\nCat\u00e9gorie = <a href=\"https:\/\/gouvinfo.org\/IAI\/dwnl_category\/infographie\/\" rel=\"tag\">Infographie<\/a>\n<div style=\"margin-top: 15px;\"><\/div>\n<\/div>\n<div class=\"col-md-4\">\n<table class=\"table table-bordered table-striped\">\n<tbody>\n<tr>\n<td>Taille<\/td>\n<td>1,8 Mo Mo<\/td>\n<\/tr>\n<tr>\n<td>T\u00e9l\u00e9charg\u00e9<\/td>\n<td>1364 fois<\/td>\n<\/tr>\n<tr>\n<td>Date <\/td>\n<td> 9 mars 2015 <\/td>\n<\/tr>\n<tr>\n<td style=\"text-align: center;\" colspan=\"2\"><a href='#unlock' class='wpdm-download-link wpdm-download-locked btn btn-primary ' data-package='33272'>T\u00e9l\u00e9charger<\/a><\/td>\n<\/tr>\n<\/tbody>\n<\/table>\n<\/div>\n<\/div>\n<\/div>\n<\/div>\n<\/div>\n\n<hr noshade=\"noshade\" size=\"1\" \/><\/div><div class='col-lg-12 col-md-12 col-12'><div class=\"clear\"><\/div>\n<div class=\"row\">\n<div class=\"col-md-12\">\n<div class=\"thumbnail\">\n<div class=\"row\">\n<div class=\"col-md-3\"><img class='wpdm-thumb wpdm-thumb-200x200 wpdm-thumb-33279' src='https:\/\/i0.wp.com\/gouvinfo.org\/IAI\/wp-content\/uploads\/InfographieV7-2012.png?resize=200,200' alt='Infographie poster \u00ab Gouvernance de l\u2019information \u00bb' \/><\/div>\n<div class=\"col-md-5\"><strong>Infographie poster \u00ab Gouvernance de l\u2019information \u00bb<\/strong><\/a>\nInfographie GouvInfo de 2012 : \u00ab photographie a\u00e9rienne de la gouvernance de l\u2019information \u00bb \u2013 Premi\u00e8re infographie pr\u00e9sentant les enjeux de la gouvernance, ainsi que l\u2019ensemble des couleurs qui permettent de dessiner une image compl\u00e8te du sujet. L\u2019infographie s\u2019imprime en format A1 et&#8230;\n\n<hr \/>\n\nCat\u00e9gorie = <a href=\"https:\/\/gouvinfo.org\/IAI\/dwnl_category\/infographie\/\" rel=\"tag\">Infographie<\/a>\n<div style=\"margin-top: 15px;\"><\/div>\n<\/div>\n<div class=\"col-md-4\">\n<table class=\"table table-bordered table-striped\">\n<tbody>\n<tr>\n<td>Taille<\/td>\n<td>3 Mo<\/td>\n<\/tr>\n<tr>\n<td>T\u00e9l\u00e9charg\u00e9<\/td>\n<td>3078 fois<\/td>\n<\/tr>\n<tr>\n<td>Date <\/td>\n<td> 1 avril 2012 <\/td>\n<\/tr>\n<tr>\n<td style=\"text-align: center;\" colspan=\"2\"><a href='#unlock' class='wpdm-download-link wpdm-download-locked btn btn-primary ' data-package='33279'>T\u00e9l\u00e9charger<\/a><\/td>\n<\/tr>\n<\/tbody>\n<\/table>\n<\/div>\n<\/div>\n<\/div>\n<\/div>\n<\/div>\n\n<hr noshade=\"noshade\" size=\"1\" \/><\/div><\/div>                    <\/div>\n\n        <div style='clear:both'><\/div>\n    <\/div>\n<\/div>\n<\/section>","protected":false},"excerpt":{"rendered":"","protected":false},"author":10002,"featured_media":4891,"parent":0,"menu_order":0,"comment_status":"closed","ping_status":"closed","template":"","meta":{"_et_pb_use_builder":"","_et_pb_old_content":"","_et_gb_content_width":"","jetpack_post_was_ever_published":false,"footnotes":""},"class_list":["post-33255","page","type-page","status-publish","has-post-thumbnail","hentry"],"yoast_head":"<!-- This site is optimized with the Yoast SEO plugin v27.5 - https:\/\/yoast.com\/product\/yoast-seo-wordpress\/ -->\n<title>T\u00e9l\u00e9chargement des infographies - #GouvInfo<\/title>\n<meta name=\"description\" content=\"La communaut\u00e9 de l&#039;info fait du flux Information un des fondamentaux de nos organisations, pour favoriser une bonne gouvernance de l&#039;information - IAI.\" \/>\n<meta name=\"robots\" content=\"index, follow, max-snippet:-1, max-image-preview:large, max-video-preview:-1\" \/>\n<link rel=\"canonical\" href=\"https:\/\/gouvinfo.org\/IAI\/dl-infographies\/\" \/>\n<meta property=\"og:locale\" content=\"fr_FR\" \/>\n<meta property=\"og:type\" content=\"article\" \/>\n<meta property=\"og:title\" content=\"T\u00e9l\u00e9chargement des infographies - #GouvInfo\" \/>\n<meta property=\"og:description\" content=\"La communaut\u00e9 de l&#039;info fait du flux Information un des fondamentaux de nos organisations, pour favoriser une bonne gouvernance de l&#039;information - IAI.\" \/>\n<meta property=\"og:url\" content=\"https:\/\/gouvinfo.org\/IAI\/dl-infographies\/\" \/>\n<meta property=\"og:site_name\" content=\"#GouvInfo\" \/>\n<meta property=\"article:modified_time\" content=\"2022-10-04T05:37:06+00:00\" \/>\n<meta property=\"og:image\" content=\"https:\/\/gouvinfo.org\/IAI\/wp-content\/uploads\/InfographieV7-2012.png\" \/>\n\t<meta property=\"og:image:width\" content=\"1156\" \/>\n\t<meta property=\"og:image:height\" content=\"1628\" \/>\n\t<meta property=\"og:image:type\" content=\"image\/png\" \/>\n<meta name=\"twitter:card\" content=\"summary_large_image\" \/>\n<meta name=\"twitter:site\" content=\"@gouvinfo\" \/>\n<script type=\"application\/ld+json\" class=\"yoast-schema-graph\">{\"@context\":\"https:\\\/\\\/schema.org\",\"@graph\":[{\"@type\":\"WebPage\",\"@id\":\"https:\\\/\\\/gouvinfo.org\\\/IAI\\\/dl-infographies\\\/\",\"url\":\"https:\\\/\\\/gouvinfo.org\\\/IAI\\\/dl-infographies\\\/\",\"name\":\"T\u00e9l\u00e9chargement des infographies - #GouvInfo\",\"isPartOf\":{\"@id\":\"https:\\\/\\\/gouvinfo.org\\\/IAI\\\/#website\"},\"primaryImageOfPage\":{\"@id\":\"https:\\\/\\\/gouvinfo.org\\\/IAI\\\/dl-infographies\\\/#primaryimage\"},\"image\":{\"@id\":\"https:\\\/\\\/gouvinfo.org\\\/IAI\\\/dl-infographies\\\/#primaryimage\"},\"thumbnailUrl\":\"https:\\\/\\\/i0.wp.com\\\/gouvinfo.org\\\/IAI\\\/wp-content\\\/uploads\\\/InfographieV7-2012.png?fit=1156%2C1628&ssl=1\",\"datePublished\":\"2021-01-29T14:55:37+00:00\",\"dateModified\":\"2022-10-04T05:37:06+00:00\",\"description\":\"La communaut\u00e9 de l'info fait du flux Information un des fondamentaux de nos organisations, pour favoriser une bonne gouvernance de l'information - IAI.\",\"inLanguage\":\"fr-FR\",\"potentialAction\":[{\"@type\":\"ReadAction\",\"target\":[\"https:\\\/\\\/gouvinfo.org\\\/IAI\\\/dl-infographies\\\/\"]}]},{\"@type\":\"ImageObject\",\"inLanguage\":\"fr-FR\",\"@id\":\"https:\\\/\\\/gouvinfo.org\\\/IAI\\\/dl-infographies\\\/#primaryimage\",\"url\":\"https:\\\/\\\/i0.wp.com\\\/gouvinfo.org\\\/IAI\\\/wp-content\\\/uploads\\\/InfographieV7-2012.png?fit=1156%2C1628&ssl=1\",\"contentUrl\":\"https:\\\/\\\/i0.wp.com\\\/gouvinfo.org\\\/IAI\\\/wp-content\\\/uploads\\\/InfographieV7-2012.png?fit=1156%2C1628&ssl=1\",\"width\":1156,\"height\":1628},{\"@type\":\"WebSite\",\"@id\":\"https:\\\/\\\/gouvinfo.org\\\/IAI\\\/#website\",\"url\":\"https:\\\/\\\/gouvinfo.org\\\/IAI\\\/\",\"name\":\"#GouvInfo\",\"description\":\"D\u00e9velopper une vue globale des donn\u00e9es et de leurs gouvernances\",\"potentialAction\":[{\"@type\":\"SearchAction\",\"target\":{\"@type\":\"EntryPoint\",\"urlTemplate\":\"https:\\\/\\\/gouvinfo.org\\\/IAI\\\/?s={search_term_string}\"},\"query-input\":{\"@type\":\"PropertyValueSpecification\",\"valueRequired\":true,\"valueName\":\"search_term_string\"}}],\"inLanguage\":\"fr-FR\"}]}<\/script>\n<!-- \/ Yoast SEO plugin. -->","yoast_head_json":{"title":"T\u00e9l\u00e9chargement des infographies - #GouvInfo","description":"La communaut\u00e9 de l'info fait du flux Information un des fondamentaux de nos organisations, pour favoriser une bonne gouvernance de l'information - IAI.","robots":{"index":"index","follow":"follow","max-snippet":"max-snippet:-1","max-image-preview":"max-image-preview:large","max-video-preview":"max-video-preview:-1"},"canonical":"https:\/\/gouvinfo.org\/IAI\/dl-infographies\/","og_locale":"fr_FR","og_type":"article","og_title":"T\u00e9l\u00e9chargement des infographies - #GouvInfo","og_description":"La communaut\u00e9 de l'info fait du flux Information un des fondamentaux de nos organisations, pour favoriser une bonne gouvernance de l'information - IAI.","og_url":"https:\/\/gouvinfo.org\/IAI\/dl-infographies\/","og_site_name":"#GouvInfo","article_modified_time":"2022-10-04T05:37:06+00:00","og_image":[{"width":1156,"height":1628,"url":"https:\/\/gouvinfo.org\/IAI\/wp-content\/uploads\/InfographieV7-2012.png","type":"image\/png"}],"twitter_card":"summary_large_image","twitter_site":"@gouvinfo","schema":{"@context":"https:\/\/schema.org","@graph":[{"@type":"WebPage","@id":"https:\/\/gouvinfo.org\/IAI\/dl-infographies\/","url":"https:\/\/gouvinfo.org\/IAI\/dl-infographies\/","name":"T\u00e9l\u00e9chargement des infographies - #GouvInfo","isPartOf":{"@id":"https:\/\/gouvinfo.org\/IAI\/#website"},"primaryImageOfPage":{"@id":"https:\/\/gouvinfo.org\/IAI\/dl-infographies\/#primaryimage"},"image":{"@id":"https:\/\/gouvinfo.org\/IAI\/dl-infographies\/#primaryimage"},"thumbnailUrl":"https:\/\/i0.wp.com\/gouvinfo.org\/IAI\/wp-content\/uploads\/InfographieV7-2012.png?fit=1156%2C1628&ssl=1","datePublished":"2021-01-29T14:55:37+00:00","dateModified":"2022-10-04T05:37:06+00:00","description":"La communaut\u00e9 de l'info fait du flux Information un des fondamentaux de nos organisations, pour favoriser une bonne gouvernance de l'information - IAI.","inLanguage":"fr-FR","potentialAction":[{"@type":"ReadAction","target":["https:\/\/gouvinfo.org\/IAI\/dl-infographies\/"]}]},{"@type":"ImageObject","inLanguage":"fr-FR","@id":"https:\/\/gouvinfo.org\/IAI\/dl-infographies\/#primaryimage","url":"https:\/\/i0.wp.com\/gouvinfo.org\/IAI\/wp-content\/uploads\/InfographieV7-2012.png?fit=1156%2C1628&ssl=1","contentUrl":"https:\/\/i0.wp.com\/gouvinfo.org\/IAI\/wp-content\/uploads\/InfographieV7-2012.png?fit=1156%2C1628&ssl=1","width":1156,"height":1628},{"@type":"WebSite","@id":"https:\/\/gouvinfo.org\/IAI\/#website","url":"https:\/\/gouvinfo.org\/IAI\/","name":"#GouvInfo","description":"D\u00e9velopper une vue globale des donn\u00e9es et de leurs gouvernances","potentialAction":[{"@type":"SearchAction","target":{"@type":"EntryPoint","urlTemplate":"https:\/\/gouvinfo.org\/IAI\/?s={search_term_string}"},"query-input":{"@type":"PropertyValueSpecification","valueRequired":true,"valueName":"search_term_string"}}],"inLanguage":"fr-FR"}]}},"jetpack_shortlink":"https:\/\/wp.me\/P3WHBZ-8En","jetpack_sharing_enabled":true,"_links":{"self":[{"href":"https:\/\/gouvinfo.org\/IAI\/wp-json\/wp\/v2\/pages\/33255","targetHints":{"allow":["GET"]}}],"collection":[{"href":"https:\/\/gouvinfo.org\/IAI\/wp-json\/wp\/v2\/pages"}],"about":[{"href":"https:\/\/gouvinfo.org\/IAI\/wp-json\/wp\/v2\/types\/page"}],"author":[{"embeddable":true,"href":"https:\/\/gouvinfo.org\/IAI\/wp-json\/wp\/v2\/users\/10002"}],"replies":[{"embeddable":true,"href":"https:\/\/gouvinfo.org\/IAI\/wp-json\/wp\/v2\/comments?post=33255"}],"version-history":[{"count":8,"href":"https:\/\/gouvinfo.org\/IAI\/wp-json\/wp\/v2\/pages\/33255\/revisions"}],"predecessor-version":[{"id":33283,"href":"https:\/\/gouvinfo.org\/IAI\/wp-json\/wp\/v2\/pages\/33255\/revisions\/33283"}],"wp:featuredmedia":[{"embeddable":true,"href":"https:\/\/gouvinfo.org\/IAI\/wp-json\/wp\/v2\/media\/4891"}],"wp:attachment":[{"href":"https:\/\/gouvinfo.org\/IAI\/wp-json\/wp\/v2\/media?parent=33255"}],"curies":[{"name":"wp","href":"https:\/\/api.w.org\/{rel}","templated":true}]}}