{"id":33312,"date":"2021-02-01T15:34:10","date_gmt":"2021-02-01T14:34:10","guid":{"rendered":"https:\/\/www.gouvinfo.org\/IAI\/?page_id=33312"},"modified":"2022-10-04T07:35:19","modified_gmt":"2022-10-04T05:35:19","slug":"benchmarks-gouvernance-de-linformation","status":"publish","type":"page","link":"https:\/\/gouvinfo.org\/IAI\/benchmarks-gouvernance-de-linformation\/","title":{"rendered":"Benchmarks gouvernance de l&#8217;information"},"content":{"rendered":"<section class='__wpdm_gb_section __wpdm_gb_category'><div class='w3eden'>\n    <div class=''>\n        <h2><h3>Benchmarks, r\u00e9sultats de l&#8217;observatoire<\/h3><\/h2>                <form method=\"get\" class=\"__wpdm_submit_async\" data-container=\"#content_wpdm_packages_1\" id=\"sc_form_wpdm_packages_1\" style=\"margin-bottom: 15px\">\n                <div class=\"panel panel-default card category-panel wpdm-shortcode-toolbar\">\n                <div class=\"panel-body card-body\">\n                    <div class=\"media\">\n                                                <div class=\"media-body\">\n                            <h3 style=\"margin: 0\"><h3>Benchmarks, r\u00e9sultats de l&#8217;observatoire<\/h3><\/h3>\n                                                    <\/div>\n                    <\/div>\n                <\/div>\n                <div class=\"panel-footer card-footer\">\n                    <div class=\"row\">\n                        <div class=\"col-lg-6 col-md-12\">\n                            <input type=\"text\" name=\"skw\" value=\"\" placeholder=\"Recherche par mots cl\u00e9s\u2026\" class=\"form-control\" \/>\n                        <\/div>\n                        <div class=\"col-lg-2 col-md-4\">\n                            <select name=\"orderby\" class=\"wpdm-custom-select custom-select\">\n                                <option value=\"date\" disabled=\"disabled\">Trier par\u00a0:<\/option>\n                                <option value=\"date\" >Date de publication<\/option>\n                                <option value=\"title\" >Titre<\/option>\n                                <option value=\"update_date\" >Date de mise \u00e0 jour<\/option>\n                                <option value=\"downloads\" >T\u00e9l\u00e9chargements<\/option>\n                                <option value=\"views\" >Vues<\/option>\n                            <\/select>\n                        <\/div>\n                        <div class=\"col-lg-2 col-md-4\">\n                            <select name=\"order\" class=\"wpdm-custom-select custom-select\">\n                                <option value=\"desc\" disabled=\"disabled\">Tri\u00a0:<\/option>\n                                <option value=\"desc\" >D\u00e9croissant<\/option>\n                                <option value=\"asc\" >Croissant<\/option>\n                            <\/select>\n                        <\/div>\n                        <div class=\"col-lg-2 col-md-4\">\n                            <button type=\"submit\" class=\"btn btn-secondary btn-block\">Appliquer le filtre<\/button>\n                        <\/div>\n                    <\/div>\n\n                <\/div>\n            <\/div>\n            <\/form>\n<div class=\"spacer mb-3 d-block clearfix\"><\/div>\n        <div id=\"content_wpdm_packages_1\">\n            <div class='row'><div class='col-lg-12 col-md-12 col-12'><div class=\"clear\"><\/div>\n<div class=\"row\">\n<div class=\"col-md-12\">\n<div class=\"thumbnail\">\n<div class=\"row\">\n<div class=\"col-md-3\"><img class='wpdm-thumb wpdm-thumb-200x200 wpdm-thumb-34262' src='https:\/\/i0.wp.com\/gouvinfo.org\/IAI\/wp-content\/uploads\/Benchmark-2022-Page-de-garde.png?resize=200,200' alt='Benchmark observatoire #GouvInfo 2022 (\u00e9dition 20\/22)' \/><\/div>\n<div class=\"col-md-5\"><strong>Benchmark observatoire #GouvInfo 2022 (\u00e9dition 20\/22)<\/strong><\/a>\nBenchmark 2022 sur la gouvernance de l\u2019information \u2013 Bas\u00e9 sur l\u2019observatoire 2020 et 2021, ce livre pr\u00e9sente des analyses sur le march\u00e9, les enjeux, la pr\u00e9sence d\u2019organisations d\u00e9di\u00e9es \u00e0 la gouvernance de l\u2019information ainsi que des \u00e9l\u00e9ments pour appr\u00e9hender le futur. Premier Benchmark&#8230;\n\n<hr \/>\n\nCat\u00e9gorie = <a href=\"https:\/\/gouvinfo.org\/IAI\/dwnl_category\/benchmark\/\" rel=\"tag\">Benchmark<\/a>\n<div style=\"margin-top: 15px;\"><\/div>\n<\/div>\n<div class=\"col-md-4\">\n<table class=\"table table-bordered table-striped\">\n<tbody>\n<tr>\n<td>Taille<\/td>\n<td>4 Mo<\/td>\n<\/tr>\n<tr>\n<td>T\u00e9l\u00e9charg\u00e9<\/td>\n<td>544 fois<\/td>\n<\/tr>\n<tr>\n<td>Date <\/td>\n<td> 1 juin 2022 <\/td>\n<\/tr>\n<tr>\n<td style=\"text-align: center;\" colspan=\"2\"><a href='#unlock' class='wpdm-download-link wpdm-download-locked btn btn-primary ' data-package='34262'>T\u00e9l\u00e9charger<\/a><\/td>\n<\/tr>\n<\/tbody>\n<\/table>\n<\/div>\n<\/div>\n<\/div>\n<\/div>\n<\/div>\n\n<hr noshade=\"noshade\" size=\"1\" \/><\/div><div class='col-lg-12 col-md-12 col-12'><div class=\"clear\"><\/div>\n<div class=\"row\">\n<div class=\"col-md-12\">\n<div class=\"thumbnail\">\n<div class=\"row\">\n<div class=\"col-md-3\"><img class='wpdm-thumb wpdm-thumb-200x200 wpdm-thumb-33311' src='https:\/\/i0.wp.com\/gouvinfo.org\/IAI\/wp-content\/uploads\/3org-GouvInfo-181920-Couverture-images.png?resize=200,200' alt='Benchmark observatoire #GouvInfo (Images de l'\u00e9dition 18\/20 - 2020)' \/><\/div>\n<div class=\"col-md-5\"><strong>Benchmark observatoire #GouvInfo (Images de l&#8217;\u00e9dition 18\/20 &#8211; 2020)<\/strong><\/a>\nCe t\u00e9l\u00e9chargement comprend les images du livre benchmark 2020 sur la gouvernance de l\u2019information \u2013 Bas\u00e9 sur l\u2019observatoire 2018 et 2019, ce dernier pr\u00e9sente des analyses sur le march\u00e9, les enjeux, la pr\u00e9sence d\u2019organisations d\u00e9di\u00e9es \u00e0 la gouvernance de l\u2019information ainsi que des&#8230;\n\n<hr \/>\n\nCat\u00e9gorie = <a href=\"https:\/\/gouvinfo.org\/IAI\/dwnl_category\/benchmark\/\" rel=\"tag\">Benchmark<\/a>\n<div style=\"margin-top: 15px;\"><\/div>\n<\/div>\n<div class=\"col-md-4\">\n<table class=\"table table-bordered table-striped\">\n<tbody>\n<tr>\n<td>Taille<\/td>\n<td>14 Mo<\/td>\n<\/tr>\n<tr>\n<td>T\u00e9l\u00e9charg\u00e9<\/td>\n<td>837 fois<\/td>\n<\/tr>\n<tr>\n<td>Date <\/td>\n<td> 15 mai 2020 <\/td>\n<\/tr>\n<tr>\n<td style=\"text-align: center;\" colspan=\"2\"><a href='#unlock' class='wpdm-download-link wpdm-download-locked btn btn-primary ' data-package='33311'>T\u00e9l\u00e9charger<\/a><\/td>\n<\/tr>\n<\/tbody>\n<\/table>\n<\/div>\n<\/div>\n<\/div>\n<\/div>\n<\/div>\n\n<hr noshade=\"noshade\" size=\"1\" \/><\/div><div class='col-lg-12 col-md-12 col-12'><div class=\"clear\"><\/div>\n<div class=\"row\">\n<div class=\"col-md-12\">\n<div class=\"thumbnail\">\n<div class=\"row\">\n<div class=\"col-md-3\"><img class='wpdm-thumb wpdm-thumb-200x200 wpdm-thumb-33316' src='https:\/\/i0.wp.com\/gouvinfo.org\/IAI\/wp-content\/uploads\/3org-GouvInfo-181920-Couverture.png?resize=200,200' alt='Benchmark observatoire #GouvInfo (\u00e9dition 18\/20 - 2020)' \/><\/div>\n<div class=\"col-md-5\"><strong>Benchmark observatoire #GouvInfo (\u00e9dition 18\/20 &#8211; 2020)<\/strong><\/a>\nBenchmark 2020 sur la gouvernance de l\u2019information \u2013 Bas\u00e9 sur l\u2019observatoire 2018 et 2019, ce livre pr\u00e9sente des analyses sur le march\u00e9, les enjeux, la pr\u00e9sence d\u2019organisations d\u00e9di\u00e9es \u00e0 la gouvernance de l\u2019information ainsi que des \u00e9l\u00e9ments pour appr\u00e9hender le futur. Premier Benchmark\u00a0\u00e0&#8230;\n\n<hr \/>\n\nCat\u00e9gorie = <a href=\"https:\/\/gouvinfo.org\/IAI\/dwnl_category\/benchmark\/\" rel=\"tag\">Benchmark<\/a>\n<div style=\"margin-top: 15px;\"><\/div>\n<\/div>\n<div class=\"col-md-4\">\n<table class=\"table table-bordered table-striped\">\n<tbody>\n<tr>\n<td>Taille<\/td>\n<td>5 Mo<\/td>\n<\/tr>\n<tr>\n<td>T\u00e9l\u00e9charg\u00e9<\/td>\n<td>1350 fois<\/td>\n<\/tr>\n<tr>\n<td>Date <\/td>\n<td> 1 avril 2020 <\/td>\n<\/tr>\n<tr>\n<td style=\"text-align: center;\" colspan=\"2\"><a href='#unlock' class='wpdm-download-link wpdm-download-locked btn btn-primary ' data-package='33316'>T\u00e9l\u00e9charger<\/a><\/td>\n<\/tr>\n<\/tbody>\n<\/table>\n<\/div>\n<\/div>\n<\/div>\n<\/div>\n<\/div>\n\n<hr noshade=\"noshade\" size=\"1\" \/><\/div><div class='col-lg-12 col-md-12 col-12'><div class=\"clear\"><\/div>\n<div class=\"row\">\n<div class=\"col-md-12\">\n<div class=\"thumbnail\">\n<div class=\"row\">\n<div class=\"col-md-3\"><img class='wpdm-thumb wpdm-thumb-200x200 wpdm-thumb-33317' src='https:\/\/i0.wp.com\/gouvinfo.org\/IAI\/wp-content\/uploads\/GouvInfo-LB-Benchmark-Observatoire-2015-1.png?resize=200,200' alt='Benchmark observatoire #GouvInfo (\u00e9dition 15\/16 - 2016)' \/><\/div>\n<div class=\"col-md-5\"><strong>Benchmark observatoire #GouvInfo (\u00e9dition 15\/16 &#8211; 2016)<\/strong><\/a>\nBenchmark 2016 sur la gouvernance de l&#8217;information \u2013 Bas\u00e9 sur l\u2019observatoire 2015-2016 avec 1032 participants de 479 organisations francophones &#8211; Ce livre pr\u00e9sente des analyses sur le march\u00e9, les enjeux, la pr\u00e9sence d\u2019organisations d\u00e9di\u00e9es \u00e0 la gouvernance de l\u2019information ainsi que des&#8230;\n\n<hr \/>\n\nCat\u00e9gorie = <a href=\"https:\/\/gouvinfo.org\/IAI\/dwnl_category\/benchmark\/\" rel=\"tag\">Benchmark<\/a>\n<div style=\"margin-top: 15px;\"><\/div>\n<\/div>\n<div class=\"col-md-4\">\n<table class=\"table table-bordered table-striped\">\n<tbody>\n<tr>\n<td>Taille<\/td>\n<td>15 Mo<\/td>\n<\/tr>\n<tr>\n<td>T\u00e9l\u00e9charg\u00e9<\/td>\n<td>1071 fois<\/td>\n<\/tr>\n<tr>\n<td>Date <\/td>\n<td> 1 octobre 2015 <\/td>\n<\/tr>\n<tr>\n<td style=\"text-align: center;\" colspan=\"2\"><a href='#unlock' class='wpdm-download-link wpdm-download-locked btn btn-primary ' data-package='33317'>T\u00e9l\u00e9charger<\/a><\/td>\n<\/tr>\n<\/tbody>\n<\/table>\n<\/div>\n<\/div>\n<\/div>\n<\/div>\n<\/div>\n\n<hr noshade=\"noshade\" size=\"1\" \/><\/div><div class='col-lg-12 col-md-12 col-12'><div class=\"clear\"><\/div>\n<div class=\"row\">\n<div class=\"col-md-12\">\n<div class=\"thumbnail\">\n<div class=\"row\">\n<div class=\"col-md-3\"><img class='wpdm-thumb wpdm-thumb-200x200 wpdm-thumb-33319' src='https:\/\/i0.wp.com\/gouvinfo.org\/IAI\/wp-content\/uploads\/Livre-blanc-Analyse-2014-2015.jpg?resize=200,200' alt='Benchmark observatoire #GouvInfo (\u00e9dition 14\/15 \u2013 2015)' \/><\/div>\n<div class=\"col-md-5\"><strong>Benchmark observatoire #GouvInfo (\u00e9dition 14\/15 \u2013 2015)<\/strong><\/a>\nBenchmark 2015 sur la gouvernance de l&#8217;information \u2013 Bas\u00e9 sur l&#8217;observatoire 2014-2015, ce livre pr\u00e9sente des analyses sur le march\u00e9, les enjeux, la pr\u00e9sence d&#8217;organisations d\u00e9di\u00e9es \u00e0 la gouvernance de l&#8217;information ainsi que des \u00e9l\u00e9ments pour appr\u00e9hender le futur. Un zoom est donn\u00e9 sur&#8230;\n\n<hr \/>\n\nCat\u00e9gorie = <a href=\"https:\/\/gouvinfo.org\/IAI\/dwnl_category\/benchmark\/\" rel=\"tag\">Benchmark<\/a>\n<div style=\"margin-top: 15px;\"><\/div>\n<\/div>\n<div class=\"col-md-4\">\n<table class=\"table table-bordered table-striped\">\n<tbody>\n<tr>\n<td>Taille<\/td>\n<td>3 Mo<\/td>\n<\/tr>\n<tr>\n<td>T\u00e9l\u00e9charg\u00e9<\/td>\n<td>1399 fois<\/td>\n<\/tr>\n<tr>\n<td>Date <\/td>\n<td> 15 mai 2015 <\/td>\n<\/tr>\n<tr>\n<td style=\"text-align: center;\" colspan=\"2\"><a href='#unlock' class='wpdm-download-link wpdm-download-locked btn btn-primary ' data-package='33319'>T\u00e9l\u00e9charger<\/a><\/td>\n<\/tr>\n<\/tbody>\n<\/table>\n<\/div>\n<\/div>\n<\/div>\n<\/div>\n<\/div>\n\n<hr noshade=\"noshade\" size=\"1\" \/><\/div><\/div>            <div style='clear:both'><\/div><div class='text-center'><ul class='pagination wpdm-pagination pagination-centered text-center async'><\/ul><\/div><div style='clear:both'><\/div>        <\/div>\n\n        <div style='clear:both'><\/div>\n    <\/div>\n<\/div>\n<\/section>\r\n<p>&nbsp;<\/p>\r\n","protected":false},"excerpt":{"rendered":"<p>&nbsp;<\/p>\n","protected":false},"author":10002,"featured_media":34263,"parent":0,"menu_order":0,"comment_status":"closed","ping_status":"closed","template":"","meta":{"_et_pb_use_builder":"off","_et_pb_old_content":"","_et_gb_content_width":"","jetpack_post_was_ever_published":false,"footnotes":""},"class_list":["post-33312","page","type-page","status-publish","has-post-thumbnail","hentry"],"yoast_head":"<!-- This site is optimized with the Yoast SEO plugin v27.5 - https:\/\/yoast.com\/product\/yoast-seo-wordpress\/ -->\n<title>Benchmarks gouvernance de l&#039;information - #GouvInfo<\/title>\n<meta name=\"description\" content=\"La communaut\u00e9 de l&#039;info fait du flux Information un des fondamentaux de nos organisations, pour favoriser une bonne gouvernance de l&#039;information - IAI.\" \/>\n<meta name=\"robots\" content=\"index, follow, max-snippet:-1, max-image-preview:large, max-video-preview:-1\" \/>\n<link rel=\"canonical\" href=\"https:\/\/gouvinfo.org\/IAI\/benchmarks-gouvernance-de-linformation\/\" \/>\n<meta property=\"og:locale\" content=\"fr_FR\" \/>\n<meta property=\"og:type\" content=\"article\" \/>\n<meta property=\"og:title\" content=\"Benchmarks gouvernance de l&#039;information - #GouvInfo\" \/>\n<meta property=\"og:description\" content=\"La communaut\u00e9 de l&#039;info fait du flux Information un des fondamentaux de nos organisations, pour favoriser une bonne gouvernance de l&#039;information - IAI.\" \/>\n<meta property=\"og:url\" content=\"https:\/\/gouvinfo.org\/IAI\/benchmarks-gouvernance-de-linformation\/\" \/>\n<meta property=\"og:site_name\" content=\"#GouvInfo\" \/>\n<meta property=\"article:modified_time\" content=\"2022-10-04T05:35:19+00:00\" \/>\n<meta property=\"og:image\" content=\"https:\/\/gouvinfo.org\/IAI\/wp-content\/uploads\/Benchmark-2022-Page-de-garde.png\" \/>\n\t<meta property=\"og:image:width\" content=\"686\" \/>\n\t<meta property=\"og:image:height\" content=\"978\" \/>\n\t<meta property=\"og:image:type\" content=\"image\/png\" \/>\n<meta name=\"twitter:card\" content=\"summary_large_image\" \/>\n<meta name=\"twitter:site\" content=\"@gouvinfo\" \/>\n<script type=\"application\/ld+json\" class=\"yoast-schema-graph\">{\"@context\":\"https:\\\/\\\/schema.org\",\"@graph\":[{\"@type\":\"WebPage\",\"@id\":\"https:\\\/\\\/gouvinfo.org\\\/IAI\\\/benchmarks-gouvernance-de-linformation\\\/\",\"url\":\"https:\\\/\\\/gouvinfo.org\\\/IAI\\\/benchmarks-gouvernance-de-linformation\\\/\",\"name\":\"Benchmarks gouvernance de l'information - #GouvInfo\",\"isPartOf\":{\"@id\":\"https:\\\/\\\/gouvinfo.org\\\/IAI\\\/#website\"},\"primaryImageOfPage\":{\"@id\":\"https:\\\/\\\/gouvinfo.org\\\/IAI\\\/benchmarks-gouvernance-de-linformation\\\/#primaryimage\"},\"image\":{\"@id\":\"https:\\\/\\\/gouvinfo.org\\\/IAI\\\/benchmarks-gouvernance-de-linformation\\\/#primaryimage\"},\"thumbnailUrl\":\"https:\\\/\\\/i0.wp.com\\\/gouvinfo.org\\\/IAI\\\/wp-content\\\/uploads\\\/Benchmark-2022-Page-de-garde.png?fit=686%2C978&ssl=1\",\"datePublished\":\"2021-02-01T14:34:10+00:00\",\"dateModified\":\"2022-10-04T05:35:19+00:00\",\"description\":\"La communaut\u00e9 de l'info fait du flux Information un des fondamentaux de nos organisations, pour favoriser une bonne gouvernance de l'information - IAI.\",\"inLanguage\":\"fr-FR\",\"potentialAction\":[{\"@type\":\"ReadAction\",\"target\":[\"https:\\\/\\\/gouvinfo.org\\\/IAI\\\/benchmarks-gouvernance-de-linformation\\\/\"]}]},{\"@type\":\"ImageObject\",\"inLanguage\":\"fr-FR\",\"@id\":\"https:\\\/\\\/gouvinfo.org\\\/IAI\\\/benchmarks-gouvernance-de-linformation\\\/#primaryimage\",\"url\":\"https:\\\/\\\/i0.wp.com\\\/gouvinfo.org\\\/IAI\\\/wp-content\\\/uploads\\\/Benchmark-2022-Page-de-garde.png?fit=686%2C978&ssl=1\",\"contentUrl\":\"https:\\\/\\\/i0.wp.com\\\/gouvinfo.org\\\/IAI\\\/wp-content\\\/uploads\\\/Benchmark-2022-Page-de-garde.png?fit=686%2C978&ssl=1\",\"width\":686,\"height\":978},{\"@type\":\"WebSite\",\"@id\":\"https:\\\/\\\/gouvinfo.org\\\/IAI\\\/#website\",\"url\":\"https:\\\/\\\/gouvinfo.org\\\/IAI\\\/\",\"name\":\"#GouvInfo\",\"description\":\"D\u00e9velopper une vue globale des donn\u00e9es et de leurs gouvernances\",\"potentialAction\":[{\"@type\":\"SearchAction\",\"target\":{\"@type\":\"EntryPoint\",\"urlTemplate\":\"https:\\\/\\\/gouvinfo.org\\\/IAI\\\/?s={search_term_string}\"},\"query-input\":{\"@type\":\"PropertyValueSpecification\",\"valueRequired\":true,\"valueName\":\"search_term_string\"}}],\"inLanguage\":\"fr-FR\"}]}<\/script>\n<!-- \/ Yoast SEO plugin. -->","yoast_head_json":{"title":"Benchmarks gouvernance de l'information - #GouvInfo","description":"La communaut\u00e9 de l'info fait du flux Information un des fondamentaux de nos organisations, pour favoriser une bonne gouvernance de l'information - IAI.","robots":{"index":"index","follow":"follow","max-snippet":"max-snippet:-1","max-image-preview":"max-image-preview:large","max-video-preview":"max-video-preview:-1"},"canonical":"https:\/\/gouvinfo.org\/IAI\/benchmarks-gouvernance-de-linformation\/","og_locale":"fr_FR","og_type":"article","og_title":"Benchmarks gouvernance de l'information - #GouvInfo","og_description":"La communaut\u00e9 de l'info fait du flux Information un des fondamentaux de nos organisations, pour favoriser une bonne gouvernance de l'information - IAI.","og_url":"https:\/\/gouvinfo.org\/IAI\/benchmarks-gouvernance-de-linformation\/","og_site_name":"#GouvInfo","article_modified_time":"2022-10-04T05:35:19+00:00","og_image":[{"width":686,"height":978,"url":"https:\/\/gouvinfo.org\/IAI\/wp-content\/uploads\/Benchmark-2022-Page-de-garde.png","type":"image\/png"}],"twitter_card":"summary_large_image","twitter_site":"@gouvinfo","schema":{"@context":"https:\/\/schema.org","@graph":[{"@type":"WebPage","@id":"https:\/\/gouvinfo.org\/IAI\/benchmarks-gouvernance-de-linformation\/","url":"https:\/\/gouvinfo.org\/IAI\/benchmarks-gouvernance-de-linformation\/","name":"Benchmarks gouvernance de l'information - #GouvInfo","isPartOf":{"@id":"https:\/\/gouvinfo.org\/IAI\/#website"},"primaryImageOfPage":{"@id":"https:\/\/gouvinfo.org\/IAI\/benchmarks-gouvernance-de-linformation\/#primaryimage"},"image":{"@id":"https:\/\/gouvinfo.org\/IAI\/benchmarks-gouvernance-de-linformation\/#primaryimage"},"thumbnailUrl":"https:\/\/i0.wp.com\/gouvinfo.org\/IAI\/wp-content\/uploads\/Benchmark-2022-Page-de-garde.png?fit=686%2C978&ssl=1","datePublished":"2021-02-01T14:34:10+00:00","dateModified":"2022-10-04T05:35:19+00:00","description":"La communaut\u00e9 de l'info fait du flux Information un des fondamentaux de nos organisations, pour favoriser une bonne gouvernance de l'information - IAI.","inLanguage":"fr-FR","potentialAction":[{"@type":"ReadAction","target":["https:\/\/gouvinfo.org\/IAI\/benchmarks-gouvernance-de-linformation\/"]}]},{"@type":"ImageObject","inLanguage":"fr-FR","@id":"https:\/\/gouvinfo.org\/IAI\/benchmarks-gouvernance-de-linformation\/#primaryimage","url":"https:\/\/i0.wp.com\/gouvinfo.org\/IAI\/wp-content\/uploads\/Benchmark-2022-Page-de-garde.png?fit=686%2C978&ssl=1","contentUrl":"https:\/\/i0.wp.com\/gouvinfo.org\/IAI\/wp-content\/uploads\/Benchmark-2022-Page-de-garde.png?fit=686%2C978&ssl=1","width":686,"height":978},{"@type":"WebSite","@id":"https:\/\/gouvinfo.org\/IAI\/#website","url":"https:\/\/gouvinfo.org\/IAI\/","name":"#GouvInfo","description":"D\u00e9velopper une vue globale des donn\u00e9es et de leurs gouvernances","potentialAction":[{"@type":"SearchAction","target":{"@type":"EntryPoint","urlTemplate":"https:\/\/gouvinfo.org\/IAI\/?s={search_term_string}"},"query-input":{"@type":"PropertyValueSpecification","valueRequired":true,"valueName":"search_term_string"}}],"inLanguage":"fr-FR"}]}},"jetpack_shortlink":"https:\/\/wp.me\/P3WHBZ-8Fi","jetpack_sharing_enabled":true,"_links":{"self":[{"href":"https:\/\/gouvinfo.org\/IAI\/wp-json\/wp\/v2\/pages\/33312","targetHints":{"allow":["GET"]}}],"collection":[{"href":"https:\/\/gouvinfo.org\/IAI\/wp-json\/wp\/v2\/pages"}],"about":[{"href":"https:\/\/gouvinfo.org\/IAI\/wp-json\/wp\/v2\/types\/page"}],"author":[{"embeddable":true,"href":"https:\/\/gouvinfo.org\/IAI\/wp-json\/wp\/v2\/users\/10002"}],"replies":[{"embeddable":true,"href":"https:\/\/gouvinfo.org\/IAI\/wp-json\/wp\/v2\/comments?post=33312"}],"version-history":[{"count":6,"href":"https:\/\/gouvinfo.org\/IAI\/wp-json\/wp\/v2\/pages\/33312\/revisions"}],"predecessor-version":[{"id":34473,"href":"https:\/\/gouvinfo.org\/IAI\/wp-json\/wp\/v2\/pages\/33312\/revisions\/34473"}],"wp:featuredmedia":[{"embeddable":true,"href":"https:\/\/gouvinfo.org\/IAI\/wp-json\/wp\/v2\/media\/34263"}],"wp:attachment":[{"href":"https:\/\/gouvinfo.org\/IAI\/wp-json\/wp\/v2\/media?parent=33312"}],"curies":[{"name":"wp","href":"https:\/\/api.w.org\/{rel}","templated":true}]}}