{"id":33324,"date":"2021-02-02T15:34:58","date_gmt":"2021-02-02T14:34:58","guid":{"rendered":"https:\/\/www.gouvinfo.org\/IAI\/?page_id=33324"},"modified":"2022-10-04T07:36:47","modified_gmt":"2022-10-04T05:36:47","slug":"ocean-bleu-de-la-gouvernance-de-linformation","status":"publish","type":"page","link":"https:\/\/gouvinfo.org\/IAI\/ocean-bleu-de-la-gouvernance-de-linformation\/","title":{"rendered":"Oc\u00e9an Bleu de la gouvernance de l\u2019information"},"content":{"rendered":"<section class='__wpdm_gb_section __wpdm_gb_category'><div class='w3eden'>\n    <div class=''>\n        <h2><h3>Recueil de t\u00e9moignages Oc\u00e9an Bleu <\/h3><\/h2>                <form method=\"get\" class=\"__wpdm_submit_async\" data-container=\"#content_wpdm_packages_1\" id=\"sc_form_wpdm_packages_1\" style=\"margin-bottom: 15px\">\n                <div class=\"panel panel-default card category-panel wpdm-shortcode-toolbar\">\n                <div class=\"panel-body card-body\">\n                    <div class=\"media\">\n                                                <div class=\"media-body\">\n                            <h3 style=\"margin: 0\"><h3>Recueil de t\u00e9moignages Oc\u00e9an Bleu <\/h3><\/h3>\n                                                    <\/div>\n                    <\/div>\n                <\/div>\n                <div class=\"panel-footer card-footer\">\n                    <div class=\"row\">\n                        <div class=\"col-lg-6 col-md-12\">\n                            <input type=\"text\" name=\"skw\" value=\"\" placeholder=\"Recherche par mots cl\u00e9s\u2026\" class=\"form-control\" \/>\n                        <\/div>\n                        <div class=\"col-lg-2 col-md-4\">\n                            <select name=\"orderby\" class=\"wpdm-custom-select custom-select\">\n                                <option value=\"date\" disabled=\"disabled\">Trier par\u00a0:<\/option>\n                                <option value=\"date\" >Date de publication<\/option>\n                                <option value=\"title\" >Titre<\/option>\n                                <option value=\"update_date\" >Date de mise \u00e0 jour<\/option>\n                                <option value=\"downloads\" >T\u00e9l\u00e9chargements<\/option>\n                                <option value=\"views\" >Vues<\/option>\n                            <\/select>\n                        <\/div>\n                        <div class=\"col-lg-2 col-md-4\">\n                            <select name=\"order\" class=\"wpdm-custom-select custom-select\">\n                                <option value=\"desc\" disabled=\"disabled\">Tri\u00a0:<\/option>\n                                <option value=\"desc\" >D\u00e9croissant<\/option>\n                                <option value=\"asc\" >Croissant<\/option>\n                            <\/select>\n                        <\/div>\n                        <div class=\"col-lg-2 col-md-4\">\n                            <button type=\"submit\" class=\"btn btn-secondary btn-block\">Appliquer le filtre<\/button>\n                        <\/div>\n                    <\/div>\n\n                <\/div>\n            <\/div>\n            <\/form>\n<div class=\"spacer mb-3 d-block clearfix\"><\/div>\n        <div id=\"content_wpdm_packages_1\">\n            <div class='row'><div class='col-lg-12 col-md-12 col-12'><div class=\"clear\"><\/div>\n<div class=\"row\">\n<div class=\"col-md-12\">\n<div class=\"thumbnail\">\n<div class=\"row\">\n<div class=\"col-md-3\"><img class='wpdm-thumb wpdm-thumb-200x200 wpdm-thumb-4794' src='https:\/\/i0.wp.com\/gouvinfo.org\/IAI\/wp-content\/uploads\/GouvInfo-Ocean-bleu-3-2020.png?resize=200,200' alt='Livre de t\u00e9moignages Oc\u00e9an Bleu (\u00e9dition ex\u00e9cutive)' \/><\/div>\n<div class=\"col-md-5\"><strong>Livre de t\u00e9moignages Oc\u00e9an Bleu (\u00e9dition ex\u00e9cutive)<\/strong><\/a>\nLivre t\u00e9moignage tr\u00e8s orient\u00e9 vers l\u2019ex\u00e9cutif de nos organisations, cet ouvrage implique les t\u00e9moignages de G\u00e9rard Bagnoud, UNIRIS \u2013 Christophe Binot, TOTAL \u2013 Marc Borry, Police F\u00e9d\u00e9rale de Belgique \u2013 Yael Cohen Hadria, Marvell Avocats \u2013 Olivier de Boisboissel, PAGE \u2013 Marie-Laurence&#8230;\n\n<hr \/>\n\nCat\u00e9gorie = <a href=\"https:\/\/gouvinfo.org\/IAI\/dwnl_category\/ocean-bleu\/\" rel=\"tag\">Oc\u00e9an bleu<\/a>\n<div style=\"margin-top: 15px;\"><\/div>\n<\/div>\n<div class=\"col-md-4\">\n<table class=\"table table-bordered table-striped\">\n<tbody>\n<tr>\n<td>Taille<\/td>\n<td>8 Mo<\/td>\n<\/tr>\n<tr>\n<td>T\u00e9l\u00e9charg\u00e9<\/td>\n<td>930 fois<\/td>\n<\/tr>\n<tr>\n<td>Date <\/td>\n<td> 29 avril 2020 <\/td>\n<\/tr>\n<tr>\n<td style=\"text-align: center;\" colspan=\"2\"><a href='#unlock' class='wpdm-download-link wpdm-download-locked btn btn-primary ' data-package='4794'>T\u00e9l\u00e9charger<\/a><\/td>\n<\/tr>\n<\/tbody>\n<\/table>\n<\/div>\n<\/div>\n<\/div>\n<\/div>\n<\/div>\n\n<hr noshade=\"noshade\" size=\"1\" \/><\/div><div class='col-lg-12 col-md-12 col-12'><div class=\"clear\"><\/div>\n<div class=\"row\">\n<div class=\"col-md-12\">\n<div class=\"thumbnail\">\n<div class=\"row\">\n<div class=\"col-md-3\"><img class='wpdm-thumb wpdm-thumb-200x200 wpdm-thumb-33326' src='https:\/\/i0.wp.com\/gouvinfo.org\/IAI\/wp-content\/uploads\/GouvInfo-Ocean-bleu-2-2015.png?resize=200,200' alt='Livre de t\u00e9moignages Oc\u00e9an Bleu (\u00e9dition valorisation et gouvernance)' \/><\/div>\n<div class=\"col-md-5\"><strong>Livre de t\u00e9moignages Oc\u00e9an Bleu (\u00e9dition valorisation et gouvernance)<\/strong><\/a>\nLivre t\u00e9moignage 2015 \u2013 Recueil d\u2019exp\u00e9rience et de points de vue sp\u00e9cifiques \u00e0 la valorisation et \u00e0 la gouvernance de l\u2019information. (T\u00e9moignages de Arnaud Massias (Liebherr Aerospace Toulouse), Gregory Maubon (RA\u2019Pro), Christophe Binot (Total), Marc Borry (Police F\u00e9d\u00e9ral Belge), Fr\u00e9d\u00e9ric&#8230;\n\n<hr \/>\n\nCat\u00e9gorie = <a href=\"https:\/\/gouvinfo.org\/IAI\/dwnl_category\/ocean-bleu\/\" rel=\"tag\">Oc\u00e9an bleu<\/a>\n<div style=\"margin-top: 15px;\"><\/div>\n<\/div>\n<div class=\"col-md-4\">\n<table class=\"table table-bordered table-striped\">\n<tbody>\n<tr>\n<td>Taille<\/td>\n<td>4 Mo<\/td>\n<\/tr>\n<tr>\n<td>T\u00e9l\u00e9charg\u00e9<\/td>\n<td>976 fois<\/td>\n<\/tr>\n<tr>\n<td>Date <\/td>\n<td> 2 avril 2015 <\/td>\n<\/tr>\n<tr>\n<td style=\"text-align: center;\" colspan=\"2\"><a href='#unlock' class='wpdm-download-link wpdm-download-locked btn btn-primary ' data-package='33326'>T\u00e9l\u00e9charger<\/a><\/td>\n<\/tr>\n<\/tbody>\n<\/table>\n<\/div>\n<\/div>\n<\/div>\n<\/div>\n<\/div>\n\n<hr noshade=\"noshade\" size=\"1\" \/><\/div><div class='col-lg-12 col-md-12 col-12'><div class=\"clear\"><\/div>\n<div class=\"row\">\n<div class=\"col-md-12\">\n<div class=\"thumbnail\">\n<div class=\"row\">\n<div class=\"col-md-3\"><img class='wpdm-thumb wpdm-thumb-200x200 wpdm-thumb-33327' src='https:\/\/i0.wp.com\/gouvinfo.org\/IAI\/wp-content\/uploads\/GouvInfo-Ocean-bleu-1-2013.png?resize=200,200' alt='Livre de t\u00e9moignages Oc\u00e9an Bleu (\u00e9dition visuelle)' \/><\/div>\n<div class=\"col-md-5\"><strong>Livre de t\u00e9moignages Oc\u00e9an Bleu (\u00e9dition visuelle)<\/strong><\/a>\nLivre t\u00e9moignage sur la gouvernance de l\u2019information -Un ouvrage tr\u00e8s visuel avec une participation de plus de 50 personnes venant de 40 organisations. Afin de sensibiliser sur l&#8217;importance \u00e0 se mobiliser pour ma\u00eetriser le flux Information. Ce livre pr\u00e9sente aussi les r\u00e9sultats de l&#8217;observatoire&#8230;\n\n<hr \/>\n\nCat\u00e9gorie = <a href=\"https:\/\/gouvinfo.org\/IAI\/dwnl_category\/ocean-bleu\/\" rel=\"tag\">Oc\u00e9an bleu<\/a>\n<div style=\"margin-top: 15px;\"><\/div>\n<\/div>\n<div class=\"col-md-4\">\n<table class=\"table table-bordered table-striped\">\n<tbody>\n<tr>\n<td>Taille<\/td>\n<td>160 Mo<\/td>\n<\/tr>\n<tr>\n<td>T\u00e9l\u00e9charg\u00e9<\/td>\n<td>2864 fois<\/td>\n<\/tr>\n<tr>\n<td>Date <\/td>\n<td> 2 juin 2013 <\/td>\n<\/tr>\n<tr>\n<td style=\"text-align: center;\" colspan=\"2\"><a href='#unlock' class='wpdm-download-link wpdm-download-locked btn btn-primary ' data-package='33327'>T\u00e9l\u00e9charger<\/a><\/td>\n<\/tr>\n<\/tbody>\n<\/table>\n<\/div>\n<\/div>\n<\/div>\n<\/div>\n<\/div>\n\n<hr noshade=\"noshade\" size=\"1\" \/><\/div><\/div>            <div style='clear:both'><\/div><div class='text-center'><ul class='pagination wpdm-pagination pagination-centered text-center async'><\/ul><\/div><div style='clear:both'><\/div>        <\/div>\n\n        <div style='clear:both'><\/div>\n    <\/div>\n<\/div>\n<\/section>\r\n\r\n","protected":false},"excerpt":{"rendered":"","protected":false},"author":10002,"featured_media":4881,"parent":0,"menu_order":0,"comment_status":"closed","ping_status":"closed","template":"","meta":{"_et_pb_use_builder":"","_et_pb_old_content":"","_et_gb_content_width":"","jetpack_post_was_ever_published":false,"footnotes":""},"class_list":["post-33324","page","type-page","status-publish","has-post-thumbnail","hentry"],"yoast_head":"<!-- This site is optimized with the Yoast SEO plugin v27.5 - https:\/\/yoast.com\/product\/yoast-seo-wordpress\/ -->\n<title>Oc\u00e9an Bleu de la gouvernance de l\u2019information - #GouvInfo<\/title>\n<meta name=\"description\" content=\"La communaut\u00e9 de l&#039;info fait du flux Information un des fondamentaux de nos organisations, pour favoriser une bonne gouvernance de l&#039;information - IAI.\" \/>\n<meta name=\"robots\" content=\"index, follow, max-snippet:-1, max-image-preview:large, max-video-preview:-1\" \/>\n<link rel=\"canonical\" href=\"https:\/\/gouvinfo.org\/IAI\/ocean-bleu-de-la-gouvernance-de-linformation\/\" \/>\n<meta property=\"og:locale\" content=\"fr_FR\" \/>\n<meta property=\"og:type\" content=\"article\" \/>\n<meta property=\"og:title\" content=\"Oc\u00e9an Bleu de la gouvernance de l\u2019information - #GouvInfo\" \/>\n<meta property=\"og:description\" content=\"La communaut\u00e9 de l&#039;info fait du flux Information un des fondamentaux de nos organisations, pour favoriser une bonne gouvernance de l&#039;information - IAI.\" \/>\n<meta property=\"og:url\" content=\"https:\/\/gouvinfo.org\/IAI\/ocean-bleu-de-la-gouvernance-de-linformation\/\" \/>\n<meta property=\"og:site_name\" content=\"#GouvInfo\" \/>\n<meta property=\"article:modified_time\" content=\"2022-10-04T05:36:47+00:00\" \/>\n<meta property=\"og:image\" content=\"https:\/\/gouvinfo.org\/IAI\/wp-content\/uploads\/GouvInfo-Ocean-bleu-3-2020.png\" \/>\n\t<meta property=\"og:image:width\" content=\"1206\" \/>\n\t<meta property=\"og:image:height\" content=\"1694\" \/>\n\t<meta property=\"og:image:type\" content=\"image\/png\" \/>\n<meta name=\"twitter:card\" content=\"summary_large_image\" \/>\n<meta name=\"twitter:site\" content=\"@gouvinfo\" \/>\n<script type=\"application\/ld+json\" class=\"yoast-schema-graph\">{\"@context\":\"https:\\\/\\\/schema.org\",\"@graph\":[{\"@type\":\"WebPage\",\"@id\":\"https:\\\/\\\/gouvinfo.org\\\/IAI\\\/ocean-bleu-de-la-gouvernance-de-linformation\\\/\",\"url\":\"https:\\\/\\\/gouvinfo.org\\\/IAI\\\/ocean-bleu-de-la-gouvernance-de-linformation\\\/\",\"name\":\"Oc\u00e9an Bleu de la gouvernance de l\u2019information - #GouvInfo\",\"isPartOf\":{\"@id\":\"https:\\\/\\\/gouvinfo.org\\\/IAI\\\/#website\"},\"primaryImageOfPage\":{\"@id\":\"https:\\\/\\\/gouvinfo.org\\\/IAI\\\/ocean-bleu-de-la-gouvernance-de-linformation\\\/#primaryimage\"},\"image\":{\"@id\":\"https:\\\/\\\/gouvinfo.org\\\/IAI\\\/ocean-bleu-de-la-gouvernance-de-linformation\\\/#primaryimage\"},\"thumbnailUrl\":\"https:\\\/\\\/i0.wp.com\\\/gouvinfo.org\\\/IAI\\\/wp-content\\\/uploads\\\/GouvInfo-Ocean-bleu-3-2020.png?fit=1206%2C1694&ssl=1\",\"datePublished\":\"2021-02-02T14:34:58+00:00\",\"dateModified\":\"2022-10-04T05:36:47+00:00\",\"description\":\"La communaut\u00e9 de l'info fait du flux Information un des fondamentaux de nos organisations, pour favoriser une bonne gouvernance de l'information - IAI.\",\"inLanguage\":\"fr-FR\",\"potentialAction\":[{\"@type\":\"ReadAction\",\"target\":[\"https:\\\/\\\/gouvinfo.org\\\/IAI\\\/ocean-bleu-de-la-gouvernance-de-linformation\\\/\"]}]},{\"@type\":\"ImageObject\",\"inLanguage\":\"fr-FR\",\"@id\":\"https:\\\/\\\/gouvinfo.org\\\/IAI\\\/ocean-bleu-de-la-gouvernance-de-linformation\\\/#primaryimage\",\"url\":\"https:\\\/\\\/i0.wp.com\\\/gouvinfo.org\\\/IAI\\\/wp-content\\\/uploads\\\/GouvInfo-Ocean-bleu-3-2020.png?fit=1206%2C1694&ssl=1\",\"contentUrl\":\"https:\\\/\\\/i0.wp.com\\\/gouvinfo.org\\\/IAI\\\/wp-content\\\/uploads\\\/GouvInfo-Ocean-bleu-3-2020.png?fit=1206%2C1694&ssl=1\",\"width\":1206,\"height\":1694,\"caption\":\"Ocean Bleu gouvernance de l'information #GouvInfo\"},{\"@type\":\"WebSite\",\"@id\":\"https:\\\/\\\/gouvinfo.org\\\/IAI\\\/#website\",\"url\":\"https:\\\/\\\/gouvinfo.org\\\/IAI\\\/\",\"name\":\"#GouvInfo\",\"description\":\"D\u00e9velopper une vue globale des donn\u00e9es et de leurs gouvernances\",\"potentialAction\":[{\"@type\":\"SearchAction\",\"target\":{\"@type\":\"EntryPoint\",\"urlTemplate\":\"https:\\\/\\\/gouvinfo.org\\\/IAI\\\/?s={search_term_string}\"},\"query-input\":{\"@type\":\"PropertyValueSpecification\",\"valueRequired\":true,\"valueName\":\"search_term_string\"}}],\"inLanguage\":\"fr-FR\"}]}<\/script>\n<!-- \/ Yoast SEO plugin. -->","yoast_head_json":{"title":"Oc\u00e9an Bleu de la gouvernance de l\u2019information - #GouvInfo","description":"La communaut\u00e9 de l'info fait du flux Information un des fondamentaux de nos organisations, pour favoriser une bonne gouvernance de l'information - IAI.","robots":{"index":"index","follow":"follow","max-snippet":"max-snippet:-1","max-image-preview":"max-image-preview:large","max-video-preview":"max-video-preview:-1"},"canonical":"https:\/\/gouvinfo.org\/IAI\/ocean-bleu-de-la-gouvernance-de-linformation\/","og_locale":"fr_FR","og_type":"article","og_title":"Oc\u00e9an Bleu de la gouvernance de l\u2019information - #GouvInfo","og_description":"La communaut\u00e9 de l'info fait du flux Information un des fondamentaux de nos organisations, pour favoriser une bonne gouvernance de l'information - IAI.","og_url":"https:\/\/gouvinfo.org\/IAI\/ocean-bleu-de-la-gouvernance-de-linformation\/","og_site_name":"#GouvInfo","article_modified_time":"2022-10-04T05:36:47+00:00","og_image":[{"width":1206,"height":1694,"url":"https:\/\/gouvinfo.org\/IAI\/wp-content\/uploads\/GouvInfo-Ocean-bleu-3-2020.png","type":"image\/png"}],"twitter_card":"summary_large_image","twitter_site":"@gouvinfo","schema":{"@context":"https:\/\/schema.org","@graph":[{"@type":"WebPage","@id":"https:\/\/gouvinfo.org\/IAI\/ocean-bleu-de-la-gouvernance-de-linformation\/","url":"https:\/\/gouvinfo.org\/IAI\/ocean-bleu-de-la-gouvernance-de-linformation\/","name":"Oc\u00e9an Bleu de la gouvernance de l\u2019information - #GouvInfo","isPartOf":{"@id":"https:\/\/gouvinfo.org\/IAI\/#website"},"primaryImageOfPage":{"@id":"https:\/\/gouvinfo.org\/IAI\/ocean-bleu-de-la-gouvernance-de-linformation\/#primaryimage"},"image":{"@id":"https:\/\/gouvinfo.org\/IAI\/ocean-bleu-de-la-gouvernance-de-linformation\/#primaryimage"},"thumbnailUrl":"https:\/\/i0.wp.com\/gouvinfo.org\/IAI\/wp-content\/uploads\/GouvInfo-Ocean-bleu-3-2020.png?fit=1206%2C1694&ssl=1","datePublished":"2021-02-02T14:34:58+00:00","dateModified":"2022-10-04T05:36:47+00:00","description":"La communaut\u00e9 de l'info fait du flux Information un des fondamentaux de nos organisations, pour favoriser une bonne gouvernance de l'information - IAI.","inLanguage":"fr-FR","potentialAction":[{"@type":"ReadAction","target":["https:\/\/gouvinfo.org\/IAI\/ocean-bleu-de-la-gouvernance-de-linformation\/"]}]},{"@type":"ImageObject","inLanguage":"fr-FR","@id":"https:\/\/gouvinfo.org\/IAI\/ocean-bleu-de-la-gouvernance-de-linformation\/#primaryimage","url":"https:\/\/i0.wp.com\/gouvinfo.org\/IAI\/wp-content\/uploads\/GouvInfo-Ocean-bleu-3-2020.png?fit=1206%2C1694&ssl=1","contentUrl":"https:\/\/i0.wp.com\/gouvinfo.org\/IAI\/wp-content\/uploads\/GouvInfo-Ocean-bleu-3-2020.png?fit=1206%2C1694&ssl=1","width":1206,"height":1694,"caption":"Ocean Bleu gouvernance de l'information #GouvInfo"},{"@type":"WebSite","@id":"https:\/\/gouvinfo.org\/IAI\/#website","url":"https:\/\/gouvinfo.org\/IAI\/","name":"#GouvInfo","description":"D\u00e9velopper une vue globale des donn\u00e9es et de leurs gouvernances","potentialAction":[{"@type":"SearchAction","target":{"@type":"EntryPoint","urlTemplate":"https:\/\/gouvinfo.org\/IAI\/?s={search_term_string}"},"query-input":{"@type":"PropertyValueSpecification","valueRequired":true,"valueName":"search_term_string"}}],"inLanguage":"fr-FR"}]}},"jetpack_shortlink":"https:\/\/wp.me\/P3WHBZ-8Fu","jetpack_sharing_enabled":true,"_links":{"self":[{"href":"https:\/\/gouvinfo.org\/IAI\/wp-json\/wp\/v2\/pages\/33324","targetHints":{"allow":["GET"]}}],"collection":[{"href":"https:\/\/gouvinfo.org\/IAI\/wp-json\/wp\/v2\/pages"}],"about":[{"href":"https:\/\/gouvinfo.org\/IAI\/wp-json\/wp\/v2\/types\/page"}],"author":[{"embeddable":true,"href":"https:\/\/gouvinfo.org\/IAI\/wp-json\/wp\/v2\/users\/10002"}],"replies":[{"embeddable":true,"href":"https:\/\/gouvinfo.org\/IAI\/wp-json\/wp\/v2\/comments?post=33324"}],"version-history":[{"count":1,"href":"https:\/\/gouvinfo.org\/IAI\/wp-json\/wp\/v2\/pages\/33324\/revisions"}],"predecessor-version":[{"id":33325,"href":"https:\/\/gouvinfo.org\/IAI\/wp-json\/wp\/v2\/pages\/33324\/revisions\/33325"}],"wp:featuredmedia":[{"embeddable":true,"href":"https:\/\/gouvinfo.org\/IAI\/wp-json\/wp\/v2\/media\/4881"}],"wp:attachment":[{"href":"https:\/\/gouvinfo.org\/IAI\/wp-json\/wp\/v2\/media?parent=33324"}],"curies":[{"name":"wp","href":"https:\/\/api.w.org\/{rel}","templated":true}]}}