{"id":33897,"date":"2021-07-13T09:56:54","date_gmt":"2021-07-13T07:56:54","guid":{"rendered":"https:\/\/gouvinfo.org\/IAI\/?page_id=33897"},"modified":"2021-07-13T10:29:02","modified_gmt":"2021-07-13T08:29:02","slug":"equipe-de-lassociation","status":"publish","type":"page","link":"https:\/\/gouvinfo.org\/IAI\/equipe-de-lassociation\/","title":{"rendered":"Equipe de l&#8217;association"},"content":{"rendered":"<p>[et_pb_section fb_built=&#8221;1&#8243; _builder_version=&#8221;3.22&#8243;][et_pb_row _builder_version=&#8221;3.25&#8243; background_size=&#8221;initial&#8221; background_position=&#8221;top_left&#8221; background_repeat=&#8221;repeat&#8221;][et_pb_column type=&#8221;4_4&#8243; _builder_version=&#8221;3.25&#8243; custom_padding=&#8221;|||&#8221; custom_padding__hover=&#8221;|||&#8221;][et_pb_text _builder_version=&#8221;4.9.7&#8243; background_size=&#8221;initial&#8221; background_position=&#8221;top_left&#8221; background_repeat=&#8221;repeat&#8221; hover_enabled=&#8221;0&#8243; sticky_enabled=&#8221;0&#8243;]<\/p>\n<p><!-- divi:paragraph -->L&#8217;association est anim\u00e9e et administr\u00e9e par des comit\u00e9s strat\u00e9giques.<\/p>\n<p><!-- \/divi:paragraph --><\/p>\n<p><strong>Comit\u00e9 strat\u00e9gique IAI-AWARDS :<\/strong><\/p>\n<p><!-- \/divi:paragraph --><\/p>\n<ul>\n<li><!-- divi:paragraph -->Avec en pr\u00e9sidence : Jannick LABATUT et Christophe BINOT<\/li>\n<\/ul>\n<p><!-- \/divi:paragraph --><\/p>\n<p><!-- divi:paragraph --><strong>Comit\u00e9 strat\u00e9gique prospective et d\u00e9veloppement :<\/strong><\/p>\n<p><!-- \/divi:paragraph --><\/p>\n<ul>\n<li><!-- divi:paragraph -->Avec en pr\u00e9sidence : Jean-Pascal PERREIN<\/li>\n<\/ul>\n<p><!-- \/divi:paragraph --><\/p>\n<ul>\n<li><!-- divi:paragraph -->Pr\u00e9sidence pour la certification : Pascale PRIVEY<\/li>\n<\/ul>\n<p><!-- \/divi:paragraph --><\/p>\n<ul>\n<li><!-- divi:paragraph -->Pr\u00e9sidence pour Civilizinfo : Patrick LARCHEVEQUE<\/li>\n<\/ul>\n<p><!-- \/divi:paragraph --><\/p>\n<p><!-- divi:paragraph --><strong>Comit\u00e9 strat\u00e9gique Outils<\/strong><\/p>\n<p><!-- \/divi:paragraph --><\/p>\n<ul>\n<li><!-- divi:paragraph -->Avec en pr\u00e9sidence : Florent DEWAS<\/li>\n<\/ul>\n<p><!-- \/divi:paragraph --><\/p>\n<p>[\/et_pb_text][\/et_pb_column][\/et_pb_row][\/et_pb_section]<\/p>\n","protected":false},"excerpt":{"rendered":"<p>L&#8217;association est&#8230;<\/p>\n","protected":false},"author":10002,"featured_media":0,"parent":0,"menu_order":0,"comment_status":"closed","ping_status":"closed","template":"","meta":{"_et_pb_use_builder":"on","_et_pb_old_content":"<!-- wp:paragraph -->\n<p>L'association est anim\u00e9e et administr\u00e9e par des comit\u00e9s strat\u00e9giques.<\/p>\n<!-- \/wp:paragraph -->\n\n<!-- wp:paragraph -->\n<p>Comit\u00e9 strat\u00e9gique IAI-AWARDS : <\/p>\n<!-- \/wp:paragraph -->\n\n<!-- wp:paragraph -->\n<p>Avec en pr\u00e9sidence : Jannick LABATUT et Christophe BINOT <\/p>\n<!-- \/wp:paragraph -->\n\n<!-- wp:paragraph -->\n<p>Comit\u00e9 strat\u00e9gique prospective et d\u00e9veloppement : <\/p>\n<!-- \/wp:paragraph -->\n\n<!-- wp:paragraph -->\n<p>Avec en pr\u00e9sidence : Jean-Pascal PERREIN <\/p>\n<!-- \/wp:paragraph -->\n\n<!-- wp:paragraph -->\n<p>Pr\u00e9sidence pour la certification : Pascale PRIVEY <\/p>\n<!-- \/wp:paragraph -->\n\n<!-- wp:paragraph -->\n<p>Pr\u00e9sidence pour Civilizinfo : Patrick LARCHEVEQUE \u2022 <\/p>\n<!-- \/wp:paragraph -->\n\n<!-- wp:paragraph -->\n<p>Comit\u00e9 strat\u00e9gique Outils <\/p>\n<!-- \/wp:paragraph -->\n\n<!-- wp:paragraph -->\n<p>Avec en pr\u00e9sidence :Florent DEWAS<\/p>\n<!-- \/wp:paragraph -->","_et_gb_content_width":"","footnotes":""},"class_list":["post-33897","page","type-page","status-publish","hentry"],"yoast_head":"<!-- This site is optimized with the Yoast SEO plugin v27.6 - https:\/\/yoast.com\/product\/yoast-seo-wordpress\/ -->\n<title>Equipe de l&#039;association - #GouvInfo<\/title>\n<meta name=\"description\" content=\"La communaut\u00e9 de l&#039;info fait du flux Information un des fondamentaux de nos organisations, pour favoriser une bonne gouvernance de l&#039;information - IAI.\" \/>\n<meta name=\"robots\" content=\"index, follow, max-snippet:-1, max-image-preview:large, max-video-preview:-1\" \/>\n<link rel=\"canonical\" href=\"https:\/\/gouvinfo.org\/IAI\/equipe-de-lassociation\/\" \/>\n<meta property=\"og:locale\" content=\"fr_FR\" \/>\n<meta property=\"og:type\" content=\"article\" \/>\n<meta property=\"og:title\" content=\"Equipe de l&#039;association - #GouvInfo\" \/>\n<meta property=\"og:description\" content=\"La communaut\u00e9 de l&#039;info fait du flux Information un des fondamentaux de nos organisations, pour favoriser une bonne gouvernance de l&#039;information - IAI.\" \/>\n<meta property=\"og:url\" content=\"https:\/\/gouvinfo.org\/IAI\/equipe-de-lassociation\/\" \/>\n<meta property=\"og:site_name\" content=\"#GouvInfo\" \/>\n<meta property=\"article:modified_time\" content=\"2021-07-13T08:29:02+00:00\" \/>\n<meta property=\"og:image\" content=\"https:\/\/i0.wp.com\/gouvinfo.org\/IAI\/wp-content\/uploads\/Gouvinfo-3org-Prendre-son-pied.png?fit=534%2C661&ssl=1\" \/>\n\t<meta property=\"og:image:width\" content=\"534\" \/>\n\t<meta property=\"og:image:height\" content=\"661\" \/>\n\t<meta property=\"og:image:type\" content=\"image\/png\" \/>\n<meta name=\"twitter:card\" content=\"summary_large_image\" \/>\n<meta name=\"twitter:site\" content=\"@gouvinfo\" \/>\n<meta name=\"twitter:label1\" content=\"Dur\u00e9e de lecture estim\u00e9e\" \/>\n\t<meta name=\"twitter:data1\" content=\"1 minute\" \/>\n<script type=\"application\/ld+json\" class=\"yoast-schema-graph\">{\"@context\":\"https:\\\/\\\/schema.org\",\"@graph\":[{\"@type\":\"WebPage\",\"@id\":\"https:\\\/\\\/gouvinfo.org\\\/IAI\\\/equipe-de-lassociation\\\/\",\"url\":\"https:\\\/\\\/gouvinfo.org\\\/IAI\\\/equipe-de-lassociation\\\/\",\"name\":\"Equipe de l'association - #GouvInfo\",\"isPartOf\":{\"@id\":\"https:\\\/\\\/gouvinfo.org\\\/IAI\\\/#website\"},\"datePublished\":\"2021-07-13T07:56:54+00:00\",\"dateModified\":\"2021-07-13T08:29:02+00:00\",\"description\":\"La communaut\u00e9 de l'info fait du flux Information un des fondamentaux de nos organisations, pour favoriser une bonne gouvernance de l'information - IAI.\",\"inLanguage\":\"fr-FR\",\"potentialAction\":[{\"@type\":\"ReadAction\",\"target\":[\"https:\\\/\\\/gouvinfo.org\\\/IAI\\\/equipe-de-lassociation\\\/\"]}]},{\"@type\":\"WebSite\",\"@id\":\"https:\\\/\\\/gouvinfo.org\\\/IAI\\\/#website\",\"url\":\"https:\\\/\\\/gouvinfo.org\\\/IAI\\\/\",\"name\":\"#GouvInfo\",\"description\":\"D\u00e9velopper une vue globale des donn\u00e9es et de leurs gouvernances\",\"potentialAction\":[{\"@type\":\"SearchAction\",\"target\":{\"@type\":\"EntryPoint\",\"urlTemplate\":\"https:\\\/\\\/gouvinfo.org\\\/IAI\\\/?s={search_term_string}\"},\"query-input\":{\"@type\":\"PropertyValueSpecification\",\"valueRequired\":true,\"valueName\":\"search_term_string\"}}],\"inLanguage\":\"fr-FR\"}]}<\/script>\n<!-- \/ Yoast SEO plugin. -->","yoast_head_json":{"title":"Equipe de l'association - #GouvInfo","description":"La communaut\u00e9 de l'info fait du flux Information un des fondamentaux de nos organisations, pour favoriser une bonne gouvernance de l'information - IAI.","robots":{"index":"index","follow":"follow","max-snippet":"max-snippet:-1","max-image-preview":"max-image-preview:large","max-video-preview":"max-video-preview:-1"},"canonical":"https:\/\/gouvinfo.org\/IAI\/equipe-de-lassociation\/","og_locale":"fr_FR","og_type":"article","og_title":"Equipe de l'association - #GouvInfo","og_description":"La communaut\u00e9 de l'info fait du flux Information un des fondamentaux de nos organisations, pour favoriser une bonne gouvernance de l'information - IAI.","og_url":"https:\/\/gouvinfo.org\/IAI\/equipe-de-lassociation\/","og_site_name":"#GouvInfo","article_modified_time":"2021-07-13T08:29:02+00:00","og_image":[{"width":534,"height":661,"url":"https:\/\/i0.wp.com\/gouvinfo.org\/IAI\/wp-content\/uploads\/Gouvinfo-3org-Prendre-son-pied.png?fit=534%2C661&ssl=1","type":"image\/png"}],"twitter_card":"summary_large_image","twitter_site":"@gouvinfo","twitter_misc":{"Dur\u00e9e de lecture estim\u00e9e":"1 minute"},"schema":{"@context":"https:\/\/schema.org","@graph":[{"@type":"WebPage","@id":"https:\/\/gouvinfo.org\/IAI\/equipe-de-lassociation\/","url":"https:\/\/gouvinfo.org\/IAI\/equipe-de-lassociation\/","name":"Equipe de l'association - #GouvInfo","isPartOf":{"@id":"https:\/\/gouvinfo.org\/IAI\/#website"},"datePublished":"2021-07-13T07:56:54+00:00","dateModified":"2021-07-13T08:29:02+00:00","description":"La communaut\u00e9 de l'info fait du flux Information un des fondamentaux de nos organisations, pour favoriser une bonne gouvernance de l'information - IAI.","inLanguage":"fr-FR","potentialAction":[{"@type":"ReadAction","target":["https:\/\/gouvinfo.org\/IAI\/equipe-de-lassociation\/"]}]},{"@type":"WebSite","@id":"https:\/\/gouvinfo.org\/IAI\/#website","url":"https:\/\/gouvinfo.org\/IAI\/","name":"#GouvInfo","description":"D\u00e9velopper une vue globale des donn\u00e9es et de leurs gouvernances","potentialAction":[{"@type":"SearchAction","target":{"@type":"EntryPoint","urlTemplate":"https:\/\/gouvinfo.org\/IAI\/?s={search_term_string}"},"query-input":{"@type":"PropertyValueSpecification","valueRequired":true,"valueName":"search_term_string"}}],"inLanguage":"fr-FR"}]}},"jetpack_shortlink":"https:\/\/wp.me\/P3WHBZ-8OJ","jetpack_sharing_enabled":true,"_links":{"self":[{"href":"https:\/\/gouvinfo.org\/IAI\/wp-json\/wp\/v2\/pages\/33897","targetHints":{"allow":["GET"]}}],"collection":[{"href":"https:\/\/gouvinfo.org\/IAI\/wp-json\/wp\/v2\/pages"}],"about":[{"href":"https:\/\/gouvinfo.org\/IAI\/wp-json\/wp\/v2\/types\/page"}],"author":[{"embeddable":true,"href":"https:\/\/gouvinfo.org\/IAI\/wp-json\/wp\/v2\/users\/10002"}],"replies":[{"embeddable":true,"href":"https:\/\/gouvinfo.org\/IAI\/wp-json\/wp\/v2\/comments?post=33897"}],"version-history":[{"count":2,"href":"https:\/\/gouvinfo.org\/IAI\/wp-json\/wp\/v2\/pages\/33897\/revisions"}],"predecessor-version":[{"id":33899,"href":"https:\/\/gouvinfo.org\/IAI\/wp-json\/wp\/v2\/pages\/33897\/revisions\/33899"}],"wp:attachment":[{"href":"https:\/\/gouvinfo.org\/IAI\/wp-json\/wp\/v2\/media?parent=33897"}],"curies":[{"name":"wp","href":"https:\/\/api.w.org\/{rel}","templated":true}]}}