{"id":34101,"date":"2022-01-17T09:12:01","date_gmt":"2022-01-17T08:12:01","guid":{"rendered":"https:\/\/gouvinfo.org\/IAI\/?page_id=34101"},"modified":"2023-01-27T10:54:24","modified_gmt":"2023-01-27T09:54:24","slug":"e-learning-gouvinfo","status":"publish","type":"page","link":"https:\/\/gouvinfo.org\/IAI\/e-learning-gouvinfo\/","title":{"rendered":"E-Learning GouvInfo"},"content":{"rendered":"<p>[et_pb_section fb_built=&#8221;1&#8243; admin_label=&#8221;section&#8221; _builder_version=&#8221;4.19.5&#8243; hover_enabled=&#8221;0&#8243; global_colors_info=&#8221;{}&#8221; custom_margin=&#8221;-9px|18px|-18px|18px|false|false&#8221; custom_padding=&#8221;0px|0px|0px|0px|false|false&#8221; sticky_enabled=&#8221;0&#8243;][et_pb_row _builder_version=&#8221;4.16&#8243; _module_preset=&#8221;default&#8221; global_colors_info=&#8221;{}&#8221;][et_pb_column type=&#8221;4_4&#8243; _builder_version=&#8221;4.16&#8243; _module_preset=&#8221;default&#8221; global_colors_info=&#8221;{}&#8221;][et_pb_blurb title=&#8221;Un syst\u00e8me souple, adaptable \u00e0 votre disponibilit\u00e9 et \u00e0 votre entreprise&#8221; _builder_version=&#8221;4.19.5&#8243; _module_preset=&#8221;default&#8221; hover_enabled=&#8221;0&#8243; sticky_enabled=&#8221;0&#8243; content_max_width=&#8221;100%&#8221; header_level=&#8221;h3&#8243; header_font=&#8221;|600||||on|||&#8221; header_text_align=&#8221;center&#8221; body_text_align=&#8221;center&#8221; background_color=&#8221;#000063&#8243; text_orientation=&#8221;center&#8221; background_layout=&#8221;dark&#8221; header_line_height=&#8221;1.8em&#8221; body_font=&#8221;||||||||&#8221; body_line_height=&#8221;1.2em&#8221; body_font_size=&#8221;16px&#8221; custom_padding=&#8221;6px|9px|6px|9px|false|false&#8221; box_shadow_style=&#8221;preset1&#8243; header_font_size=&#8221;26px&#8221;]<\/p>\n<p style=\"text-align: center;\">\n<p style=\"text-align: center;\">Nos E-Learning sont con\u00e7us pour \u00eatre <strong>modulable<\/strong> et s&#8217;adapter \u00e0 un programme personnalis\u00e9 que vous pourriez n\u00e9cessiter.<\/p>\n<p style=\"text-align: center;\">Nous pouvons ainsi les ajuster pour :\u00a0 <span>\u25fd<\/span>aider \u00e0 la prise de d\u00e9cision <strong>ex\u00e9cutive <\/strong>\u00a0 <span>\u25fd<\/span>d\u00e9velopper un <strong>langage commun<\/strong> aupr\u00e8s de vos correspondants\u00a0 <span>\u25fd<\/span>initier une <strong>op\u00e9ration de sensibilisation<\/strong> sur une population large<\/p>\n<p style=\"text-align: center;\">Pour augmenter leur port\u00e9e et int\u00e9r\u00eat, ils peuvent \u00eatre associ\u00e9s :\u00a0 \u00a0<span>\u25fd<\/span>\u00e0 des<strong> jeux<\/strong> de GouvInfo (cartes \u00e0 jouer, jeu de r\u00f4le, Civilizinfo ..)\u00a0 \u00a0 <span>\u25fd<\/span>\u00e0 un <em>sondage<\/em> ou <strong>barom\u00e8tre<\/strong> interne\u00a0 <span>\u25fd<\/span>\u00e0 une s\u00e9rie d&#8217;<em>atelier de travail<\/em> ou d&#8217;<strong>acculturation<\/strong>.<\/p>\n<p style=\"text-align: center;\">\n<p style=\"text-align: center;\">\n<h5 style=\"text-align: center;\"><span style=\"text-decoration: underline; color: #ffffff;\"><a href=\"https:\/\/gouvinfo.org\/IAI\/rdv\/\" style=\"color: #ffffff;\"><em>R\u00e9servez un cr\u00e9neau pour plus de d\u00e9tails<\/em><\/a><\/span><\/h5>\n<p>[\/et_pb_blurb][\/et_pb_column][\/et_pb_row][\/et_pb_section][et_pb_section fb_built=&#8221;1&#8243; admin_label=&#8221;section&#8221; _builder_version=&#8221;4.19.5&#8243; hover_enabled=&#8221;0&#8243; global_colors_info=&#8221;{}&#8221; custom_margin=&#8221;0px|0px|0px|0px|false|false&#8221; custom_padding=&#8221;0px|0px|0px|0px|false|false&#8221; sticky_enabled=&#8221;0&#8243;][et_pb_row column_structure=&#8221;1_2,1_2&#8243; admin_label=&#8221;row&#8221; _builder_version=&#8221;4.16&#8243; background_size=&#8221;initial&#8221; background_position=&#8221;top_left&#8221; background_repeat=&#8221;repeat&#8221; global_colors_info=&#8221;{}&#8221;][et_pb_column type=&#8221;1_2&#8243; _builder_version=&#8221;4.16&#8243; custom_padding=&#8221;|||&#8221; global_colors_info=&#8221;{}&#8221; custom_padding__hover=&#8221;|||&#8221;][et_pb_video src=&#8221;https:\/\/www.prospectivedata.org\/_Medias\/presentationelearninggouvinfo.mp4&#8243; admin_label=&#8221;Vid\u00e9o&#8221; _builder_version=&#8221;4.19.5&#8243; _module_preset=&#8221;default&#8221; hover_enabled=&#8221;0&#8243; global_colors_info=&#8221;{}&#8221; custom_margin=&#8221;9px||||false|false&#8221; sticky_enabled=&#8221;0&#8243;][\/et_pb_video][et_pb_cta title=&#8221;Extrait &#8221; button_text=&#8221;vous insrire&#8221; _builder_version=&#8221;4.16&#8243; _module_preset=&#8221;default&#8221; global_colors_info=&#8221;{}&#8221;]<\/p>\n<p style=\"text-align: justify;\">Extrait de la formation &#8220;Etape 1 : vue globale&#8221; sur les concepts clefs de la gouvernance de l&#8217;information. La vid\u00e9o pr\u00e9sente les diff\u00e9rences vis \u00e0 vis de la donn\u00e9e, la donn\u00e9e contextualis\u00e9e, le document, l&#8217;information. Les types de r\u00e8gles et leur positionnement vis \u00e0 vis des usages. Les 7 familles qui regroupent des informations sur lesquelles s&#8217;appliquent de m\u00eame r\u00e8gles ..<\/p>\n<p>[\/et_pb_cta][\/et_pb_column][et_pb_column type=&#8221;1_2&#8243; _builder_version=&#8221;4.16&#8243; _module_preset=&#8221;default&#8221; global_colors_info=&#8221;{}&#8221;][et_pb_cta title=&#8221;Pr\u00e9sentation du E-Learning &#8221; button_text=&#8221;vous insrire&#8221; _builder_version=&#8221;4.16&#8243; _module_preset=&#8221;default&#8221; custom_margin=&#8221;9px||||false|false&#8221; global_colors_info=&#8221;{}&#8221;]<\/p>\n<p style=\"text-align: justify;\">Les formations de GouvInfo IAI sont aussi accessibles en mode autonome avec un outil de E-Learning. Il est ainsi possible de suivre la formation selon vos disponibilit\u00e9s par des vid\u00e9os de 5 \u00e0 20 minutes suivi que questions de reformulations.<\/p>\n<p style=\"text-align: justify;\">La formation est compl\u00e9t\u00e9e par des \u00e9changes avec le formateur afin de personnaliser les sujets abord\u00e9s avec votre contexte.<\/p>\n<p>[\/et_pb_cta][et_pb_code _builder_version=&#8221;4.16&#8243; _module_preset=&#8221;default&#8221; module_alignment=&#8221;center&#8221; custom_margin=&#8221;||||false|false&#8221; custom_padding=&#8221;||||false|false&#8221; global_colors_info=&#8221;{}&#8221;]\t<\/p>\n<div class=\"ckeditor-html5-video\" data-responsive=\"true\" style=\"text-align: center;\"><!-- [et_pb_line_break_holder] -->\t\t\t<video controls=\"controls\" controlslist=\"nodownload\" src=\"https:\/\/www.prospectivedata.org\/_Medias\/E1VG-E-Learning-3a-Clefdelavueglobale\" style=\"height: auto;\" oncontextmenu=\"return false;\">\u00a0<\/video><!-- [et_pb_line_break_holder] -->\t\t\t<\/div>\n<p>[\/et_pb_code][\/et_pb_column][\/et_pb_row][et_pb_row _builder_version=&#8221;4.16&#8243; _module_preset=&#8221;default&#8221; global_colors_info=&#8221;{}&#8221;][et_pb_column type=&#8221;4_4&#8243; _builder_version=&#8221;4.16&#8243; _module_preset=&#8221;default&#8221; global_colors_info=&#8221;{}&#8221;][et_pb_button button_url=&#8221;https:\/\/gouvinfo.org\/IAI\/agenda-des-seminaires\/&#8221; button_text=&#8221;Vous inscrire&#8221; button_alignment=&#8221;center&#8221; _builder_version=&#8221;4.16&#8243; _module_preset=&#8221;default&#8221; box_shadow_style=&#8221;preset1&#8243; global_colors_info=&#8221;{}&#8221;][\/et_pb_button][\/et_pb_column][\/et_pb_row][\/et_pb_section]<\/p>\n","protected":false},"excerpt":{"rendered":"<p>Un syst\u00e8me souple,&#8230;<\/p>\n","protected":false},"author":10002,"featured_media":0,"parent":0,"menu_order":0,"comment_status":"closed","ping_status":"closed","template":"","meta":{"_et_pb_use_builder":"on","_et_pb_old_content":"[embed]https:\/\/www.prospectivedata.org\/_Medias\/presentationelearninggouvinfo.mp4[\/embed]","_et_gb_content_width":"","jetpack_post_was_ever_published":false,"footnotes":""},"class_list":["post-34101","page","type-page","status-publish","hentry"],"yoast_head":"<!-- This site is optimized with the Yoast SEO plugin v27.5 - https:\/\/yoast.com\/product\/yoast-seo-wordpress\/ -->\n<title>E-Learning GouvInfo - #GouvInfo<\/title>\n<meta name=\"description\" content=\"La communaut\u00e9 de l&#039;info fait du flux Information un des fondamentaux de nos organisations, pour favoriser une bonne gouvernance de l&#039;information - IAI.\" \/>\n<meta name=\"robots\" content=\"index, follow, max-snippet:-1, max-image-preview:large, max-video-preview:-1\" \/>\n<link rel=\"canonical\" href=\"https:\/\/gouvinfo.org\/IAI\/e-learning-gouvinfo\/\" \/>\n<meta property=\"og:locale\" content=\"fr_FR\" \/>\n<meta property=\"og:type\" content=\"article\" \/>\n<meta property=\"og:title\" content=\"E-Learning GouvInfo - #GouvInfo\" \/>\n<meta property=\"og:description\" content=\"La communaut\u00e9 de l&#039;info fait du flux Information un des fondamentaux de nos organisations, pour favoriser une bonne gouvernance de l&#039;information - IAI.\" \/>\n<meta property=\"og:url\" content=\"https:\/\/gouvinfo.org\/IAI\/e-learning-gouvinfo\/\" \/>\n<meta property=\"og:site_name\" content=\"#GouvInfo\" \/>\n<meta property=\"article:modified_time\" content=\"2023-01-27T09:54:24+00:00\" \/>\n<meta property=\"og:image\" content=\"https:\/\/i0.wp.com\/gouvinfo.org\/IAI\/wp-content\/uploads\/Gouvinfo-3org-Prendre-son-pied.png?fit=534%2C661&ssl=1\" \/>\n\t<meta property=\"og:image:width\" content=\"534\" \/>\n\t<meta property=\"og:image:height\" content=\"661\" \/>\n\t<meta property=\"og:image:type\" content=\"image\/png\" \/>\n<meta name=\"twitter:card\" content=\"summary_large_image\" \/>\n<meta name=\"twitter:site\" content=\"@gouvinfo\" \/>\n<meta name=\"twitter:label1\" content=\"Dur\u00e9e de lecture estim\u00e9e\" \/>\n\t<meta name=\"twitter:data1\" content=\"1 minute\" \/>\n<script type=\"application\/ld+json\" class=\"yoast-schema-graph\">{\"@context\":\"https:\\\/\\\/schema.org\",\"@graph\":[{\"@type\":\"WebPage\",\"@id\":\"https:\\\/\\\/gouvinfo.org\\\/IAI\\\/e-learning-gouvinfo\\\/\",\"url\":\"https:\\\/\\\/gouvinfo.org\\\/IAI\\\/e-learning-gouvinfo\\\/\",\"name\":\"E-Learning GouvInfo - #GouvInfo\",\"isPartOf\":{\"@id\":\"https:\\\/\\\/gouvinfo.org\\\/IAI\\\/#website\"},\"datePublished\":\"2022-01-17T08:12:01+00:00\",\"dateModified\":\"2023-01-27T09:54:24+00:00\",\"description\":\"La communaut\u00e9 de l'info fait du flux Information un des fondamentaux de nos organisations, pour favoriser une bonne gouvernance de l'information - IAI.\",\"inLanguage\":\"fr-FR\",\"potentialAction\":[{\"@type\":\"ReadAction\",\"target\":[\"https:\\\/\\\/gouvinfo.org\\\/IAI\\\/e-learning-gouvinfo\\\/\"]}]},{\"@type\":\"WebSite\",\"@id\":\"https:\\\/\\\/gouvinfo.org\\\/IAI\\\/#website\",\"url\":\"https:\\\/\\\/gouvinfo.org\\\/IAI\\\/\",\"name\":\"#GouvInfo\",\"description\":\"D\u00e9velopper une vue globale des donn\u00e9es et de leurs gouvernances\",\"potentialAction\":[{\"@type\":\"SearchAction\",\"target\":{\"@type\":\"EntryPoint\",\"urlTemplate\":\"https:\\\/\\\/gouvinfo.org\\\/IAI\\\/?s={search_term_string}\"},\"query-input\":{\"@type\":\"PropertyValueSpecification\",\"valueRequired\":true,\"valueName\":\"search_term_string\"}}],\"inLanguage\":\"fr-FR\"}]}<\/script>\n<!-- \/ Yoast SEO plugin. -->","yoast_head_json":{"title":"E-Learning GouvInfo - #GouvInfo","description":"La communaut\u00e9 de l'info fait du flux Information un des fondamentaux de nos organisations, pour favoriser une bonne gouvernance de l'information - IAI.","robots":{"index":"index","follow":"follow","max-snippet":"max-snippet:-1","max-image-preview":"max-image-preview:large","max-video-preview":"max-video-preview:-1"},"canonical":"https:\/\/gouvinfo.org\/IAI\/e-learning-gouvinfo\/","og_locale":"fr_FR","og_type":"article","og_title":"E-Learning GouvInfo - #GouvInfo","og_description":"La communaut\u00e9 de l'info fait du flux Information un des fondamentaux de nos organisations, pour favoriser une bonne gouvernance de l'information - IAI.","og_url":"https:\/\/gouvinfo.org\/IAI\/e-learning-gouvinfo\/","og_site_name":"#GouvInfo","article_modified_time":"2023-01-27T09:54:24+00:00","og_image":[{"width":534,"height":661,"url":"https:\/\/i0.wp.com\/gouvinfo.org\/IAI\/wp-content\/uploads\/Gouvinfo-3org-Prendre-son-pied.png?fit=534%2C661&ssl=1","type":"image\/png"}],"twitter_card":"summary_large_image","twitter_site":"@gouvinfo","twitter_misc":{"Dur\u00e9e de lecture estim\u00e9e":"1 minute"},"schema":{"@context":"https:\/\/schema.org","@graph":[{"@type":"WebPage","@id":"https:\/\/gouvinfo.org\/IAI\/e-learning-gouvinfo\/","url":"https:\/\/gouvinfo.org\/IAI\/e-learning-gouvinfo\/","name":"E-Learning GouvInfo - #GouvInfo","isPartOf":{"@id":"https:\/\/gouvinfo.org\/IAI\/#website"},"datePublished":"2022-01-17T08:12:01+00:00","dateModified":"2023-01-27T09:54:24+00:00","description":"La communaut\u00e9 de l'info fait du flux Information un des fondamentaux de nos organisations, pour favoriser une bonne gouvernance de l'information - IAI.","inLanguage":"fr-FR","potentialAction":[{"@type":"ReadAction","target":["https:\/\/gouvinfo.org\/IAI\/e-learning-gouvinfo\/"]}]},{"@type":"WebSite","@id":"https:\/\/gouvinfo.org\/IAI\/#website","url":"https:\/\/gouvinfo.org\/IAI\/","name":"#GouvInfo","description":"D\u00e9velopper une vue globale des donn\u00e9es et de leurs gouvernances","potentialAction":[{"@type":"SearchAction","target":{"@type":"EntryPoint","urlTemplate":"https:\/\/gouvinfo.org\/IAI\/?s={search_term_string}"},"query-input":{"@type":"PropertyValueSpecification","valueRequired":true,"valueName":"search_term_string"}}],"inLanguage":"fr-FR"}]}},"jetpack_shortlink":"https:\/\/wp.me\/P3WHBZ-8S1","jetpack_sharing_enabled":true,"_links":{"self":[{"href":"https:\/\/gouvinfo.org\/IAI\/wp-json\/wp\/v2\/pages\/34101","targetHints":{"allow":["GET"]}}],"collection":[{"href":"https:\/\/gouvinfo.org\/IAI\/wp-json\/wp\/v2\/pages"}],"about":[{"href":"https:\/\/gouvinfo.org\/IAI\/wp-json\/wp\/v2\/types\/page"}],"author":[{"embeddable":true,"href":"https:\/\/gouvinfo.org\/IAI\/wp-json\/wp\/v2\/users\/10002"}],"replies":[{"embeddable":true,"href":"https:\/\/gouvinfo.org\/IAI\/wp-json\/wp\/v2\/comments?post=34101"}],"version-history":[{"count":20,"href":"https:\/\/gouvinfo.org\/IAI\/wp-json\/wp\/v2\/pages\/34101\/revisions"}],"predecessor-version":[{"id":34693,"href":"https:\/\/gouvinfo.org\/IAI\/wp-json\/wp\/v2\/pages\/34101\/revisions\/34693"}],"wp:attachment":[{"href":"https:\/\/gouvinfo.org\/IAI\/wp-json\/wp\/v2\/media?parent=34101"}],"curies":[{"name":"wp","href":"https:\/\/api.w.org\/{rel}","templated":true}]}}