{"id":34481,"date":"2022-10-05T14:28:21","date_gmt":"2022-10-05T12:28:21","guid":{"rendered":"https:\/\/gouvinfo.org\/IAI\/booking-page\/"},"modified":"2022-11-11T08:46:22","modified_gmt":"2022-11-11T07:46:22","slug":"rdv","status":"publish","type":"page","link":"https:\/\/gouvinfo.org\/IAI\/rdv\/","title":{"rendered":"Prenons un moment pour \u00e9changer"},"content":{"rendered":"<p style=\"text-align: center;\"><button class=\"wappointment_widget\" style=\"display:none\" data-center=\"1\" data-auto-open=\"1\" data-week=\"1\" data-button-title=\"Reservez un cr\u00e9neau\">Reservez un cr\u00e9neau<\/button><\/p>\n<p style=\"text-align: center;\"><em>En cliquant sur le bouton ci-dessus, vous pourrez r\u00e9server un cr\u00e9neau dans notre agenda en vue d&#8217;un \u00e9change, par t\u00e9l\u00e9phone ou visio selon vos choix.\u00a0\u00a0<\/em><\/p>\n","protected":false},"excerpt":{"rendered":"","protected":false},"author":2,"featured_media":31942,"parent":0,"menu_order":0,"comment_status":"closed","ping_status":"closed","template":"","meta":{"_et_pb_use_builder":"","_et_pb_old_content":"","_et_gb_content_width":"","jetpack_post_was_ever_published":false,"footnotes":""},"class_list":["post-34481","page","type-page","status-publish","has-post-thumbnail","hentry"],"yoast_head":"<!-- This site is optimized with the Yoast SEO plugin v27.3 - https:\/\/yoast.com\/product\/yoast-seo-wordpress\/ -->\n<title>Prenons un moment pour \u00e9changer - #GouvInfo<\/title>\n<meta name=\"description\" content=\"La communaut\u00e9 de l&#039;info fait du flux Information un des fondamentaux de nos organisations, pour favoriser une bonne gouvernance de l&#039;information - IAI.\" \/>\n<meta name=\"robots\" content=\"index, follow, max-snippet:-1, max-image-preview:large, max-video-preview:-1\" \/>\n<link rel=\"canonical\" href=\"https:\/\/gouvinfo.org\/IAI\/rdv\/\" \/>\n<meta property=\"og:locale\" content=\"fr_FR\" \/>\n<meta property=\"og:type\" content=\"article\" \/>\n<meta property=\"og:title\" content=\"Prenons un moment pour \u00e9changer - #GouvInfo\" \/>\n<meta property=\"og:description\" content=\"La communaut\u00e9 de l&#039;info fait du flux Information un des fondamentaux de nos organisations, pour favoriser une bonne gouvernance de l&#039;information - IAI.\" \/>\n<meta property=\"og:url\" content=\"https:\/\/gouvinfo.org\/IAI\/rdv\/\" \/>\n<meta property=\"og:site_name\" content=\"#GouvInfo\" \/>\n<meta property=\"article:modified_time\" content=\"2022-11-11T07:46:22+00:00\" \/>\n<meta property=\"og:image\" content=\"https:\/\/gouvinfo.org\/IAI\/wp-content\/uploads\/coding-icon_4.jpg\" \/>\n\t<meta property=\"og:image:width\" content=\"128\" \/>\n\t<meta property=\"og:image:height\" content=\"128\" \/>\n\t<meta property=\"og:image:type\" content=\"image\/jpeg\" \/>\n<meta name=\"twitter:card\" content=\"summary_large_image\" \/>\n<meta name=\"twitter:site\" content=\"@gouvinfo\" \/>\n<meta name=\"twitter:label1\" content=\"Dur\u00e9e de lecture estim\u00e9e\" \/>\n\t<meta name=\"twitter:data1\" content=\"1 minute\" \/>\n<script type=\"application\/ld+json\" class=\"yoast-schema-graph\">{\"@context\":\"https:\\\/\\\/schema.org\",\"@graph\":[{\"@type\":\"WebPage\",\"@id\":\"https:\\\/\\\/gouvinfo.org\\\/IAI\\\/rdv\\\/\",\"url\":\"https:\\\/\\\/gouvinfo.org\\\/IAI\\\/rdv\\\/\",\"name\":\"Prenons un moment pour \u00e9changer - #GouvInfo\",\"isPartOf\":{\"@id\":\"https:\\\/\\\/gouvinfo.org\\\/IAI\\\/#website\"},\"primaryImageOfPage\":{\"@id\":\"https:\\\/\\\/gouvinfo.org\\\/IAI\\\/rdv\\\/#primaryimage\"},\"image\":{\"@id\":\"https:\\\/\\\/gouvinfo.org\\\/IAI\\\/rdv\\\/#primaryimage\"},\"thumbnailUrl\":\"https:\\\/\\\/i0.wp.com\\\/gouvinfo.org\\\/IAI\\\/wp-content\\\/uploads\\\/coding-icon_4.jpg?fit=128%2C128&ssl=1\",\"datePublished\":\"2022-10-05T12:28:21+00:00\",\"dateModified\":\"2022-11-11T07:46:22+00:00\",\"description\":\"La communaut\u00e9 de l'info fait du flux Information un des fondamentaux de nos organisations, pour favoriser une bonne gouvernance de l'information - IAI.\",\"inLanguage\":\"fr-FR\",\"potentialAction\":[{\"@type\":\"ReadAction\",\"target\":[\"https:\\\/\\\/gouvinfo.org\\\/IAI\\\/rdv\\\/\"]}]},{\"@type\":\"ImageObject\",\"inLanguage\":\"fr-FR\",\"@id\":\"https:\\\/\\\/gouvinfo.org\\\/IAI\\\/rdv\\\/#primaryimage\",\"url\":\"https:\\\/\\\/i0.wp.com\\\/gouvinfo.org\\\/IAI\\\/wp-content\\\/uploads\\\/coding-icon_4.jpg?fit=128%2C128&ssl=1\",\"contentUrl\":\"https:\\\/\\\/i0.wp.com\\\/gouvinfo.org\\\/IAI\\\/wp-content\\\/uploads\\\/coding-icon_4.jpg?fit=128%2C128&ssl=1\",\"width\":128,\"height\":128},{\"@type\":\"WebSite\",\"@id\":\"https:\\\/\\\/gouvinfo.org\\\/IAI\\\/#website\",\"url\":\"https:\\\/\\\/gouvinfo.org\\\/IAI\\\/\",\"name\":\"#GouvInfo\",\"description\":\"D\u00e9velopper une vue globale des donn\u00e9es et de leurs gouvernances\",\"potentialAction\":[{\"@type\":\"SearchAction\",\"target\":{\"@type\":\"EntryPoint\",\"urlTemplate\":\"https:\\\/\\\/gouvinfo.org\\\/IAI\\\/?s={search_term_string}\"},\"query-input\":{\"@type\":\"PropertyValueSpecification\",\"valueRequired\":true,\"valueName\":\"search_term_string\"}}],\"inLanguage\":\"fr-FR\"}]}<\/script>\n<!-- \/ Yoast SEO plugin. -->","yoast_head_json":{"title":"Prenons un moment pour \u00e9changer - #GouvInfo","description":"La communaut\u00e9 de l'info fait du flux Information un des fondamentaux de nos organisations, pour favoriser une bonne gouvernance de l'information - IAI.","robots":{"index":"index","follow":"follow","max-snippet":"max-snippet:-1","max-image-preview":"max-image-preview:large","max-video-preview":"max-video-preview:-1"},"canonical":"https:\/\/gouvinfo.org\/IAI\/rdv\/","og_locale":"fr_FR","og_type":"article","og_title":"Prenons un moment pour \u00e9changer - #GouvInfo","og_description":"La communaut\u00e9 de l'info fait du flux Information un des fondamentaux de nos organisations, pour favoriser une bonne gouvernance de l'information - IAI.","og_url":"https:\/\/gouvinfo.org\/IAI\/rdv\/","og_site_name":"#GouvInfo","article_modified_time":"2022-11-11T07:46:22+00:00","og_image":[{"width":128,"height":128,"url":"https:\/\/gouvinfo.org\/IAI\/wp-content\/uploads\/coding-icon_4.jpg","type":"image\/jpeg"}],"twitter_card":"summary_large_image","twitter_site":"@gouvinfo","twitter_misc":{"Dur\u00e9e de lecture estim\u00e9e":"1 minute"},"schema":{"@context":"https:\/\/schema.org","@graph":[{"@type":"WebPage","@id":"https:\/\/gouvinfo.org\/IAI\/rdv\/","url":"https:\/\/gouvinfo.org\/IAI\/rdv\/","name":"Prenons un moment pour \u00e9changer - #GouvInfo","isPartOf":{"@id":"https:\/\/gouvinfo.org\/IAI\/#website"},"primaryImageOfPage":{"@id":"https:\/\/gouvinfo.org\/IAI\/rdv\/#primaryimage"},"image":{"@id":"https:\/\/gouvinfo.org\/IAI\/rdv\/#primaryimage"},"thumbnailUrl":"https:\/\/i0.wp.com\/gouvinfo.org\/IAI\/wp-content\/uploads\/coding-icon_4.jpg?fit=128%2C128&ssl=1","datePublished":"2022-10-05T12:28:21+00:00","dateModified":"2022-11-11T07:46:22+00:00","description":"La communaut\u00e9 de l'info fait du flux Information un des fondamentaux de nos organisations, pour favoriser une bonne gouvernance de l'information - IAI.","inLanguage":"fr-FR","potentialAction":[{"@type":"ReadAction","target":["https:\/\/gouvinfo.org\/IAI\/rdv\/"]}]},{"@type":"ImageObject","inLanguage":"fr-FR","@id":"https:\/\/gouvinfo.org\/IAI\/rdv\/#primaryimage","url":"https:\/\/i0.wp.com\/gouvinfo.org\/IAI\/wp-content\/uploads\/coding-icon_4.jpg?fit=128%2C128&ssl=1","contentUrl":"https:\/\/i0.wp.com\/gouvinfo.org\/IAI\/wp-content\/uploads\/coding-icon_4.jpg?fit=128%2C128&ssl=1","width":128,"height":128},{"@type":"WebSite","@id":"https:\/\/gouvinfo.org\/IAI\/#website","url":"https:\/\/gouvinfo.org\/IAI\/","name":"#GouvInfo","description":"D\u00e9velopper une vue globale des donn\u00e9es et de leurs gouvernances","potentialAction":[{"@type":"SearchAction","target":{"@type":"EntryPoint","urlTemplate":"https:\/\/gouvinfo.org\/IAI\/?s={search_term_string}"},"query-input":{"@type":"PropertyValueSpecification","valueRequired":true,"valueName":"search_term_string"}}],"inLanguage":"fr-FR"}]}},"jetpack_shortlink":"https:\/\/wp.me\/P3WHBZ-8Y9","jetpack_sharing_enabled":true,"_links":{"self":[{"href":"https:\/\/gouvinfo.org\/IAI\/wp-json\/wp\/v2\/pages\/34481","targetHints":{"allow":["GET"]}}],"collection":[{"href":"https:\/\/gouvinfo.org\/IAI\/wp-json\/wp\/v2\/pages"}],"about":[{"href":"https:\/\/gouvinfo.org\/IAI\/wp-json\/wp\/v2\/types\/page"}],"author":[{"embeddable":true,"href":"https:\/\/gouvinfo.org\/IAI\/wp-json\/wp\/v2\/users\/2"}],"replies":[{"embeddable":true,"href":"https:\/\/gouvinfo.org\/IAI\/wp-json\/wp\/v2\/comments?post=34481"}],"version-history":[{"count":7,"href":"https:\/\/gouvinfo.org\/IAI\/wp-json\/wp\/v2\/pages\/34481\/revisions"}],"predecessor-version":[{"id":34591,"href":"https:\/\/gouvinfo.org\/IAI\/wp-json\/wp\/v2\/pages\/34481\/revisions\/34591"}],"wp:featuredmedia":[{"embeddable":true,"href":"https:\/\/gouvinfo.org\/IAI\/wp-json\/wp\/v2\/media\/31942"}],"wp:attachment":[{"href":"https:\/\/gouvinfo.org\/IAI\/wp-json\/wp\/v2\/media?parent=34481"}],"curies":[{"name":"wp","href":"https:\/\/api.w.org\/{rel}","templated":true}]}}