{"id":4676,"date":"2017-10-31T10:35:05","date_gmt":"2017-10-31T09:35:05","guid":{"rendered":"http:\/\/www.gouvinfo.org\/IAI\/?page_id=4676"},"modified":"2023-03-30T10:44:11","modified_gmt":"2023-03-30T08:44:11","slug":"iai","status":"publish","type":"page","link":"https:\/\/gouvinfo.org\/IAI\/","title":{"rendered":"Accueil de GouvInfo IAI"},"content":{"rendered":"<p>[et_pb_section fb_built=&#8221;1&#8243; _builder_version=&#8221;4.20.2&#8243; _module_preset=&#8221;default&#8221; global_colors_info=&#8221;{}&#8221;][\/et_pb_section]<\/p>\n","protected":false},"excerpt":{"rendered":"<p>&#8230;<\/p>\n","protected":false},"author":10002,"featured_media":33071,"parent":0,"menu_order":0,"comment_status":"closed","ping_status":"closed","template":"template-home.php","meta":{"_et_pb_use_builder":"on","_et_pb_old_content":"","_et_gb_content_width":"","jetpack_post_was_ever_published":false,"footnotes":""},"class_list":["post-4676","page","type-page","status-publish","has-post-thumbnail","hentry"],"yoast_head":"<!-- This site is optimized with the Yoast SEO plugin v27.3 - https:\/\/yoast.com\/product\/yoast-seo-wordpress\/ -->\n<title>Accueil de GouvInfo IAI - #GouvInfo<\/title>\n<meta name=\"description\" content=\"Pour acculturer, d\u00e9velopper et renforcer la l\u00e9gitimit\u00e9 des acteurs de la vue globale autour des donn\u00e9es, des documents et de leurs gouvernances. Un objectif \u00e0 long terme : construire le futur de la gouvernance de l&#039;information en se basant sur le concept d&#039;Information Autonome Intelligente #IAI\" \/>\n<meta name=\"robots\" content=\"index, follow, max-snippet:-1, max-image-preview:large, max-video-preview:-1\" \/>\n<link rel=\"canonical\" href=\"https:\/\/gouvinfo.org\/IAI\/\" \/>\n<meta property=\"og:locale\" content=\"fr_FR\" \/>\n<meta property=\"og:type\" content=\"article\" \/>\n<meta property=\"og:title\" content=\"Accueil de GouvInfo IAI - #GouvInfo\" \/>\n<meta property=\"og:description\" content=\"Pour acculturer, d\u00e9velopper et renforcer la l\u00e9gitimit\u00e9 des acteurs de la vue globale autour des donn\u00e9es, des documents et de leurs gouvernances. Un objectif \u00e0 long terme : construire le futur de la gouvernance de l&#039;information en se basant sur le concept d&#039;Information Autonome Intelligente #IAI\" \/>\n<meta property=\"og:url\" content=\"https:\/\/gouvinfo.org\/IAI\/\" \/>\n<meta property=\"og:site_name\" content=\"#GouvInfo\" \/>\n<meta property=\"article:modified_time\" content=\"2023-03-30T08:44:11+00:00\" \/>\n<meta property=\"og:image\" content=\"https:\/\/gouvinfo.org\/IAI\/wp-content\/uploads\/GouvInfo.png\" \/>\n\t<meta property=\"og:image:width\" content=\"1807\" \/>\n\t<meta property=\"og:image:height\" content=\"618\" \/>\n\t<meta property=\"og:image:type\" content=\"image\/png\" \/>\n<meta name=\"twitter:card\" content=\"summary_large_image\" \/>\n<meta name=\"twitter:site\" content=\"@gouvinfo\" \/>\n<meta name=\"twitter:label1\" content=\"Dur\u00e9e de lecture estim\u00e9e\" \/>\n\t<meta name=\"twitter:data1\" content=\"1 minute\" \/>\n<script type=\"application\/ld+json\" class=\"yoast-schema-graph\">{\"@context\":\"https:\\\/\\\/schema.org\",\"@graph\":[{\"@type\":\"WebPage\",\"@id\":\"https:\\\/\\\/gouvinfo.org\\\/IAI\\\/\",\"url\":\"https:\\\/\\\/gouvinfo.org\\\/IAI\\\/\",\"name\":\"Accueil de GouvInfo IAI - #GouvInfo\",\"isPartOf\":{\"@id\":\"https:\\\/\\\/gouvinfo.org\\\/IAI\\\/#website\"},\"primaryImageOfPage\":{\"@id\":\"https:\\\/\\\/gouvinfo.org\\\/IAI\\\/#primaryimage\"},\"image\":{\"@id\":\"https:\\\/\\\/gouvinfo.org\\\/IAI\\\/#primaryimage\"},\"thumbnailUrl\":\"https:\\\/\\\/i0.wp.com\\\/gouvinfo.org\\\/IAI\\\/wp-content\\\/uploads\\\/GouvInfo.png?fit=1807%2C618&ssl=1\",\"datePublished\":\"2017-10-31T09:35:05+00:00\",\"dateModified\":\"2023-03-30T08:44:11+00:00\",\"description\":\"Pour acculturer, d\u00e9velopper et renforcer la l\u00e9gitimit\u00e9 des acteurs de la vue globale autour des donn\u00e9es, des documents et de leurs gouvernances. Un objectif \u00e0 long terme : construire le futur de la gouvernance de l'information en se basant sur le concept d'Information Autonome Intelligente #IAI\",\"inLanguage\":\"fr-FR\",\"potentialAction\":[{\"@type\":\"ReadAction\",\"target\":[\"https:\\\/\\\/gouvinfo.org\\\/IAI\\\/\"]}]},{\"@type\":\"ImageObject\",\"inLanguage\":\"fr-FR\",\"@id\":\"https:\\\/\\\/gouvinfo.org\\\/IAI\\\/#primaryimage\",\"url\":\"https:\\\/\\\/i0.wp.com\\\/gouvinfo.org\\\/IAI\\\/wp-content\\\/uploads\\\/GouvInfo.png?fit=1807%2C618&ssl=1\",\"contentUrl\":\"https:\\\/\\\/i0.wp.com\\\/gouvinfo.org\\\/IAI\\\/wp-content\\\/uploads\\\/GouvInfo.png?fit=1807%2C618&ssl=1\",\"width\":1807,\"height\":618},{\"@type\":\"WebSite\",\"@id\":\"https:\\\/\\\/gouvinfo.org\\\/IAI\\\/#website\",\"url\":\"https:\\\/\\\/gouvinfo.org\\\/IAI\\\/\",\"name\":\"#GouvInfo\",\"description\":\"D\u00e9velopper une vue globale des donn\u00e9es et de leurs gouvernances\",\"potentialAction\":[{\"@type\":\"SearchAction\",\"target\":{\"@type\":\"EntryPoint\",\"urlTemplate\":\"https:\\\/\\\/gouvinfo.org\\\/IAI\\\/?s={search_term_string}\"},\"query-input\":{\"@type\":\"PropertyValueSpecification\",\"valueRequired\":true,\"valueName\":\"search_term_string\"}}],\"inLanguage\":\"fr-FR\"}]}<\/script>\n<!-- \/ Yoast SEO plugin. -->","yoast_head_json":{"title":"Accueil de GouvInfo IAI - #GouvInfo","description":"Pour acculturer, d\u00e9velopper et renforcer la l\u00e9gitimit\u00e9 des acteurs de la vue globale autour des donn\u00e9es, des documents et de leurs gouvernances. Un objectif \u00e0 long terme : construire le futur de la gouvernance de l'information en se basant sur le concept d'Information Autonome Intelligente #IAI","robots":{"index":"index","follow":"follow","max-snippet":"max-snippet:-1","max-image-preview":"max-image-preview:large","max-video-preview":"max-video-preview:-1"},"canonical":"https:\/\/gouvinfo.org\/IAI\/","og_locale":"fr_FR","og_type":"article","og_title":"Accueil de GouvInfo IAI - #GouvInfo","og_description":"Pour acculturer, d\u00e9velopper et renforcer la l\u00e9gitimit\u00e9 des acteurs de la vue globale autour des donn\u00e9es, des documents et de leurs gouvernances. Un objectif \u00e0 long terme : construire le futur de la gouvernance de l'information en se basant sur le concept d'Information Autonome Intelligente #IAI","og_url":"https:\/\/gouvinfo.org\/IAI\/","og_site_name":"#GouvInfo","article_modified_time":"2023-03-30T08:44:11+00:00","og_image":[{"width":1807,"height":618,"url":"https:\/\/gouvinfo.org\/IAI\/wp-content\/uploads\/GouvInfo.png","type":"image\/png"}],"twitter_card":"summary_large_image","twitter_site":"@gouvinfo","twitter_misc":{"Dur\u00e9e de lecture estim\u00e9e":"1 minute"},"schema":{"@context":"https:\/\/schema.org","@graph":[{"@type":"WebPage","@id":"https:\/\/gouvinfo.org\/IAI\/","url":"https:\/\/gouvinfo.org\/IAI\/","name":"Accueil de GouvInfo IAI - #GouvInfo","isPartOf":{"@id":"https:\/\/gouvinfo.org\/IAI\/#website"},"primaryImageOfPage":{"@id":"https:\/\/gouvinfo.org\/IAI\/#primaryimage"},"image":{"@id":"https:\/\/gouvinfo.org\/IAI\/#primaryimage"},"thumbnailUrl":"https:\/\/i0.wp.com\/gouvinfo.org\/IAI\/wp-content\/uploads\/GouvInfo.png?fit=1807%2C618&ssl=1","datePublished":"2017-10-31T09:35:05+00:00","dateModified":"2023-03-30T08:44:11+00:00","description":"Pour acculturer, d\u00e9velopper et renforcer la l\u00e9gitimit\u00e9 des acteurs de la vue globale autour des donn\u00e9es, des documents et de leurs gouvernances. Un objectif \u00e0 long terme : construire le futur de la gouvernance de l'information en se basant sur le concept d'Information Autonome Intelligente #IAI","inLanguage":"fr-FR","potentialAction":[{"@type":"ReadAction","target":["https:\/\/gouvinfo.org\/IAI\/"]}]},{"@type":"ImageObject","inLanguage":"fr-FR","@id":"https:\/\/gouvinfo.org\/IAI\/#primaryimage","url":"https:\/\/i0.wp.com\/gouvinfo.org\/IAI\/wp-content\/uploads\/GouvInfo.png?fit=1807%2C618&ssl=1","contentUrl":"https:\/\/i0.wp.com\/gouvinfo.org\/IAI\/wp-content\/uploads\/GouvInfo.png?fit=1807%2C618&ssl=1","width":1807,"height":618},{"@type":"WebSite","@id":"https:\/\/gouvinfo.org\/IAI\/#website","url":"https:\/\/gouvinfo.org\/IAI\/","name":"#GouvInfo","description":"D\u00e9velopper une vue globale des donn\u00e9es et de leurs gouvernances","potentialAction":[{"@type":"SearchAction","target":{"@type":"EntryPoint","urlTemplate":"https:\/\/gouvinfo.org\/IAI\/?s={search_term_string}"},"query-input":{"@type":"PropertyValueSpecification","valueRequired":true,"valueName":"search_term_string"}}],"inLanguage":"fr-FR"}]}},"jetpack_shortlink":"https:\/\/wp.me\/P3WHBZ-1dq","jetpack_sharing_enabled":false,"_links":{"self":[{"href":"https:\/\/gouvinfo.org\/IAI\/wp-json\/wp\/v2\/pages\/4676","targetHints":{"allow":["GET"]}}],"collection":[{"href":"https:\/\/gouvinfo.org\/IAI\/wp-json\/wp\/v2\/pages"}],"about":[{"href":"https:\/\/gouvinfo.org\/IAI\/wp-json\/wp\/v2\/types\/page"}],"author":[{"embeddable":true,"href":"https:\/\/gouvinfo.org\/IAI\/wp-json\/wp\/v2\/users\/10002"}],"replies":[{"embeddable":true,"href":"https:\/\/gouvinfo.org\/IAI\/wp-json\/wp\/v2\/comments?post=4676"}],"version-history":[{"count":6,"href":"https:\/\/gouvinfo.org\/IAI\/wp-json\/wp\/v2\/pages\/4676\/revisions"}],"predecessor-version":[{"id":34814,"href":"https:\/\/gouvinfo.org\/IAI\/wp-json\/wp\/v2\/pages\/4676\/revisions\/34814"}],"wp:featuredmedia":[{"embeddable":true,"href":"https:\/\/gouvinfo.org\/IAI\/wp-json\/wp\/v2\/media\/33071"}],"wp:attachment":[{"href":"https:\/\/gouvinfo.org\/IAI\/wp-json\/wp\/v2\/media?parent=4676"}],"curies":[{"name":"wp","href":"https:\/\/api.w.org\/{rel}","templated":true}]}}