{"id":4753,"date":"2019-05-11T10:46:09","date_gmt":"2019-05-11T08:46:09","guid":{"rendered":"http:\/\/www.gouvinfo.org\/IAI\/?page_id=4753"},"modified":"2021-05-13T09:48:20","modified_gmt":"2021-05-13T07:48:20","slug":"charte-gouvinfo","status":"publish","type":"page","link":"https:\/\/gouvinfo.org\/IAI\/charte-gouvinfo\/","title":{"rendered":"Charte #GouvInfo"},"content":{"rendered":"<p style=\"text-align: center;\"><strong>Charte universelle C4IG<\/strong><\/p>\n<h6 style=\"text-align: center;\">(Mise \u00e0 jour 2021 &#8211; Source charte <a href=\"https:\/\/www.c4ig.space\/\">C4IG.space<\/a>)<\/h6>\n<p>&nbsp;<\/p>\n<p>L&#8217;ensemble des initiatives de #GouvInfo s&#8217;engagent \u00e0 respecter la charte C4IG.space et en faire leur r\u00e9f\u00e9rentiel de valeur. Nous souhaitons par cet engagement donner un sens data-\u00e9thique et durable \u00e0 nos travaux, ceux de nos membres et de nos partenaires.<\/p>\n<p>&nbsp;<\/p>\n<hr \/>\n<h1 class=\"et_pb_module_header\">Notre r\u00e9f\u00e9rentiel de valeurs<\/h1>\n<div class=\"et_pb_blurb_description\">\n<p>Cette charte constitue un environnement d\u2019opportunit\u00e9s, d\u2019\u00e9changes et de partages o\u00f9 coexistent des profils diff\u00e9rents aux int\u00e9r\u00eats sp\u00e9cifiques et compl\u00e9mentaires. Cet environnement, source de valeurs humaines et intellectuelles durables, trouve sa source et se d\u00e9veloppe autour de 7 valeurs fondamentales :<\/p>\n<p>&nbsp;<\/p>\n<h2 class=\"et_pb_module_header\" style=\"text-align: center;\">1 &#8211; Synergie et Innovation<\/h2>\n<div class=\"et_pb_blurb_description\">\n<p>les interactions, projets et initiatives au sein de l\u2019organisation engag\u00e9e dans la charte favorisent la synergie, la compl\u00e9mentarit\u00e9 et l\u2019innovation.<\/p>\n<p>&nbsp;<\/p>\n<h2 class=\"et_pb_module_header\" style=\"text-align: center;\">2 &#8211; Respect et Int\u00e9grit\u00e9<\/h2>\n<div class=\"et_pb_blurb_description\">\n<p>les membres de l\u2019organisation engag\u00e9e dans la charte, \u00e0 travers leurs actions, font preuve d\u2019une \u00e9thique respectueuse entre eux. Le d\u00e9marchage commercial n\u2019est pas autoris\u00e9 entre membres de l\u2019organisation.<\/p>\n<p>&nbsp;<\/p>\n<h2 class=\"et_pb_module_header\" style=\"text-align: center;\">3 &#8211; Confiance<\/h2>\n<div class=\"et_pb_blurb_description\">\n<p>l\u2019espace de confiance favorise le partage d\u2019informations entre les membres de l\u2019organisation engag\u00e9e dans la charte. Les informations sont \u00e9chang\u00e9es en respect du juste niveau de confidentialit\u00e9.<\/p>\n<p>&nbsp;<\/p>\n<h2 class=\"et_pb_module_header\" style=\"text-align: center;\">4 &#8211; R\u00e9ciprocit\u00e9<\/h2>\n<div class=\"et_pb_blurb_description\">\n<p>les membres veillent \u00e0 respecter un \u00e9quilibre entre la valeur ajout\u00e9e que leur procure cet environnement de partage et leur contribution au profit de cet \u00e9cosyst\u00e8me.<\/p>\n<p>&nbsp;<\/p>\n<h2 class=\"et_pb_module_header\" style=\"text-align: center;\">5 &#8211; Valorisation du capital humain<\/h2>\n<div class=\"et_pb_blurb_description\">\n<p>l\u2019organisation engag\u00e9e dans la charte d\u00e9veloppe son activit\u00e9, services et produits en priorisant l\u2019humain et la cr\u00e9ation de valeur, tant personnelle que collective.<\/p>\n<p>&nbsp;<\/p>\n<h2 class=\"et_pb_module_header\" style=\"text-align: center;\">6 &#8211; Protection de l\u2019innovation<\/h2>\n<div class=\"et_pb_blurb_description\">\n<p>les membres de l\u2019organisation engag\u00e9e dans la charte s\u2019engagent \u00e0 valoriser, respecter et prot\u00e9ger les \u0153uvres cr\u00e9\u00e9es dans cet environnement de confiance ou apport\u00e9es par d\u2019autres membres.<\/p>\n<p>&nbsp;<\/p>\n<h2 class=\"et_pb_module_header\" style=\"text-align: center;\">7 &#8211; Transparence et durabilit\u00e9<\/h2>\n<div class=\"et_pb_blurb_description\">\n<p>les parties prenantes engag\u00e9es dans la charte d\u00e9veloppent des partenariats fiables, et sans ambigu\u00eft\u00e9 entre elles. Elles veillent \u00e0 ce que ces relations et ces \u00e9changes soient compatibles avec la charte.<\/p>\n<\/div>\n<p>&nbsp;<\/p>\n<hr \/>\n<p><img loading=\"lazy\" decoding=\"async\" class=\"aligncenter img-responsive\" src=\"https:\/\/i2.wp.com\/www.c4ig.space\/wp-content\/uploads\/2021\/03\/Licence-CC-C4IG.png?w=1080&amp;ssl=1\" width=\"181\" height=\"105\" \/><em>La pr\u00e9sente charte est plac\u00e9e sous licence \u00ab\u00a0Creative Commons\u00a0\u00bb selon les conditions suivantes\u00a0: citation de la source (<a href=\"http:\/\/www.c4ig.space\/\">www.c4ig.space<\/a>), pas d\u2019utilisation commerciale, pas de modification (<a href=\"http:\/\/creativecommons.fr\/licences\/\">http:\/\/creativecommons.fr\/licences\/<\/a>)<\/em><\/p>\n<\/div>\n<\/div>\n<\/div>\n<\/div>\n<\/div>\n<\/div>\n<\/div>\n<hr \/>\n<p style=\"text-align: center;\"><span style=\"color: #000080;\"><em>(pour adh\u00e9rer, merci d&#8217;utiliser le formulaire de contact)<\/em><\/span><\/p>\n","protected":false},"excerpt":{"rendered":"<p>Charte universelle C4IG (Mise \u00e0 jour 2021 &#8211; Source charte C4IG.space) &nbsp; L&#8217;ensemble des initiatives de #GouvInfo s&#8217;engagent \u00e0 respecter la charte C4IG.space et en faire leur [&hellip;]<\/p>\n","protected":false},"author":2,"featured_media":0,"parent":0,"menu_order":0,"comment_status":"closed","ping_status":"closed","template":"","meta":{"_et_pb_use_builder":"","_et_pb_old_content":"","_et_gb_content_width":"","jetpack_post_was_ever_published":false,"footnotes":""},"class_list":["post-4753","page","type-page","status-publish","hentry"],"yoast_head":"<!-- This site is optimized with the Yoast SEO plugin v27.4 - https:\/\/yoast.com\/product\/yoast-seo-wordpress\/ -->\n<title>Charte #GouvInfo - #GouvInfo<\/title>\n<meta name=\"description\" content=\"La communaut\u00e9 de l&#039;info fait du flux Information un des fondamentaux de nos organisations, pour favoriser une bonne gouvernance de l&#039;information - IAI.\" \/>\n<meta name=\"robots\" content=\"index, follow, max-snippet:-1, max-image-preview:large, max-video-preview:-1\" \/>\n<link rel=\"canonical\" href=\"https:\/\/gouvinfo.org\/IAI\/charte-gouvinfo\/\" \/>\n<meta property=\"og:locale\" content=\"fr_FR\" \/>\n<meta property=\"og:type\" content=\"article\" \/>\n<meta property=\"og:title\" content=\"Charte #GouvInfo - #GouvInfo\" \/>\n<meta property=\"og:description\" content=\"La communaut\u00e9 de l&#039;info fait du flux Information un des fondamentaux de nos organisations, pour favoriser une bonne gouvernance de l&#039;information - IAI.\" \/>\n<meta property=\"og:url\" content=\"https:\/\/gouvinfo.org\/IAI\/charte-gouvinfo\/\" \/>\n<meta property=\"og:site_name\" content=\"#GouvInfo\" \/>\n<meta property=\"article:modified_time\" content=\"2021-05-13T07:48:20+00:00\" \/>\n<meta property=\"og:image\" content=\"https:\/\/i2.wp.com\/www.c4ig.space\/wp-content\/uploads\/2021\/03\/Licence-CC-C4IG.png?w=1080&amp;ssl=1\" \/>\n<meta name=\"twitter:card\" content=\"summary_large_image\" \/>\n<meta name=\"twitter:site\" content=\"@gouvinfo\" \/>\n<meta name=\"twitter:label1\" content=\"Dur\u00e9e de lecture estim\u00e9e\" \/>\n\t<meta name=\"twitter:data1\" content=\"2 minutes\" \/>\n<script type=\"application\/ld+json\" class=\"yoast-schema-graph\">{\"@context\":\"https:\\\/\\\/schema.org\",\"@graph\":[{\"@type\":\"WebPage\",\"@id\":\"https:\\\/\\\/gouvinfo.org\\\/IAI\\\/charte-gouvinfo\\\/\",\"url\":\"https:\\\/\\\/gouvinfo.org\\\/IAI\\\/charte-gouvinfo\\\/\",\"name\":\"Charte #GouvInfo - #GouvInfo\",\"isPartOf\":{\"@id\":\"https:\\\/\\\/gouvinfo.org\\\/IAI\\\/#website\"},\"primaryImageOfPage\":{\"@id\":\"https:\\\/\\\/gouvinfo.org\\\/IAI\\\/charte-gouvinfo\\\/#primaryimage\"},\"image\":{\"@id\":\"https:\\\/\\\/gouvinfo.org\\\/IAI\\\/charte-gouvinfo\\\/#primaryimage\"},\"thumbnailUrl\":\"https:\\\/\\\/i2.wp.com\\\/www.c4ig.space\\\/wp-content\\\/uploads\\\/2021\\\/03\\\/Licence-CC-C4IG.png?w=1080&amp;ssl=1\",\"datePublished\":\"2019-05-11T08:46:09+00:00\",\"dateModified\":\"2021-05-13T07:48:20+00:00\",\"description\":\"La communaut\u00e9 de l'info fait du flux Information un des fondamentaux de nos organisations, pour favoriser une bonne gouvernance de l'information - IAI.\",\"inLanguage\":\"fr-FR\",\"potentialAction\":[{\"@type\":\"ReadAction\",\"target\":[\"https:\\\/\\\/gouvinfo.org\\\/IAI\\\/charte-gouvinfo\\\/\"]}]},{\"@type\":\"ImageObject\",\"inLanguage\":\"fr-FR\",\"@id\":\"https:\\\/\\\/gouvinfo.org\\\/IAI\\\/charte-gouvinfo\\\/#primaryimage\",\"url\":\"https:\\\/\\\/i2.wp.com\\\/www.c4ig.space\\\/wp-content\\\/uploads\\\/2021\\\/03\\\/Licence-CC-C4IG.png?w=1080&amp;ssl=1\",\"contentUrl\":\"https:\\\/\\\/i2.wp.com\\\/www.c4ig.space\\\/wp-content\\\/uploads\\\/2021\\\/03\\\/Licence-CC-C4IG.png?w=1080&amp;ssl=1\"},{\"@type\":\"WebSite\",\"@id\":\"https:\\\/\\\/gouvinfo.org\\\/IAI\\\/#website\",\"url\":\"https:\\\/\\\/gouvinfo.org\\\/IAI\\\/\",\"name\":\"#GouvInfo\",\"description\":\"D\u00e9velopper une vue globale des donn\u00e9es et de leurs gouvernances\",\"potentialAction\":[{\"@type\":\"SearchAction\",\"target\":{\"@type\":\"EntryPoint\",\"urlTemplate\":\"https:\\\/\\\/gouvinfo.org\\\/IAI\\\/?s={search_term_string}\"},\"query-input\":{\"@type\":\"PropertyValueSpecification\",\"valueRequired\":true,\"valueName\":\"search_term_string\"}}],\"inLanguage\":\"fr-FR\"}]}<\/script>\n<!-- \/ Yoast SEO plugin. -->","yoast_head_json":{"title":"Charte #GouvInfo - #GouvInfo","description":"La communaut\u00e9 de l'info fait du flux Information un des fondamentaux de nos organisations, pour favoriser une bonne gouvernance de l'information - IAI.","robots":{"index":"index","follow":"follow","max-snippet":"max-snippet:-1","max-image-preview":"max-image-preview:large","max-video-preview":"max-video-preview:-1"},"canonical":"https:\/\/gouvinfo.org\/IAI\/charte-gouvinfo\/","og_locale":"fr_FR","og_type":"article","og_title":"Charte #GouvInfo - #GouvInfo","og_description":"La communaut\u00e9 de l'info fait du flux Information un des fondamentaux de nos organisations, pour favoriser une bonne gouvernance de l'information - IAI.","og_url":"https:\/\/gouvinfo.org\/IAI\/charte-gouvinfo\/","og_site_name":"#GouvInfo","article_modified_time":"2021-05-13T07:48:20+00:00","og_image":[{"url":"https:\/\/i2.wp.com\/www.c4ig.space\/wp-content\/uploads\/2021\/03\/Licence-CC-C4IG.png?w=1080&amp;ssl=1","type":"","width":"","height":""}],"twitter_card":"summary_large_image","twitter_site":"@gouvinfo","twitter_misc":{"Dur\u00e9e de lecture estim\u00e9e":"2 minutes"},"schema":{"@context":"https:\/\/schema.org","@graph":[{"@type":"WebPage","@id":"https:\/\/gouvinfo.org\/IAI\/charte-gouvinfo\/","url":"https:\/\/gouvinfo.org\/IAI\/charte-gouvinfo\/","name":"Charte #GouvInfo - #GouvInfo","isPartOf":{"@id":"https:\/\/gouvinfo.org\/IAI\/#website"},"primaryImageOfPage":{"@id":"https:\/\/gouvinfo.org\/IAI\/charte-gouvinfo\/#primaryimage"},"image":{"@id":"https:\/\/gouvinfo.org\/IAI\/charte-gouvinfo\/#primaryimage"},"thumbnailUrl":"https:\/\/i2.wp.com\/www.c4ig.space\/wp-content\/uploads\/2021\/03\/Licence-CC-C4IG.png?w=1080&amp;ssl=1","datePublished":"2019-05-11T08:46:09+00:00","dateModified":"2021-05-13T07:48:20+00:00","description":"La communaut\u00e9 de l'info fait du flux Information un des fondamentaux de nos organisations, pour favoriser une bonne gouvernance de l'information - IAI.","inLanguage":"fr-FR","potentialAction":[{"@type":"ReadAction","target":["https:\/\/gouvinfo.org\/IAI\/charte-gouvinfo\/"]}]},{"@type":"ImageObject","inLanguage":"fr-FR","@id":"https:\/\/gouvinfo.org\/IAI\/charte-gouvinfo\/#primaryimage","url":"https:\/\/i2.wp.com\/www.c4ig.space\/wp-content\/uploads\/2021\/03\/Licence-CC-C4IG.png?w=1080&amp;ssl=1","contentUrl":"https:\/\/i2.wp.com\/www.c4ig.space\/wp-content\/uploads\/2021\/03\/Licence-CC-C4IG.png?w=1080&amp;ssl=1"},{"@type":"WebSite","@id":"https:\/\/gouvinfo.org\/IAI\/#website","url":"https:\/\/gouvinfo.org\/IAI\/","name":"#GouvInfo","description":"D\u00e9velopper une vue globale des donn\u00e9es et de leurs gouvernances","potentialAction":[{"@type":"SearchAction","target":{"@type":"EntryPoint","urlTemplate":"https:\/\/gouvinfo.org\/IAI\/?s={search_term_string}"},"query-input":{"@type":"PropertyValueSpecification","valueRequired":true,"valueName":"search_term_string"}}],"inLanguage":"fr-FR"}]}},"jetpack_shortlink":"https:\/\/wp.me\/P3WHBZ-1eF","jetpack_sharing_enabled":true,"_links":{"self":[{"href":"https:\/\/gouvinfo.org\/IAI\/wp-json\/wp\/v2\/pages\/4753","targetHints":{"allow":["GET"]}}],"collection":[{"href":"https:\/\/gouvinfo.org\/IAI\/wp-json\/wp\/v2\/pages"}],"about":[{"href":"https:\/\/gouvinfo.org\/IAI\/wp-json\/wp\/v2\/types\/page"}],"author":[{"embeddable":true,"href":"https:\/\/gouvinfo.org\/IAI\/wp-json\/wp\/v2\/users\/2"}],"replies":[{"embeddable":true,"href":"https:\/\/gouvinfo.org\/IAI\/wp-json\/wp\/v2\/comments?post=4753"}],"version-history":[{"count":13,"href":"https:\/\/gouvinfo.org\/IAI\/wp-json\/wp\/v2\/pages\/4753\/revisions"}],"predecessor-version":[{"id":33845,"href":"https:\/\/gouvinfo.org\/IAI\/wp-json\/wp\/v2\/pages\/4753\/revisions\/33845"}],"wp:attachment":[{"href":"https:\/\/gouvinfo.org\/IAI\/wp-json\/wp\/v2\/media?parent=4753"}],"curies":[{"name":"wp","href":"https:\/\/api.w.org\/{rel}","templated":true}]}}