{"id":4939,"date":"2020-05-02T09:33:27","date_gmt":"2020-05-02T07:33:27","guid":{"rendered":"http:\/\/www.gouvinfo.org\/IAI\/?page_id=4939"},"modified":"2020-05-02T09:37:28","modified_gmt":"2020-05-02T07:37:28","slug":"donnees-personnelles","status":"publish","type":"page","link":"https:\/\/gouvinfo.org\/IAI\/donnees-personnelles\/","title":{"rendered":"Donn\u00e9es personnelles"},"content":{"rendered":"<h3 style=\"text-align: center;\">Politique de gestion des donn\u00e9es personnelles<\/h3>\n<hr \/>\n<p style=\"text-align: center;\"><em>Cette page fait partie de nos fondamentaux, accept\u00e9s par chaque membre inscrit dans cette communaut\u00e9\u00a0<\/em><br \/>\n<em><a title=\"La Charte GouvInfo\" href=\"https:\/\/gouvinfo.org\/IAI\/charte-gouvinfo\/\">La Charte GouvInfo<\/a>\u00a0\u00a0&#8211;\u00a0\u00a0<a title=\"Mentions l\u00e9gales\" href=\"https:\/\/gouvinfo.org\/IAI\/mentions-legales\/\">Mentions l\u00e9gales<\/a><\/em><\/p>\n<hr \/>\n<h4>R\u00e9sum\u00e9 :<\/h4>\n<ul>\n<li>Notre souhait premier est de pouvoir vous offrir un ensemble de services qui vous apporte la meilleur valeur pour vos attentes et celle des autres membres. Vos donn\u00e9es personnelles servent donc \u00e0 r\u00e9pondre uniquement \u00e0 ce souhait,<\/li>\n<li>Nous nous effor\u00e7ons donc de veiller, en &#8220;bon p\u00e8re de famille&#8221; \u00e0 ce\u00a0qu&#8217;il n&#8217;y ait aucun abus ni de votre part, ni de la part d&#8217;autres membres, ni de\u00a0notre part, et ni de la part de l&#8217;ext\u00e9rieur du r\u00e9seau,<\/li>\n<li>N\u00e9anmoins, cette communaut\u00e9 est un espace de partage, o\u00f9 il est n\u00e9cessaire de conna\u00eetre et se faire conna\u00eetre, la diffusion de certaines de vos donn\u00e9es personnelles est donc indispensable<\/li>\n<li>Toute communaut\u00e9 est aussi une source d&#8217;attraction pour des personnes ayant des int\u00e9r\u00eats divergents. Nous sommes responsables de la protection de vos donn\u00e9es, ainsi que des d\u00e9rives possibles, \u00e0 ce titre nous devons recueillir des informations techniques, et\u00a0contr\u00f4ler les \u00e9changes et partages qui se r\u00e9alisent \u00e0 travers les services propos\u00e9s,<\/li>\n<li>Nous nous engageons \u00e0 \u00eatre les plus transparents possible, dans la\u00a0limite du peu de super pouvoirs que\u00a0nous avons<\/li>\n<li>S&#8217;il y a des soucis, nous attendons de vous\u00a0un esprit positif et une bienveillance, nul n&#8217;est parfait, heureusement !<\/li>\n<\/ul>\n<hr \/>\n<h4><strong>1. Quel type d&#8217;informations recueillons-nous?<\/strong><\/h4>\n<p>Si vous choisissez de vous inscrire ou t\u00e9l\u00e9charger un ouvrage sur un de nos sites (Gouvinfo.net, Gouvinfo.org, IAI-Awards.org), nous pourrons vous demander des renseignements tels que votre nom, votre adresse e-mail, votre adresse postale, votre num\u00e9ro de t\u00e9l\u00e9phone ainsi que des informations sur votre organisation. Notre site peut \u00e9galement inclure des questionnaires ayant pour but de nous faire conna\u00eetre votre opinion sur diff\u00e9rents produits et services. Si vous t\u00e9l\u00e9chargez du contenu \u00e0 partir de notre site, nous v\u00e9rifierons automatiquement votre mat\u00e9riel. Si vous\u00a0partagez des messages, des commentaires, des articles, cela sera gard\u00e9 et partag\u00e9 avec les autres membres. Nous conserverons donc le contenu et les communications que vous partagez, envoyez et recevez, et nous nous r\u00e9servons le droit de contr\u00f4ler vos communications, dans l&#8217;unique objectif d&#8217;anticiper d&#8217;\u00e9ventuelles d\u00e9rives. Nous pourrons \u00e9galement relever le d\u00e9tail de vos activit\u00e9s et de vos pr\u00e9f\u00e9rences personnelles lorsque vous visitez notre site (voir &#8221; Cookies &#8220;, ci-dessous). Les adresses IP utilis\u00e9es pour vous connecter \u00e0 notre site sont aussi m\u00e9moris\u00e9es, uniquement pour un usage technique pour des raisons de s\u00e9curit\u00e9.<\/p>\n<p><strong>2. Que faisons-nous des informations recueillies?<\/strong><\/p>\n<p>Nous utilisons les informations recueillies de diff\u00e9rentes mani\u00e8res:<\/p>\n<ul>\n<li>pour g\u00e9rer nos sites Web et fournir les informations et les services que vous demandez, y compris les t\u00e9l\u00e9chargements, les salons de discussion, les bulletins d\u2019informations, les promotions et les concours<\/li>\n<li>pour traiter vos demandes effectu\u00e9es aupr\u00e8s du service clients ou tous autres services le permettant,<\/li>\n<li>pour effectuer des analyses et recherches internes en vue d\u2019am\u00e9liorer notre site et nos autres produits et services<\/li>\n<li>pour vous envoyer des messages d&#8217;information et au plus rarement\u00a0commerciales sur nos produits et services, conform\u00e9ment \u00e0 ce qui est pr\u00e9vu par la loi ou sur demande de votre part (voir \u00ab Comment vous d\u00e9sabonner \u00bb ci-dessous)<\/li>\n<li>pour envoyer des e-mails administratifs (si vous oubliez votre mot de passe, par exemple)<\/li>\n<li>pour faire obstacle \u00e0 et d\u00e9tecter des actes frauduleux et un usage abusif de notre site ou de nos services.<\/li>\n<\/ul>\n<p>&nbsp;<\/p>\n<p><strong>3. Quels autres organismes ont acc\u00e8s \u00e0 vos informations?<\/strong><\/p>\n<p>Personne d&#8217;autre que nous-m\u00eames, et les autres membres de la\u00a0communaut\u00e9 avec ce que vous leur avez permis de voir. Dans des circonstances exceptionnelles, nous pouvons \u00eatre amen\u00e9s \u00e0 divulguer une partie de vos informations personnelles si cela est requis par la loi ou pour prot\u00e9ger ou d\u00e9fendre notre soci\u00e9t\u00e9 ou d&#8217;autres membres contre des activit\u00e9s ill\u00e9gales ou nuisibles. En cas de vente ou de restructuration de notre entreprise, vos donn\u00e9es personnelles pourront \u00eatre transf\u00e9r\u00e9es \u00e0 la nouvelle structure, apr\u00e8s vous en avoir inform\u00e9. Quoiqu&#8217;il en soit, nous nous engagerons \u00e0 vous pr\u00e9venir avant toutes op\u00e9rations qui feraient sortir hors de notre contr\u00f4le, vos donn\u00e9es personnelles.<\/p>\n<p><strong>5. S\u00e9curit\u00e9<\/strong><\/p>\n<p>Nous prenons toutes les mesures de s\u00e9curit\u00e9 commerciales utiles pour prot\u00e9ger vos informations personnelles. Ces mesures comprennent l&#8217;\u00e9tablissement de processus et de proc\u00e9dures pour minimiser l&#8217;acc\u00e8s non autoris\u00e9 \u00e0 vos informations ou leur divulgation. Nous ne pouvons toutefois pas garantir que ceci \u00e9liminera tous les risques d&#8217;usage abusif de vos informations personnelles par des intrus. Veuillez conserver les mots de passe de vos comptes dans un lieu s\u00fbr et ne les divulguer \u00e0 personne. Il est imp\u00e9ratif que vous nous contactiez imm\u00e9diatement si vous avez connaissance d&#8217;une utilisation non autoris\u00e9e de votre mot de passe ou de toute autre violation de s\u00e9curit\u00e9.<\/p>\n<p>Certains espaces\u00a0communautaires de notre site peuvent \u00eatre ouverts au public, en fonction de choix de membres sur le service propos\u00e9. \u00c9vitez, dans ces zones, de divulguer des informations qui pourraient, avec des d\u00e9tails sensibles, vous identifier ou identifier une autre personne. Nous ne pouvons pas \u00eatre tenus responsables de la protection ou de la s\u00e9curit\u00e9 des informations divulgu\u00e9es dans ces zones.<\/p>\n<p><strong>6. Comment vous d\u00e9sabonner<\/strong><\/p>\n<p>Si vous ne voulez plus recevoir des communications de notre part, veuillez suivre le lien que vous trouverez dans tout e-mail ou vous rendre dans la zone d&#8217;abonnement du site Web o\u00f9 vous vous \u00eates abonn\u00e9 et changer vos options de communication. Sur Gouvinfo.net, pour vous d\u00e9sabonner vous devez \u00e9diter votre profil et d\u00e9cocher la ligne &#8220;<span style=\"font-family: Actor, sans-serif; white-space: nowrap; color: #000000; background-color: #f5f5f5;\">Recevoir les notifications et annonces du site&#8221;.<\/span><\/p>\n<p>Vous pouvez aussi supprimer ou demander la suppression de votre compte. \u00c0 ce titre l&#8217;ensemble de vos donn\u00e9es personnelles de votre compte et de votre profil seront d\u00e9truites. Par contre, ne seront pas supprim\u00e9es celles que vous avez vous-m\u00eame apport\u00e9es dans les espaces d&#8217;\u00e9changes.<\/p>\n<p>Plus largement, n&#8217;h\u00e9sitez pas \u00e0 nous contacter :\u00a0<a>contact@gouvinfo.org<\/a>,\u00a0notre souhait est d&#8217;entretenir une relation saine, en respect de notre charte, et\u00a0la plus pertinente pour vous.<\/p>\n<p><strong>8. Comment nous contacter<\/strong><\/p>\n<p>Vous avez l\u00e9galement le droit de savoir quelles informations personnelles une organisation d\u00e9tient sur vous et comment ces informations sont trait\u00e9es. Si vous voulez savoir quelles informations nous d\u00e9tenons \u00e0 l&#8217;heure actuelle sur vous, veuillez nous contacter par e-mail\u00a0en pr\u00e9cisant l&#8217;adresse du site Web sur lequel vous \u00eates inscrit. Veuillez remarquer que nous pourrons vous demander de nous donner une preuve de votre identit\u00e9 et qu&#8217;une telle demande peut faire l&#8217;objet de frais administratifs.<\/p>\n<p>&nbsp;<\/p>\n<h2 class=\"entry-title\">Nos conseils<\/h2>\n<p>Ce site se base sur une logique de partage qui n&#8217;est pas vraiment compatible avec une anonymisation absolue, vous pouvez vous inscrire avec un email sans information personnelle et\u00a0des informations imaginaires. N\u00e9anmoins nous ne recommandons pas cela, car c&#8217;est une triche vis-\u00e0-vis des autres membres et n&#8217;entre donc pas dans nos principes de respect et de confiance. Si vous acceptez de transmettre un minimum, mais souhaitez rester discret, veuillez faire attention, \u00e0 chaque participation, \u00e0 ce que vous \u00e9crivez et consid\u00e9rez que potentiellement cela pourra \u00eatre utilis\u00e9 par un autre membre. si vous avez certaines sensibilit\u00e9s ou attentes concernant vos donn\u00e9es personnelles, ou qu&#8217;un service impose\u00a0une situation inconfortable pour vous, contactez-nous, c&#8217;est une belle occasion pour nous de mieux faire \u00e9voluer notre site.<\/p>\n<p>&nbsp;<\/p>\n<p>&nbsp;<\/p>\n<hr \/>\n<h3>Gestion des cookies<\/h3>\n<hr \/>\n<h4><strong>C\u2019est quoi un cookie\u00a0?<\/strong><\/h4>\n<div class=\"entry-content\">\n<p>Un cookie est un fichier texte contenant une petite quantit\u00e9 d\u2019informations t\u00e9l\u00e9charg\u00e9es sur votre ordinateur ou votre appareil mobile lors de votre premi\u00e8re visite sur un site Internet. En utilisant ce site, vous nous autorisez \u00e0 installer des cookies sur votre appareil. Cette politique d\u00e9crit la fa\u00e7on dont nous utilisons les cookies et leur utilit\u00e9.<\/p>\n<h4><strong>Ce que nous faisons avec vos Cookies<\/strong><\/h4>\n<p>Les informations pr\u00e9sentes dans les cookies de ce site sont exclusivement pour notre usage, exception faite des cookies pos\u00e9s par des tiers qui sont cr\u00e9\u00e9s par des entit\u00e9s externes pour r\u00e9aliser des extractions de donn\u00e9es \u00e0 notre demande en vue d\u2019am\u00e9liorer votre exp\u00e9rience sur le site. Nous utilisons les cookies pour am\u00e9liorer l\u2019utilisation et la fonctionnalit\u00e9 de nos sites web et pour mieux comprendre comment nos visiteurs utilisent ce site web. Le stockage des cookies sur votre ordinateur nous offre une m\u00e9thode facile et pratique pour ce service.<\/p>\n<p>Vous trouverez davantage d\u2019informations sur les cookies sur les sites suivants\u00a0:\u00a0<a href=\"http:\/\/www.allaboutcookies.org\/\">www.allaboutcookies.org<\/a>\u00a0\u2013\u00a0<a href=\"http:\/\/www.aboutcookies.org\/\">www.aboutcookies.org<\/a>\u00a0\u2013\u00a0<a href=\"http:\/\/www.youronlinechoices.eu\/\">www.youronlinechoices.eu<\/a>\u00a0\u2013<\/p>\n<h4><strong>Ce que nous ne faisons pas avec les cookies<\/strong><\/h4>\n<p>Nous ne stockons pas d\u2019informations personnelles sensibles telles que votre mot de passe, votre adresse, vos informations bancaires, etc. dans les cookies que nous utilisons. Nous ne revendons pas les informations r\u00e9cup\u00e9r\u00e9es gr\u00e2ce aux cookies. Celles-ci ne servent que pour nos sites. Les donn\u00e9es des cookies sont r\u00e9cup\u00e9r\u00e9es de mani\u00e8re anonyme et ne contiennent pas d\u2019informations personnelles ; toutefois, il se peut que nous \u00e9tablissions des corr\u00e9lations entre les informations contenues dans les cookies et les informations personnelles obtenues de vous par d\u2019autres moyens (ex. inscription sur le site web). Les cookies ne sont en aucun cas apparent\u00e9s \u00e0 des logiciels espions. Les cookies ne sont pas une forme de virus et ne peuvent pas endommager votre ordinateur.<\/p>\n<h4><strong>Quels sont les types de cookies utilis\u00e9s ?<\/strong><\/h4>\n<p>Lorsque vous visitez ce site web, les types suivants de cookies sont utilis\u00e9s.<\/p>\n<ul>\n<li><em>Cookies indispensables :\u00a0<\/em>Il s\u2019agit des cookies qui sont absolument n\u00e9cessaires au bon fonctionnement du site web. Sans ces cookies, le pr\u00e9sent site web ne peut pas fonctionner correctement. En cons\u00e9quence, il ne vous est pas possible de d\u00e9sactiver ces cookies indispensables, ou de le faire, mais ne plus pouvoir utiliser ce site web.<\/li>\n<li><em>Cookies fonctionnels :\u00a0<\/em>Il s\u2019agit des cookies qui ont pour r\u00f4le d\u2019am\u00e9liorer la fonctionnalit\u00e9 du site web. Par exemple, les cookies qui m\u00e9morisent les contenus que vous avez pr\u00e9alablement vus sur ce site web ou l\u2019adresse de courriel et les informations de connexion que vous avez indiqu\u00e9s \u00e0 l\u2019occasion d\u2019une visite ant\u00e9rieure sur ce site web. L\u2019utilisation de cookies fonctionnels nous permet donc de rendre le site adapt\u00e9 \u00e0 vos usages et ainsi vous \u00e9viter de devoir introduire \u00e0 nouveau des informations lors de votre prochaine visite.<\/li>\n<\/ul>\n<h4><strong>Changer les r\u00e9glages de mon navigateur pour refuser les cookies<\/strong><\/h4>\n<p>Dans la plupart des navigateurs, les cookies sont activ\u00e9s par d\u00e9faut. Vous avez la possibilit\u00e9 de les d\u00e9sactiver compl\u00e8tement au sein de votre navigateur. Attention, si vous d\u00e9sactivez des cookies utilis\u00e9s ici, il se peut que certaines fonctionnalit\u00e9s ou parties de ce site Web ne vous soient plus accessibles.<\/p>\n<p>Selon ce que vous souhaitez et selon le navigateur que vous utilisez, vous devez vous rendre sur la page pr\u00e9vue \u00e0 cet effet afin de param\u00e9trer votre ordinateur, \u00e0 savoir :<\/p>\n<ul>\n<li>Pour Internet Explorer :\u00a0<a href=\"http:\/\/windows.microsoft.com\/fr-FR\/windows-vista\/Block-or-allow-cookies\">http:\/\/windows.microsoft.com\/fr-FR\/windows-vista\/Block-or-allow-cookies<\/a><\/li>\n<li>Pour Google Chrome :\u00a0<a href=\"https:\/\/support.google.com\/chrome\/answer\/95647?hl=fr&amp;ref_topic=3421433\">https:\/\/support.google.com\/chrome\/answer\/95647?hl=fr&amp;ref_topic=3421433<\/a><\/li>\n<li>Pour Mozilla Firefox :\u00a0<a href=\"http:\/\/support.mozilla.org\/fr\/kb\/Activer%20et%20d%C3%A9sactiver%20les%20cookies\">http:\/\/support.mozilla.org\/fr\/kb\/Activer%20et%20d%C3%A9sactiver%20les%20cookies<\/a><\/li>\n<li>Pour Safari :\u00a0<a href=\"http:\/\/www.apple.com\/fr\/privacy\/use-of-cookies\/\">http:\/\/www.apple.com\/fr\/privacy\/use-of-cookies\/<\/a><\/li>\n<li>Pour Op\u00e9ra :\u00a0<a href=\"http:\/\/help.opera.com\/Windows\/10.20\/fr\/cookies.html\">http:\/\/help.opera.com\/Windows\/10.20\/fr\/cookies.html<\/a><\/li>\n<\/ul>\n<p>Tous les changements apport\u00e9s aux r\u00e9glages de votre navigateur applicables aux cookies associ\u00e9s au pr\u00e9sent site web seront sauvegard\u00e9s jusqu\u2019\u00e0 ce que vous d\u00e9cidiez de proc\u00e9der \u00e0 d\u2019autres changements, au cas o\u00f9 vous changeriez d\u2019avis.<\/p>\n<h4><strong>Sites Internet tiers<\/strong><\/h4>\n<p>Notre site Internet contient des liens renvoyant vers d\u2019autres sites Internet, et nous ne savons pas quels sont les cookies utilis\u00e9s par ces sites. Pour en savoir plus, consultez les informations relatives \u00e0 l\u2019utilisation des cookies sur ces sites tiers.<\/p>\n<h4><strong>En savoir plus\u00a0:<\/strong><\/h4>\n<ul>\n<li><a href=\"http:\/\/www.allaboutcookies.org\/\">http:\/\/www.allaboutcookies.org<\/a>,<\/li>\n<li><a href=\"http:\/\/www.cnil.fr\/vos-droits\/vos-traces\/les-cookies\/\">http:\/\/www.cnil.fr\/vos-droits\/vos-traces\/les-cookies\/<\/a><\/li>\n<\/ul>\n<p>Pour toutes questions sur l\u2019utilisation des cookies, vous pouvez nous contacter\u00a0par le formulaire pr\u00e9vu \u00e0 cet usage sur ce site.<\/p>\n<h3><\/h3>\n<hr \/>\n<h4><strong>Mise \u00e0 jour de\u00a0cette politique<\/strong><\/h4>\n<p>Nous nous r\u00e9servons le droit de proc\u00e9der \u00e0 toute modification de la pr\u00e9sente page,\u00a0et ce, afin de r\u00e9pondre aux normes impos\u00e9es par les l\u00e9gislations locales. Veuillez vous r\u00e9f\u00e9rer de temps \u00e0 autre pour prendre connaissance de toutes nouvelles informations qui pourraient y \u00eatre ajout\u00e9es.<\/p>\n<\/div>\n","protected":false},"excerpt":{"rendered":"<p>Politique de gestion des donn\u00e9es personnelles Cette page fait partie de nos fondamentaux, accept\u00e9s par chaque membre inscrit dans cette communaut\u00e9\u00a0 La Charte GouvInfo\u00a0\u00a0&#8211;\u00a0\u00a0Mentions l\u00e9gales R\u00e9sum\u00e9 : [&hellip;]<\/p>\n","protected":false},"author":10002,"featured_media":0,"parent":0,"menu_order":0,"comment_status":"closed","ping_status":"closed","template":"","meta":{"_et_pb_use_builder":"","_et_pb_old_content":"","_et_gb_content_width":"","jetpack_post_was_ever_published":false,"footnotes":""},"class_list":["post-4939","page","type-page","status-publish","hentry"],"yoast_head":"<!-- This site is optimized with the Yoast SEO plugin v27.4 - https:\/\/yoast.com\/product\/yoast-seo-wordpress\/ -->\n<title>Donn\u00e9es personnelles - #GouvInfo<\/title>\n<meta name=\"description\" content=\"La communaut\u00e9 de l&#039;info fait du flux Information un des fondamentaux de nos organisations, pour favoriser une bonne gouvernance de l&#039;information - IAI.\" \/>\n<meta name=\"robots\" content=\"index, follow, max-snippet:-1, max-image-preview:large, max-video-preview:-1\" \/>\n<link rel=\"canonical\" href=\"https:\/\/gouvinfo.org\/IAI\/donnees-personnelles\/\" \/>\n<meta property=\"og:locale\" content=\"fr_FR\" \/>\n<meta property=\"og:type\" content=\"article\" \/>\n<meta property=\"og:title\" content=\"Donn\u00e9es personnelles - #GouvInfo\" \/>\n<meta property=\"og:description\" content=\"La communaut\u00e9 de l&#039;info fait du flux Information un des fondamentaux de nos organisations, pour favoriser une bonne gouvernance de l&#039;information - IAI.\" \/>\n<meta property=\"og:url\" content=\"https:\/\/gouvinfo.org\/IAI\/donnees-personnelles\/\" \/>\n<meta property=\"og:site_name\" content=\"#GouvInfo\" \/>\n<meta property=\"article:modified_time\" content=\"2020-05-02T07:37:28+00:00\" \/>\n<meta property=\"og:image\" content=\"https:\/\/i0.wp.com\/gouvinfo.org\/IAI\/wp-content\/uploads\/Gouvinfo-3org-Prendre-son-pied.png?fit=534%2C661&ssl=1\" \/>\n\t<meta property=\"og:image:width\" content=\"534\" \/>\n\t<meta property=\"og:image:height\" content=\"661\" \/>\n\t<meta property=\"og:image:type\" content=\"image\/png\" \/>\n<meta name=\"twitter:card\" content=\"summary_large_image\" \/>\n<meta name=\"twitter:site\" content=\"@gouvinfo\" \/>\n<meta name=\"twitter:label1\" content=\"Dur\u00e9e de lecture estim\u00e9e\" \/>\n\t<meta name=\"twitter:data1\" content=\"11 minutes\" \/>\n<script type=\"application\/ld+json\" class=\"yoast-schema-graph\">{\"@context\":\"https:\\\/\\\/schema.org\",\"@graph\":[{\"@type\":\"WebPage\",\"@id\":\"https:\\\/\\\/gouvinfo.org\\\/IAI\\\/donnees-personnelles\\\/\",\"url\":\"https:\\\/\\\/gouvinfo.org\\\/IAI\\\/donnees-personnelles\\\/\",\"name\":\"Donn\u00e9es personnelles - #GouvInfo\",\"isPartOf\":{\"@id\":\"https:\\\/\\\/gouvinfo.org\\\/IAI\\\/#website\"},\"datePublished\":\"2020-05-02T07:33:27+00:00\",\"dateModified\":\"2020-05-02T07:37:28+00:00\",\"description\":\"La communaut\u00e9 de l'info fait du flux Information un des fondamentaux de nos organisations, pour favoriser une bonne gouvernance de l'information - IAI.\",\"inLanguage\":\"fr-FR\",\"potentialAction\":[{\"@type\":\"ReadAction\",\"target\":[\"https:\\\/\\\/gouvinfo.org\\\/IAI\\\/donnees-personnelles\\\/\"]}]},{\"@type\":\"WebSite\",\"@id\":\"https:\\\/\\\/gouvinfo.org\\\/IAI\\\/#website\",\"url\":\"https:\\\/\\\/gouvinfo.org\\\/IAI\\\/\",\"name\":\"#GouvInfo\",\"description\":\"D\u00e9velopper une vue globale des donn\u00e9es et de leurs gouvernances\",\"potentialAction\":[{\"@type\":\"SearchAction\",\"target\":{\"@type\":\"EntryPoint\",\"urlTemplate\":\"https:\\\/\\\/gouvinfo.org\\\/IAI\\\/?s={search_term_string}\"},\"query-input\":{\"@type\":\"PropertyValueSpecification\",\"valueRequired\":true,\"valueName\":\"search_term_string\"}}],\"inLanguage\":\"fr-FR\"}]}<\/script>\n<!-- \/ Yoast SEO plugin. -->","yoast_head_json":{"title":"Donn\u00e9es personnelles - #GouvInfo","description":"La communaut\u00e9 de l'info fait du flux Information un des fondamentaux de nos organisations, pour favoriser une bonne gouvernance de l'information - IAI.","robots":{"index":"index","follow":"follow","max-snippet":"max-snippet:-1","max-image-preview":"max-image-preview:large","max-video-preview":"max-video-preview:-1"},"canonical":"https:\/\/gouvinfo.org\/IAI\/donnees-personnelles\/","og_locale":"fr_FR","og_type":"article","og_title":"Donn\u00e9es personnelles - #GouvInfo","og_description":"La communaut\u00e9 de l'info fait du flux Information un des fondamentaux de nos organisations, pour favoriser une bonne gouvernance de l'information - IAI.","og_url":"https:\/\/gouvinfo.org\/IAI\/donnees-personnelles\/","og_site_name":"#GouvInfo","article_modified_time":"2020-05-02T07:37:28+00:00","og_image":[{"width":534,"height":661,"url":"https:\/\/i0.wp.com\/gouvinfo.org\/IAI\/wp-content\/uploads\/Gouvinfo-3org-Prendre-son-pied.png?fit=534%2C661&ssl=1","type":"image\/png"}],"twitter_card":"summary_large_image","twitter_site":"@gouvinfo","twitter_misc":{"Dur\u00e9e de lecture estim\u00e9e":"11 minutes"},"schema":{"@context":"https:\/\/schema.org","@graph":[{"@type":"WebPage","@id":"https:\/\/gouvinfo.org\/IAI\/donnees-personnelles\/","url":"https:\/\/gouvinfo.org\/IAI\/donnees-personnelles\/","name":"Donn\u00e9es personnelles - #GouvInfo","isPartOf":{"@id":"https:\/\/gouvinfo.org\/IAI\/#website"},"datePublished":"2020-05-02T07:33:27+00:00","dateModified":"2020-05-02T07:37:28+00:00","description":"La communaut\u00e9 de l'info fait du flux Information un des fondamentaux de nos organisations, pour favoriser une bonne gouvernance de l'information - IAI.","inLanguage":"fr-FR","potentialAction":[{"@type":"ReadAction","target":["https:\/\/gouvinfo.org\/IAI\/donnees-personnelles\/"]}]},{"@type":"WebSite","@id":"https:\/\/gouvinfo.org\/IAI\/#website","url":"https:\/\/gouvinfo.org\/IAI\/","name":"#GouvInfo","description":"D\u00e9velopper une vue globale des donn\u00e9es et de leurs gouvernances","potentialAction":[{"@type":"SearchAction","target":{"@type":"EntryPoint","urlTemplate":"https:\/\/gouvinfo.org\/IAI\/?s={search_term_string}"},"query-input":{"@type":"PropertyValueSpecification","valueRequired":true,"valueName":"search_term_string"}}],"inLanguage":"fr-FR"}]}},"jetpack_shortlink":"https:\/\/wp.me\/P3WHBZ-1hF","jetpack_sharing_enabled":true,"_links":{"self":[{"href":"https:\/\/gouvinfo.org\/IAI\/wp-json\/wp\/v2\/pages\/4939","targetHints":{"allow":["GET"]}}],"collection":[{"href":"https:\/\/gouvinfo.org\/IAI\/wp-json\/wp\/v2\/pages"}],"about":[{"href":"https:\/\/gouvinfo.org\/IAI\/wp-json\/wp\/v2\/types\/page"}],"author":[{"embeddable":true,"href":"https:\/\/gouvinfo.org\/IAI\/wp-json\/wp\/v2\/users\/10002"}],"replies":[{"embeddable":true,"href":"https:\/\/gouvinfo.org\/IAI\/wp-json\/wp\/v2\/comments?post=4939"}],"version-history":[{"count":3,"href":"https:\/\/gouvinfo.org\/IAI\/wp-json\/wp\/v2\/pages\/4939\/revisions"}],"predecessor-version":[{"id":4944,"href":"https:\/\/gouvinfo.org\/IAI\/wp-json\/wp\/v2\/pages\/4939\/revisions\/4944"}],"wp:attachment":[{"href":"https:\/\/gouvinfo.org\/IAI\/wp-json\/wp\/v2\/media?parent=4939"}],"curies":[{"name":"wp","href":"https:\/\/api.w.org\/{rel}","templated":true}]}}