{"id":4967,"date":"2020-05-11T10:39:38","date_gmt":"2020-05-11T08:39:38","guid":{"rendered":"http:\/\/www.gouvinfo.org\/IAI\/?page_id=4967"},"modified":"2023-07-27T11:33:25","modified_gmt":"2023-07-27T09:33:25","slug":"lassociation-gouvinfo-iai","status":"publish","type":"page","link":"https:\/\/gouvinfo.org\/IAI\/lassociation-gouvinfo-iai\/","title":{"rendered":"L&#8217;association GouvInfo IAI"},"content":{"rendered":"<p>[et_pb_section fb_built=&#8221;1&#8243; admin_label=&#8221;section&#8221; _builder_version=&#8221;4.16&#8243; global_colors_info=&#8221;{}&#8221;][et_pb_row admin_label=&#8221;row&#8221; _builder_version=&#8221;4.21.0&#8243; background_size=&#8221;initial&#8221; background_position=&#8221;top_left&#8221; background_repeat=&#8221;repeat&#8221; hover_enabled=&#8221;0&#8243; global_colors_info=&#8221;{}&#8221; custom_margin=&#8221;0px||-33px||false|false&#8221; custom_padding=&#8221;||||false|false&#8221; sticky_enabled=&#8221;0&#8243;][et_pb_column type=&#8221;4_4&#8243; _builder_version=&#8221;4.16&#8243; custom_padding=&#8221;|||&#8221; global_colors_info=&#8221;{}&#8221; custom_padding__hover=&#8221;|||&#8221;][et_pb_text admin_label=&#8221;Text&#8221; _builder_version=&#8221;4.16&#8243; background_size=&#8221;initial&#8221; background_position=&#8221;top_left&#8221; background_repeat=&#8221;repeat&#8221; global_colors_info=&#8221;{}&#8221; custom_padding=&#8221;||0px|||&#8221;]<\/p>\n<p style=\"text-align: justify;\"><img data-recalc-dims=\"1\" loading=\"lazy\" decoding=\"async\" class=\"wp-image-31381 alignleft img-responsive\" src=\"https:\/\/i0.wp.com\/gouvinfo.org\/IAI\/wp-content\/uploads\/2020-Gouvinfo-IAI.png?resize=272%2C147&#038;ssl=1\" alt=\"\" width=\"272\" height=\"147\" srcset=\"https:\/\/i0.wp.com\/gouvinfo.org\/IAI\/wp-content\/uploads\/2020-Gouvinfo-IAI.png?w=702&amp;ssl=1 702w, https:\/\/i0.wp.com\/gouvinfo.org\/IAI\/wp-content\/uploads\/2020-Gouvinfo-IAI.png?resize=300%2C162&amp;ssl=1 300w\" sizes=\"(max-width: 272px) 100vw, 272px\" \/>GouvInfo IAI (Information Autonome Intelligente) est une initiative de \u00ab <strong>crowd mentoring<\/strong> \u00bb pour les personnes qui souhaitent voir le flux information autrement, stresser des sujets transverses, travailler la complexit\u00e9. Aujourd\u2019hui <strong>association loi 1901 \u00e0 but non lucratif<\/strong>, sa cible est de valider un mod\u00e8le puis \u00e0 terme de se transformer en coop\u00e9rative d\u2019int\u00e9r\u00eat collectif (SCIC). Bas\u00e9e sur un mod\u00e8le \u00e9conomique durable, sur des fondamentaux forts, et avec une approche d\u00e9cal\u00e9e, GouvInfo IAI est aussi un terrain d\u2019opportunit\u00e9s pour tous, avec des valeurs fortes. Elle d\u00e9veloppe et propose des initiatives originales et compl\u00e9mentaires pour aider au <strong>partage<\/strong>, renforcer la <strong>l\u00e9gitimit\u00e9<\/strong> de ses membres,\u00a0 <strong>d\u00e9velopper un savoir et savoir faire<\/strong> sp\u00e9cifique comme :<\/p>\n<ul style=\"text-align: justify;\">\n<li>L&#8217;<a href=\"www.iai-awards.org\">acc\u00e9l\u00e9rateur IAI<\/a>, une initiative unique de co-mentorat sur le sujet de la donn\u00e9e, de ses usages et de sa gouvernance,<\/li>\n<li>L\u2019<strong>observatoire IAI, <\/strong>et son <strong><a href=\"https:\/\/gouvinfo.org\/IAI\/telechargements\/\">benchmark<\/a><\/strong>, qui recueille depuis 2010 ce qui se fait en termes d\u2019organisation de gouvernance de l\u2019information et de ses donn\u00e9es,<\/li>\n<li>Les ouvrages de sensibilisation comme <strong><a href=\"https:\/\/gouvinfo.org\/IAI\/telechargements\/\">l\u2019Oc\u00e9an Bleu<\/a>,<\/strong> qui regroupe un ensemble de t\u00e9moignages, de retours d\u2019exp\u00e9rience, de points de vue,<\/li>\n<li>Les<strong> ateliers <a href=\"https:\/\/gouvinfo.org\/IAI\/telechargements\/\">ILP<\/a><\/strong>, v\u00e9ritable concentr\u00e9 th\u00e9matique o\u00f9 chacun partage ses points de vue sur la base de pitchs pr\u00e9sent\u00e9s par des membres<\/li>\n<li>Les <strong>ateliers <a href=\"https:\/\/gouvinfo.org\/IAI\/telechargements\/\">Verbatim<\/a><\/strong>, qui photographient des avis coll\u00e9giaux sur une th\u00e9matique d\u2019actualit\u00e9 li\u00e9e \u00e0 la donn\u00e9e,<\/li>\n<li>Le <strong>r\u00e9seau social GouvInfo.net<\/strong> qui rassemble des personnes impliqu\u00e9es et int\u00e9ress\u00e9es par la donn\u00e9e, sa gouvernance, les usages, sa contextualisation en information.<\/li>\n<\/ul>\n<p style=\"text-align: justify;\">GouvInfo IAI porte un savoir et savoir faire unique depuis sa cr\u00e9ation en 2014 qui en fait une organisation phare sur les sujets de la gouvernance de l&#8217;information et de ses donn\u00e9es. L&#8217;association est ouverte \u00e0 tout le monde. GouvInfo IAI respecte une <strong><a href=\"https:\/\/gouvinfo.org\/IAI\/charte-gouvinfo\/\">charte \u00e9thique<\/a><\/strong> et veille \u00e0 ce qu&#8217;aucun conflit d&#8217;int\u00e9r\u00eats n&#8217;existe dans ses initiatives ou entre ses membres.<\/p>\n<p><span><\/span><\/p>\n<p>[\/et_pb_text][et_pb_divider _builder_version=&#8221;4.21.0&#8243; _module_preset=&#8221;default&#8221; hover_enabled=&#8221;0&#8243; sticky_enabled=&#8221;0&#8243;][\/et_pb_divider][et_pb_text _builder_version=&#8221;4.21.0&#8243; _module_preset=&#8221;default&#8221; hover_enabled=&#8221;0&#8243; sticky_enabled=&#8221;0&#8243; background_color=&#8221;#e6e6e6&#8243; custom_margin=&#8221;-33px|33px|-1px|33px|false|false&#8221; custom_padding=&#8221;9px|9px|9px|9px|false|false&#8221;]<\/p>\n<h3 style=\"text-align: center;\"><span style=\"color: #000080;\"><strong>Adh\u00e9sions<\/strong><\/span><\/h3>\n<p><span><\/span><\/p>\n<p><span><\/span><\/p>\n<p><span>\ud83d\udd38<\/span>Pour un r\u00e8glement par <strong>virement<\/strong>, merci d&#8217;utiliser <strong>\u27a1\ufe0f<\/strong>le <a href=\"https:\/\/gouvinfo.org\/IAI\/wp-content\/uploads\/Bulletin%20d%20adhesion%20GouvInfo%20IAI.pdf\">bulletin d&#8217;adh\u00e9sion<\/a><\/p>\n<p><span>\ud83d\udd38<\/span>Pour un r\u00e8glement par<strong> carte bancaire<\/strong>, utilisez le formulaire ci-dessous\u00a0 <strong>\u2935\ufe0f<\/strong><\/p>\n<p>[\/et_pb_text][\/et_pb_column][\/et_pb_row][et_pb_row _builder_version=&#8221;4.21.0&#8243; _module_preset=&#8221;default&#8221; min_height=&#8221;774px&#8221; global_colors_info=&#8221;{}&#8221;][et_pb_column type=&#8221;4_4&#8243; _builder_version=&#8221;4.21.0&#8243; _module_preset=&#8221;default&#8221; global_colors_info=&#8221;{}&#8221;][et_pb_code _builder_version=&#8221;4.21.0&#8243; _module_preset=&#8221;default&#8221; global_colors_info=&#8221;{}&#8221;]<iframe id=\"haWidget\" allowtransparency=\"true\" scrolling=\"auto\" src=\"https:\/\/www.helloasso.com\/associations\/gouvinfo-iai\/adhesions\/adhesion-annuelle-a-gouvinfo-iai\/widget\" style=\"width: 100%; height: 750px; border: none;\"><\/iframe>[\/et_pb_code][et_pb_text _builder_version=&#8221;4.21.0&#8243; _module_preset=&#8221;default&#8221; hover_enabled=&#8221;0&#8243; global_colors_info=&#8221;{}&#8221; sticky_enabled=&#8221;0&#8243;]<\/p>\n<p style=\"text-align: center;\"><span style=\"font-size: medium;\"><span>\ud83d\udc49<\/span><\/span><em><span style=\"font-size: medium;\"><a href=\"https:\/\/gouvinfo.org\/IAI\/rdv\/\" target=\"_blank\" rel=\"noopener\">Vous pouvez aussi r\u00e9server un <span style=\"text-decoration: underline;\">cr\u00e9neau<\/span> pour \u00e9changer sur l&#8217;association<\/a><\/span><\/em><\/p>\n<p style=\"text-align: center;\">\n[\/et_pb_text][\/et_pb_column][\/et_pb_row][\/et_pb_section]<\/p>\n","protected":false},"excerpt":{"rendered":"<p>GouvInfo IAI (Information&#8230;<\/p>\n","protected":false},"author":10002,"featured_media":0,"parent":0,"menu_order":0,"comment_status":"closed","ping_status":"closed","template":"","meta":{"_et_pb_use_builder":"on","_et_pb_old_content":"<p style=\"text-align: justify;\"><img class=\"wp-image-31381 alignleft\" src=\"https:\/\/gouvinfo.org\/IAI\/wp-content\/uploads\/2020-Gouvinfo-IAI.png\" alt=\"\" width=\"272\" height=\"147\" \/>GouvInfo IAI (Information Autonome Intelligente) est une initiative de \u00ab <strong>crowd mentoring<\/strong> \u00bb pour les personnes qui souhaitent voir le flux information autrement, stresser des sujets transverses, travailler la complexit\u00e9. Aujourd\u2019hui <strong>association loi 1901 \u00e0 but non lucratif<\/strong>, sa cible est de valider un mod\u00e8le puis \u00e0 terme de se transformer en coop\u00e9rative d\u2019int\u00e9r\u00eat collectif (SCIC). Bas\u00e9e sur un mod\u00e8le \u00e9conomique durable, sur des fondamentaux forts, et avec une approche d\u00e9cal\u00e9e, GouvInfo IAI est aussi un terrain d\u2019opportunit\u00e9s pour tous, avec des valeurs fortes. Elle d\u00e9veloppe et propose des initiatives originales et compl\u00e9mentaires pour aider au <strong>partage<\/strong>, renforcer la <strong>l\u00e9gitimit\u00e9<\/strong> de ses membres,\u00a0 <strong>d\u00e9velopper un savoir et savoir faire<\/strong> sp\u00e9cifique comme :<\/p>\r\n\r\n<ul style=\"text-align: justify;\">\r\n \t<li>Le<strong> concours des\u00a0<a href=\"http:\/\/www.iai-awards.org\/\">IAI-Awards<\/a><\/strong>, initiative unique de co-mentorat sur le sujet de la donn\u00e9e, de ses usages et de sa gouvernance,<\/li>\r\n \t<li>L\u2019<strong>observatoire GouvInfo, <\/strong>et son <strong><a href=\"https:\/\/gouvinfo.org\/IAI\/telechargements\/\">benchmark<\/a><\/strong>, qui recueille depuis 2010 ce qui se fait en termes d\u2019organisation de gouvernance de l\u2019information et de ses donn\u00e9es,<\/li>\r\n \t<li>Les ouvrages de sensibilisation comme <strong><a href=\"https:\/\/gouvinfo.org\/IAI\/telechargements\/\">l\u2019Oc\u00e9an Bleu<\/a>,<\/strong> qui regroupe un ensemble de t\u00e9moignages, de retours d\u2019exp\u00e9rience, de points de vue,<\/li>\r\n \t<li>Les<strong> ateliers <a href=\"https:\/\/gouvinfo.org\/IAI\/telechargements\/\">ILP<\/a><\/strong>, v\u00e9ritable concentr\u00e9 th\u00e9matique o\u00f9 chacun partage ses points de vue sur la base de pitchs pr\u00e9sent\u00e9s par des membres<\/li>\r\n \t<li>Les <strong>ateliers <a href=\"https:\/\/gouvinfo.org\/IAI\/telechargements\/\">Verbatim<\/a><\/strong>, qui photographient des avis coll\u00e9giaux sur une th\u00e9matique d\u2019actualit\u00e9 li\u00e9e \u00e0 la donn\u00e9e,<\/li>\r\n \t<li>Le <strong>r\u00e9seau social GouvInfo.net<\/strong> qui rassemble des personnes impliqu\u00e9es et int\u00e9ress\u00e9es par la donn\u00e9e, sa gouvernance, les usages, sa contextualisation en information.<\/li>\r\n<\/ul>\r\n<p style=\"text-align: justify;\">GouvInfo IAI porte un savoir et savoir faire unique depuis sa cr\u00e9ation en 2014 qui en fait une organisation phare sur les sujets de la gouvernance de l'information et de ses donn\u00e9es. L'association est ouverte \u00e0 tout le monde. GouvInfo IAI respecte une <strong><a href=\"https:\/\/gouvinfo.org\/IAI\/charte-gouvinfo\/\">charte \u00e9thique<\/a><\/strong> et veille \u00e0 ce qu'aucun conflit d'int\u00e9r\u00eats n'existe dans ses initiatives ou entre ses membres.<\/p>\r\n\r\n\r\n<hr \/>\r\n\r\n<h3 style=\"text-align: center;\"><a href=\"https:\/\/gouvinfo.org\/IAI\/devenir-adherent\/\">Devenir adh\u00e9rent<\/a><\/h3>\r\n<p style=\"text-align: justify;\"><\/p>\r\n\r\n\r\n<hr \/>\r\n\r\nL'association GouvInfo IAI est partenaire avec la chaire <a href=\"https:\/\/chairestratgouvinfo.essec.edu\/\">ESSEC Strat\u00e9gie et Gouvernance de l\u2019information<\/a>","_et_gb_content_width":"","jetpack_post_was_ever_published":false,"footnotes":""},"class_list":["post-4967","page","type-page","status-publish","hentry"],"yoast_head":"<!-- This site is optimized with the Yoast SEO plugin v27.5 - https:\/\/yoast.com\/product\/yoast-seo-wordpress\/ -->\n<title>L&#039;association GouvInfo IAI - #GouvInfo<\/title>\n<meta name=\"description\" content=\"La communaut\u00e9 de l&#039;info fait du flux Information un des fondamentaux de nos organisations, pour favoriser une bonne gouvernance de l&#039;information - IAI.\" \/>\n<meta name=\"robots\" content=\"index, follow, max-snippet:-1, max-image-preview:large, max-video-preview:-1\" \/>\n<link rel=\"canonical\" href=\"https:\/\/gouvinfo.org\/IAI\/lassociation-gouvinfo-iai\/\" \/>\n<meta property=\"og:locale\" content=\"fr_FR\" \/>\n<meta property=\"og:type\" content=\"article\" \/>\n<meta property=\"og:title\" content=\"L&#039;association GouvInfo IAI - #GouvInfo\" \/>\n<meta property=\"og:description\" content=\"La communaut\u00e9 de l&#039;info fait du flux Information un des fondamentaux de nos organisations, pour favoriser une bonne gouvernance de l&#039;information - IAI.\" \/>\n<meta property=\"og:url\" content=\"https:\/\/gouvinfo.org\/IAI\/lassociation-gouvinfo-iai\/\" \/>\n<meta property=\"og:site_name\" content=\"#GouvInfo\" \/>\n<meta property=\"article:modified_time\" content=\"2023-07-27T09:33:25+00:00\" \/>\n<meta property=\"og:image\" content=\"https:\/\/gouvinfo.org\/IAI\/wp-content\/uploads\/2020-Gouvinfo-IAI.png\" \/>\n<meta name=\"twitter:card\" content=\"summary_large_image\" \/>\n<meta name=\"twitter:site\" content=\"@gouvinfo\" \/>\n<meta name=\"twitter:label1\" content=\"Dur\u00e9e de lecture estim\u00e9e\" \/>\n\t<meta name=\"twitter:data1\" content=\"2 minutes\" \/>\n<script type=\"application\/ld+json\" class=\"yoast-schema-graph\">{\"@context\":\"https:\\\/\\\/schema.org\",\"@graph\":[{\"@type\":\"WebPage\",\"@id\":\"https:\\\/\\\/gouvinfo.org\\\/IAI\\\/lassociation-gouvinfo-iai\\\/\",\"url\":\"https:\\\/\\\/gouvinfo.org\\\/IAI\\\/lassociation-gouvinfo-iai\\\/\",\"name\":\"L'association GouvInfo IAI - #GouvInfo\",\"isPartOf\":{\"@id\":\"https:\\\/\\\/gouvinfo.org\\\/IAI\\\/#website\"},\"primaryImageOfPage\":{\"@id\":\"https:\\\/\\\/gouvinfo.org\\\/IAI\\\/lassociation-gouvinfo-iai\\\/#primaryimage\"},\"image\":{\"@id\":\"https:\\\/\\\/gouvinfo.org\\\/IAI\\\/lassociation-gouvinfo-iai\\\/#primaryimage\"},\"thumbnailUrl\":\"https:\\\/\\\/gouvinfo.org\\\/IAI\\\/wp-content\\\/uploads\\\/2020-Gouvinfo-IAI.png\",\"datePublished\":\"2020-05-11T08:39:38+00:00\",\"dateModified\":\"2023-07-27T09:33:25+00:00\",\"description\":\"La communaut\u00e9 de l'info fait du flux Information un des fondamentaux de nos organisations, pour favoriser une bonne gouvernance de l'information - IAI.\",\"inLanguage\":\"fr-FR\",\"potentialAction\":[{\"@type\":\"ReadAction\",\"target\":[\"https:\\\/\\\/gouvinfo.org\\\/IAI\\\/lassociation-gouvinfo-iai\\\/\"]}]},{\"@type\":\"ImageObject\",\"inLanguage\":\"fr-FR\",\"@id\":\"https:\\\/\\\/gouvinfo.org\\\/IAI\\\/lassociation-gouvinfo-iai\\\/#primaryimage\",\"url\":\"https:\\\/\\\/i0.wp.com\\\/gouvinfo.org\\\/IAI\\\/wp-content\\\/uploads\\\/2020-Gouvinfo-IAI.png?fit=702%2C380&ssl=1\",\"contentUrl\":\"https:\\\/\\\/i0.wp.com\\\/gouvinfo.org\\\/IAI\\\/wp-content\\\/uploads\\\/2020-Gouvinfo-IAI.png?fit=702%2C380&ssl=1\",\"width\":702,\"height\":380},{\"@type\":\"WebSite\",\"@id\":\"https:\\\/\\\/gouvinfo.org\\\/IAI\\\/#website\",\"url\":\"https:\\\/\\\/gouvinfo.org\\\/IAI\\\/\",\"name\":\"#GouvInfo\",\"description\":\"D\u00e9velopper une vue globale des donn\u00e9es et de leurs gouvernances\",\"potentialAction\":[{\"@type\":\"SearchAction\",\"target\":{\"@type\":\"EntryPoint\",\"urlTemplate\":\"https:\\\/\\\/gouvinfo.org\\\/IAI\\\/?s={search_term_string}\"},\"query-input\":{\"@type\":\"PropertyValueSpecification\",\"valueRequired\":true,\"valueName\":\"search_term_string\"}}],\"inLanguage\":\"fr-FR\"}]}<\/script>\n<!-- \/ Yoast SEO plugin. -->","yoast_head_json":{"title":"L'association GouvInfo IAI - #GouvInfo","description":"La communaut\u00e9 de l'info fait du flux Information un des fondamentaux de nos organisations, pour favoriser une bonne gouvernance de l'information - IAI.","robots":{"index":"index","follow":"follow","max-snippet":"max-snippet:-1","max-image-preview":"max-image-preview:large","max-video-preview":"max-video-preview:-1"},"canonical":"https:\/\/gouvinfo.org\/IAI\/lassociation-gouvinfo-iai\/","og_locale":"fr_FR","og_type":"article","og_title":"L'association GouvInfo IAI - #GouvInfo","og_description":"La communaut\u00e9 de l'info fait du flux Information un des fondamentaux de nos organisations, pour favoriser une bonne gouvernance de l'information - IAI.","og_url":"https:\/\/gouvinfo.org\/IAI\/lassociation-gouvinfo-iai\/","og_site_name":"#GouvInfo","article_modified_time":"2023-07-27T09:33:25+00:00","og_image":[{"url":"https:\/\/gouvinfo.org\/IAI\/wp-content\/uploads\/2020-Gouvinfo-IAI.png","type":"","width":"","height":""}],"twitter_card":"summary_large_image","twitter_site":"@gouvinfo","twitter_misc":{"Dur\u00e9e de lecture estim\u00e9e":"2 minutes"},"schema":{"@context":"https:\/\/schema.org","@graph":[{"@type":"WebPage","@id":"https:\/\/gouvinfo.org\/IAI\/lassociation-gouvinfo-iai\/","url":"https:\/\/gouvinfo.org\/IAI\/lassociation-gouvinfo-iai\/","name":"L'association GouvInfo IAI - #GouvInfo","isPartOf":{"@id":"https:\/\/gouvinfo.org\/IAI\/#website"},"primaryImageOfPage":{"@id":"https:\/\/gouvinfo.org\/IAI\/lassociation-gouvinfo-iai\/#primaryimage"},"image":{"@id":"https:\/\/gouvinfo.org\/IAI\/lassociation-gouvinfo-iai\/#primaryimage"},"thumbnailUrl":"https:\/\/gouvinfo.org\/IAI\/wp-content\/uploads\/2020-Gouvinfo-IAI.png","datePublished":"2020-05-11T08:39:38+00:00","dateModified":"2023-07-27T09:33:25+00:00","description":"La communaut\u00e9 de l'info fait du flux Information un des fondamentaux de nos organisations, pour favoriser une bonne gouvernance de l'information - IAI.","inLanguage":"fr-FR","potentialAction":[{"@type":"ReadAction","target":["https:\/\/gouvinfo.org\/IAI\/lassociation-gouvinfo-iai\/"]}]},{"@type":"ImageObject","inLanguage":"fr-FR","@id":"https:\/\/gouvinfo.org\/IAI\/lassociation-gouvinfo-iai\/#primaryimage","url":"https:\/\/i0.wp.com\/gouvinfo.org\/IAI\/wp-content\/uploads\/2020-Gouvinfo-IAI.png?fit=702%2C380&ssl=1","contentUrl":"https:\/\/i0.wp.com\/gouvinfo.org\/IAI\/wp-content\/uploads\/2020-Gouvinfo-IAI.png?fit=702%2C380&ssl=1","width":702,"height":380},{"@type":"WebSite","@id":"https:\/\/gouvinfo.org\/IAI\/#website","url":"https:\/\/gouvinfo.org\/IAI\/","name":"#GouvInfo","description":"D\u00e9velopper une vue globale des donn\u00e9es et de leurs gouvernances","potentialAction":[{"@type":"SearchAction","target":{"@type":"EntryPoint","urlTemplate":"https:\/\/gouvinfo.org\/IAI\/?s={search_term_string}"},"query-input":{"@type":"PropertyValueSpecification","valueRequired":true,"valueName":"search_term_string"}}],"inLanguage":"fr-FR"}]}},"jetpack_shortlink":"https:\/\/wp.me\/P3WHBZ-1i7","jetpack_sharing_enabled":true,"_links":{"self":[{"href":"https:\/\/gouvinfo.org\/IAI\/wp-json\/wp\/v2\/pages\/4967","targetHints":{"allow":["GET"]}}],"collection":[{"href":"https:\/\/gouvinfo.org\/IAI\/wp-json\/wp\/v2\/pages"}],"about":[{"href":"https:\/\/gouvinfo.org\/IAI\/wp-json\/wp\/v2\/types\/page"}],"author":[{"embeddable":true,"href":"https:\/\/gouvinfo.org\/IAI\/wp-json\/wp\/v2\/users\/10002"}],"replies":[{"embeddable":true,"href":"https:\/\/gouvinfo.org\/IAI\/wp-json\/wp\/v2\/comments?post=4967"}],"version-history":[{"count":24,"href":"https:\/\/gouvinfo.org\/IAI\/wp-json\/wp\/v2\/pages\/4967\/revisions"}],"predecessor-version":[{"id":34924,"href":"https:\/\/gouvinfo.org\/IAI\/wp-json\/wp\/v2\/pages\/4967\/revisions\/34924"}],"wp:attachment":[{"href":"https:\/\/gouvinfo.org\/IAI\/wp-json\/wp\/v2\/media?parent=4967"}],"curies":[{"name":"wp","href":"https:\/\/api.w.org\/{rel}","templated":true}]}}