{"id":4981,"date":"2020-05-11T11:16:55","date_gmt":"2020-05-11T09:16:55","guid":{"rendered":"http:\/\/www.gouvinfo.org\/IAI\/?page_id=4981"},"modified":"2023-07-27T11:53:40","modified_gmt":"2023-07-27T09:53:40","slug":"adherer-a-gouvinfo","status":"publish","type":"page","link":"https:\/\/gouvinfo.org\/IAI\/adherer-a-gouvinfo\/","title":{"rendered":"S&#8217;associer \u00e0 la charte \u00e9thique #GouvInfo"},"content":{"rendered":"<p style=\"text-align: justify;\">#GouvInfo est un regroupement d&#8217;initiatives qui partagent la m\u00eame vision concernant l&#8217;importance de l&#8217;information, ses donn\u00e9es, et les strat\u00e9gies de gouvernances applicables. M\u00eame si l&#8217;approche reste localis\u00e9e \u00e0 un secteur ou une discipline, ces initiatives visent \u00e0 avoir une vue globale de l&#8217;information, et renforcer ce qui permet une gouvernance de l&#8217;information.<\/p>\n<p style=\"text-align: justify;\">#GouvInfo est aussi un regroupement de personnes qui partagent les valeurs d&#8217;une <a href=\"https:\/\/gouvinfo.org\/IAI\/charte-gouvinfo\/\">charte \u00e9thique.<\/a> Nous consid\u00e9rons que c&#8217;est Indispensable pour que les initiatives soient bienveillantes les unes vis \u00e0 vis des autres et restent focalis\u00e9es sur un d\u00e9veloppement durable de la communaut\u00e9. Il n&#8217;y a aucune relation financi\u00e8re vis \u00e0 vis de ce partenariat #GouvInfo, qui est bas\u00e9 sur un engagement moral nominatif.<\/p>\n<p>Vous souhaitez <strong>vous associer et promouvoir cette charte, <\/strong><a href=\"https:\/\/c4ig.space\/adhesion\/\">demander une adh\u00e9sion.<\/a><\/p>\n","protected":false},"excerpt":{"rendered":"<p>#GouvInfo est un regroupement d&#8217;initiatives qui partagent la m\u00eame vision concernant l&#8217;importance de l&#8217;information, ses donn\u00e9es, et les strat\u00e9gies de gouvernances applicables. M\u00eame si l&#8217;approche reste localis\u00e9e [&hellip;]<\/p>\n","protected":false},"author":10002,"featured_media":0,"parent":0,"menu_order":0,"comment_status":"closed","ping_status":"closed","template":"","meta":{"_et_pb_use_builder":"","_et_pb_old_content":"","_et_gb_content_width":"","jetpack_post_was_ever_published":false,"footnotes":""},"class_list":["post-4981","page","type-page","status-publish","hentry"],"yoast_head":"<!-- This site is optimized with the Yoast SEO plugin v27.5 - https:\/\/yoast.com\/product\/yoast-seo-wordpress\/ -->\n<title>S&#039;associer \u00e0 la charte \u00e9thique #GouvInfo - #GouvInfo<\/title>\n<meta name=\"description\" content=\"La communaut\u00e9 de l&#039;info fait du flux Information un des fondamentaux de nos organisations, pour favoriser une bonne gouvernance de l&#039;information - IAI.\" \/>\n<meta name=\"robots\" content=\"index, follow, max-snippet:-1, max-image-preview:large, max-video-preview:-1\" \/>\n<link rel=\"canonical\" href=\"https:\/\/gouvinfo.org\/IAI\/adherer-a-gouvinfo\/\" \/>\n<meta property=\"og:locale\" content=\"fr_FR\" \/>\n<meta property=\"og:type\" content=\"article\" \/>\n<meta property=\"og:title\" content=\"S&#039;associer \u00e0 la charte \u00e9thique #GouvInfo - #GouvInfo\" \/>\n<meta property=\"og:description\" content=\"La communaut\u00e9 de l&#039;info fait du flux Information un des fondamentaux de nos organisations, pour favoriser une bonne gouvernance de l&#039;information - IAI.\" \/>\n<meta property=\"og:url\" content=\"https:\/\/gouvinfo.org\/IAI\/adherer-a-gouvinfo\/\" \/>\n<meta property=\"og:site_name\" content=\"#GouvInfo\" \/>\n<meta property=\"article:modified_time\" content=\"2023-07-27T09:53:40+00:00\" \/>\n<meta property=\"og:image\" content=\"https:\/\/i0.wp.com\/gouvinfo.org\/IAI\/wp-content\/uploads\/Gouvinfo-3org-Prendre-son-pied.png?fit=534%2C661&ssl=1\" \/>\n\t<meta property=\"og:image:width\" content=\"534\" \/>\n\t<meta property=\"og:image:height\" content=\"661\" \/>\n\t<meta property=\"og:image:type\" content=\"image\/png\" \/>\n<meta name=\"twitter:card\" content=\"summary_large_image\" \/>\n<meta name=\"twitter:site\" content=\"@gouvinfo\" \/>\n<meta name=\"twitter:label1\" content=\"Dur\u00e9e de lecture estim\u00e9e\" \/>\n\t<meta name=\"twitter:data1\" content=\"1 minute\" \/>\n<script type=\"application\/ld+json\" class=\"yoast-schema-graph\">{\"@context\":\"https:\\\/\\\/schema.org\",\"@graph\":[{\"@type\":\"WebPage\",\"@id\":\"https:\\\/\\\/gouvinfo.org\\\/IAI\\\/adherer-a-gouvinfo\\\/\",\"url\":\"https:\\\/\\\/gouvinfo.org\\\/IAI\\\/adherer-a-gouvinfo\\\/\",\"name\":\"S'associer \u00e0 la charte \u00e9thique #GouvInfo - #GouvInfo\",\"isPartOf\":{\"@id\":\"https:\\\/\\\/gouvinfo.org\\\/IAI\\\/#website\"},\"datePublished\":\"2020-05-11T09:16:55+00:00\",\"dateModified\":\"2023-07-27T09:53:40+00:00\",\"description\":\"La communaut\u00e9 de l'info fait du flux Information un des fondamentaux de nos organisations, pour favoriser une bonne gouvernance de l'information - IAI.\",\"inLanguage\":\"fr-FR\",\"potentialAction\":[{\"@type\":\"ReadAction\",\"target\":[\"https:\\\/\\\/gouvinfo.org\\\/IAI\\\/adherer-a-gouvinfo\\\/\"]}]},{\"@type\":\"WebSite\",\"@id\":\"https:\\\/\\\/gouvinfo.org\\\/IAI\\\/#website\",\"url\":\"https:\\\/\\\/gouvinfo.org\\\/IAI\\\/\",\"name\":\"#GouvInfo\",\"description\":\"D\u00e9velopper une vue globale des donn\u00e9es et de leurs gouvernances\",\"potentialAction\":[{\"@type\":\"SearchAction\",\"target\":{\"@type\":\"EntryPoint\",\"urlTemplate\":\"https:\\\/\\\/gouvinfo.org\\\/IAI\\\/?s={search_term_string}\"},\"query-input\":{\"@type\":\"PropertyValueSpecification\",\"valueRequired\":true,\"valueName\":\"search_term_string\"}}],\"inLanguage\":\"fr-FR\"}]}<\/script>\n<!-- \/ Yoast SEO plugin. -->","yoast_head_json":{"title":"S'associer \u00e0 la charte \u00e9thique #GouvInfo - #GouvInfo","description":"La communaut\u00e9 de l'info fait du flux Information un des fondamentaux de nos organisations, pour favoriser une bonne gouvernance de l'information - IAI.","robots":{"index":"index","follow":"follow","max-snippet":"max-snippet:-1","max-image-preview":"max-image-preview:large","max-video-preview":"max-video-preview:-1"},"canonical":"https:\/\/gouvinfo.org\/IAI\/adherer-a-gouvinfo\/","og_locale":"fr_FR","og_type":"article","og_title":"S'associer \u00e0 la charte \u00e9thique #GouvInfo - #GouvInfo","og_description":"La communaut\u00e9 de l'info fait du flux Information un des fondamentaux de nos organisations, pour favoriser une bonne gouvernance de l'information - IAI.","og_url":"https:\/\/gouvinfo.org\/IAI\/adherer-a-gouvinfo\/","og_site_name":"#GouvInfo","article_modified_time":"2023-07-27T09:53:40+00:00","og_image":[{"width":534,"height":661,"url":"https:\/\/i0.wp.com\/gouvinfo.org\/IAI\/wp-content\/uploads\/Gouvinfo-3org-Prendre-son-pied.png?fit=534%2C661&ssl=1","type":"image\/png"}],"twitter_card":"summary_large_image","twitter_site":"@gouvinfo","twitter_misc":{"Dur\u00e9e de lecture estim\u00e9e":"1 minute"},"schema":{"@context":"https:\/\/schema.org","@graph":[{"@type":"WebPage","@id":"https:\/\/gouvinfo.org\/IAI\/adherer-a-gouvinfo\/","url":"https:\/\/gouvinfo.org\/IAI\/adherer-a-gouvinfo\/","name":"S'associer \u00e0 la charte \u00e9thique #GouvInfo - #GouvInfo","isPartOf":{"@id":"https:\/\/gouvinfo.org\/IAI\/#website"},"datePublished":"2020-05-11T09:16:55+00:00","dateModified":"2023-07-27T09:53:40+00:00","description":"La communaut\u00e9 de l'info fait du flux Information un des fondamentaux de nos organisations, pour favoriser une bonne gouvernance de l'information - IAI.","inLanguage":"fr-FR","potentialAction":[{"@type":"ReadAction","target":["https:\/\/gouvinfo.org\/IAI\/adherer-a-gouvinfo\/"]}]},{"@type":"WebSite","@id":"https:\/\/gouvinfo.org\/IAI\/#website","url":"https:\/\/gouvinfo.org\/IAI\/","name":"#GouvInfo","description":"D\u00e9velopper une vue globale des donn\u00e9es et de leurs gouvernances","potentialAction":[{"@type":"SearchAction","target":{"@type":"EntryPoint","urlTemplate":"https:\/\/gouvinfo.org\/IAI\/?s={search_term_string}"},"query-input":{"@type":"PropertyValueSpecification","valueRequired":true,"valueName":"search_term_string"}}],"inLanguage":"fr-FR"}]}},"jetpack_shortlink":"https:\/\/wp.me\/P3WHBZ-1il","jetpack_sharing_enabled":true,"_links":{"self":[{"href":"https:\/\/gouvinfo.org\/IAI\/wp-json\/wp\/v2\/pages\/4981","targetHints":{"allow":["GET"]}}],"collection":[{"href":"https:\/\/gouvinfo.org\/IAI\/wp-json\/wp\/v2\/pages"}],"about":[{"href":"https:\/\/gouvinfo.org\/IAI\/wp-json\/wp\/v2\/types\/page"}],"author":[{"embeddable":true,"href":"https:\/\/gouvinfo.org\/IAI\/wp-json\/wp\/v2\/users\/10002"}],"replies":[{"embeddable":true,"href":"https:\/\/gouvinfo.org\/IAI\/wp-json\/wp\/v2\/comments?post=4981"}],"version-history":[{"count":9,"href":"https:\/\/gouvinfo.org\/IAI\/wp-json\/wp\/v2\/pages\/4981\/revisions"}],"predecessor-version":[{"id":34931,"href":"https:\/\/gouvinfo.org\/IAI\/wp-json\/wp\/v2\/pages\/4981\/revisions\/34931"}],"wp:attachment":[{"href":"https:\/\/gouvinfo.org\/IAI\/wp-json\/wp\/v2\/media?parent=4981"}],"curies":[{"name":"wp","href":"https:\/\/api.w.org\/{rel}","templated":true}]}}