{"id":4987,"date":"2020-05-11T11:31:36","date_gmt":"2020-05-11T09:31:36","guid":{"rendered":"http:\/\/www.gouvinfo.org\/IAI\/?page_id=4987"},"modified":"2020-05-11T11:31:36","modified_gmt":"2020-05-11T09:31:36","slug":"la-communaute-gouvinfo","status":"publish","type":"page","link":"https:\/\/gouvinfo.org\/IAI\/la-communaute-gouvinfo\/","title":{"rendered":"La communaut\u00e9 #GouvInfo"},"content":{"rendered":"<p style=\"text-align: justify;\"><img data-recalc-dims=\"1\" loading=\"lazy\" decoding=\"async\" class=\" wp-image-4634 alignleft img-responsive\" src=\"https:\/\/i0.wp.com\/gouvinfo.org\/IAI\/wp-content\/uploads\/CI_Logo2017ComInfo.png?resize=90%2C90&#038;ssl=1\" alt=\"\" width=\"90\" height=\"90\" srcset=\"https:\/\/i0.wp.com\/gouvinfo.org\/IAI\/wp-content\/uploads\/CI_Logo2017ComInfo.png?resize=300%2C300&amp;ssl=1 300w, https:\/\/i0.wp.com\/gouvinfo.org\/IAI\/wp-content\/uploads\/CI_Logo2017ComInfo.png?resize=150%2C150&amp;ssl=1 150w, https:\/\/i0.wp.com\/gouvinfo.org\/IAI\/wp-content\/uploads\/CI_Logo2017ComInfo.png?w=594&amp;ssl=1 594w\" sizes=\"(max-width: 90px) 100vw, 90px\" \/><a href=\"http:\/\/www.gouvinfo.net\">La communaut\u00e9 de l&#8217;info<\/a> est un r\u00e9seau social priv\u00e9 qui sert de base pour les initiatives qui n\u00e9cessitent un partage asynchrone et de pouvoir se retrouver entre membres. Son usage est gratuit. Faire partie de ce r\u00e9seau permet aussi d&#8217;\u00eatre inform\u00e9 de toutes les initiatives autour de #GouvInfo : groupes de travail, le concours IAI-awards, les \u00e9v\u00e9nements de la chaire ESSEC, l&#8217;observatoire GouvInfo, .. .<\/p>\n","protected":false},"excerpt":{"rendered":"<p>La communaut\u00e9 de l&#8217;info est un r\u00e9seau social priv\u00e9 qui sert de base pour les initiatives qui n\u00e9cessitent un partage asynchrone et de pouvoir se retrouver entre [&hellip;]<\/p>\n","protected":false},"author":10002,"featured_media":0,"parent":0,"menu_order":0,"comment_status":"closed","ping_status":"closed","template":"","meta":{"_et_pb_use_builder":"","_et_pb_old_content":"","_et_gb_content_width":"","jetpack_post_was_ever_published":false,"footnotes":""},"class_list":["post-4987","page","type-page","status-publish","hentry"],"yoast_head":"<!-- This site is optimized with the Yoast SEO plugin v27.3 - https:\/\/yoast.com\/product\/yoast-seo-wordpress\/ -->\n<title>La communaut\u00e9 #GouvInfo - #GouvInfo<\/title>\n<meta name=\"description\" content=\"La communaut\u00e9 de l&#039;info fait du flux Information un des fondamentaux de nos organisations, pour favoriser une bonne gouvernance de l&#039;information - IAI.\" \/>\n<meta name=\"robots\" content=\"index, follow, max-snippet:-1, max-image-preview:large, max-video-preview:-1\" \/>\n<link rel=\"canonical\" href=\"https:\/\/gouvinfo.org\/IAI\/la-communaute-gouvinfo\/\" \/>\n<meta property=\"og:locale\" content=\"fr_FR\" \/>\n<meta property=\"og:type\" content=\"article\" \/>\n<meta property=\"og:title\" content=\"La communaut\u00e9 #GouvInfo - #GouvInfo\" \/>\n<meta property=\"og:description\" content=\"La communaut\u00e9 de l&#039;info fait du flux Information un des fondamentaux de nos organisations, pour favoriser une bonne gouvernance de l&#039;information - IAI.\" \/>\n<meta property=\"og:url\" content=\"https:\/\/gouvinfo.org\/IAI\/la-communaute-gouvinfo\/\" \/>\n<meta property=\"og:site_name\" content=\"#GouvInfo\" \/>\n<meta property=\"og:image\" content=\"https:\/\/gouvinfo.org\/IAI\/wp-content\/uploads\/CI_Logo2017ComInfo-300x300.png\" \/>\n<meta name=\"twitter:card\" content=\"summary_large_image\" \/>\n<meta name=\"twitter:site\" content=\"@gouvinfo\" \/>\n<script type=\"application\/ld+json\" class=\"yoast-schema-graph\">{\"@context\":\"https:\\\/\\\/schema.org\",\"@graph\":[{\"@type\":\"WebPage\",\"@id\":\"https:\\\/\\\/gouvinfo.org\\\/IAI\\\/la-communaute-gouvinfo\\\/\",\"url\":\"https:\\\/\\\/gouvinfo.org\\\/IAI\\\/la-communaute-gouvinfo\\\/\",\"name\":\"La communaut\u00e9 #GouvInfo - #GouvInfo\",\"isPartOf\":{\"@id\":\"https:\\\/\\\/gouvinfo.org\\\/IAI\\\/#website\"},\"primaryImageOfPage\":{\"@id\":\"https:\\\/\\\/gouvinfo.org\\\/IAI\\\/la-communaute-gouvinfo\\\/#primaryimage\"},\"image\":{\"@id\":\"https:\\\/\\\/gouvinfo.org\\\/IAI\\\/la-communaute-gouvinfo\\\/#primaryimage\"},\"thumbnailUrl\":\"https:\\\/\\\/gouvinfo.org\\\/IAI\\\/wp-content\\\/uploads\\\/CI_Logo2017ComInfo-300x300.png\",\"datePublished\":\"2020-05-11T09:31:36+00:00\",\"description\":\"La communaut\u00e9 de l'info fait du flux Information un des fondamentaux de nos organisations, pour favoriser une bonne gouvernance de l'information - IAI.\",\"inLanguage\":\"fr-FR\",\"potentialAction\":[{\"@type\":\"ReadAction\",\"target\":[\"https:\\\/\\\/gouvinfo.org\\\/IAI\\\/la-communaute-gouvinfo\\\/\"]}]},{\"@type\":\"ImageObject\",\"inLanguage\":\"fr-FR\",\"@id\":\"https:\\\/\\\/gouvinfo.org\\\/IAI\\\/la-communaute-gouvinfo\\\/#primaryimage\",\"url\":\"https:\\\/\\\/i0.wp.com\\\/gouvinfo.org\\\/IAI\\\/wp-content\\\/uploads\\\/CI_Logo2017ComInfo.png?fit=594%2C594&ssl=1\",\"contentUrl\":\"https:\\\/\\\/i0.wp.com\\\/gouvinfo.org\\\/IAI\\\/wp-content\\\/uploads\\\/CI_Logo2017ComInfo.png?fit=594%2C594&ssl=1\",\"width\":594,\"height\":594},{\"@type\":\"WebSite\",\"@id\":\"https:\\\/\\\/gouvinfo.org\\\/IAI\\\/#website\",\"url\":\"https:\\\/\\\/gouvinfo.org\\\/IAI\\\/\",\"name\":\"#GouvInfo\",\"description\":\"D\u00e9velopper une vue globale des donn\u00e9es et de leurs gouvernances\",\"potentialAction\":[{\"@type\":\"SearchAction\",\"target\":{\"@type\":\"EntryPoint\",\"urlTemplate\":\"https:\\\/\\\/gouvinfo.org\\\/IAI\\\/?s={search_term_string}\"},\"query-input\":{\"@type\":\"PropertyValueSpecification\",\"valueRequired\":true,\"valueName\":\"search_term_string\"}}],\"inLanguage\":\"fr-FR\"}]}<\/script>\n<!-- \/ Yoast SEO plugin. -->","yoast_head_json":{"title":"La communaut\u00e9 #GouvInfo - #GouvInfo","description":"La communaut\u00e9 de l'info fait du flux Information un des fondamentaux de nos organisations, pour favoriser une bonne gouvernance de l'information - IAI.","robots":{"index":"index","follow":"follow","max-snippet":"max-snippet:-1","max-image-preview":"max-image-preview:large","max-video-preview":"max-video-preview:-1"},"canonical":"https:\/\/gouvinfo.org\/IAI\/la-communaute-gouvinfo\/","og_locale":"fr_FR","og_type":"article","og_title":"La communaut\u00e9 #GouvInfo - #GouvInfo","og_description":"La communaut\u00e9 de l'info fait du flux Information un des fondamentaux de nos organisations, pour favoriser une bonne gouvernance de l'information - IAI.","og_url":"https:\/\/gouvinfo.org\/IAI\/la-communaute-gouvinfo\/","og_site_name":"#GouvInfo","og_image":[{"url":"https:\/\/gouvinfo.org\/IAI\/wp-content\/uploads\/CI_Logo2017ComInfo-300x300.png","type":"","width":"","height":""}],"twitter_card":"summary_large_image","twitter_site":"@gouvinfo","schema":{"@context":"https:\/\/schema.org","@graph":[{"@type":"WebPage","@id":"https:\/\/gouvinfo.org\/IAI\/la-communaute-gouvinfo\/","url":"https:\/\/gouvinfo.org\/IAI\/la-communaute-gouvinfo\/","name":"La communaut\u00e9 #GouvInfo - #GouvInfo","isPartOf":{"@id":"https:\/\/gouvinfo.org\/IAI\/#website"},"primaryImageOfPage":{"@id":"https:\/\/gouvinfo.org\/IAI\/la-communaute-gouvinfo\/#primaryimage"},"image":{"@id":"https:\/\/gouvinfo.org\/IAI\/la-communaute-gouvinfo\/#primaryimage"},"thumbnailUrl":"https:\/\/gouvinfo.org\/IAI\/wp-content\/uploads\/CI_Logo2017ComInfo-300x300.png","datePublished":"2020-05-11T09:31:36+00:00","description":"La communaut\u00e9 de l'info fait du flux Information un des fondamentaux de nos organisations, pour favoriser une bonne gouvernance de l'information - IAI.","inLanguage":"fr-FR","potentialAction":[{"@type":"ReadAction","target":["https:\/\/gouvinfo.org\/IAI\/la-communaute-gouvinfo\/"]}]},{"@type":"ImageObject","inLanguage":"fr-FR","@id":"https:\/\/gouvinfo.org\/IAI\/la-communaute-gouvinfo\/#primaryimage","url":"https:\/\/i0.wp.com\/gouvinfo.org\/IAI\/wp-content\/uploads\/CI_Logo2017ComInfo.png?fit=594%2C594&ssl=1","contentUrl":"https:\/\/i0.wp.com\/gouvinfo.org\/IAI\/wp-content\/uploads\/CI_Logo2017ComInfo.png?fit=594%2C594&ssl=1","width":594,"height":594},{"@type":"WebSite","@id":"https:\/\/gouvinfo.org\/IAI\/#website","url":"https:\/\/gouvinfo.org\/IAI\/","name":"#GouvInfo","description":"D\u00e9velopper une vue globale des donn\u00e9es et de leurs gouvernances","potentialAction":[{"@type":"SearchAction","target":{"@type":"EntryPoint","urlTemplate":"https:\/\/gouvinfo.org\/IAI\/?s={search_term_string}"},"query-input":{"@type":"PropertyValueSpecification","valueRequired":true,"valueName":"search_term_string"}}],"inLanguage":"fr-FR"}]}},"jetpack_shortlink":"https:\/\/wp.me\/P3WHBZ-1ir","jetpack_sharing_enabled":true,"_links":{"self":[{"href":"https:\/\/gouvinfo.org\/IAI\/wp-json\/wp\/v2\/pages\/4987","targetHints":{"allow":["GET"]}}],"collection":[{"href":"https:\/\/gouvinfo.org\/IAI\/wp-json\/wp\/v2\/pages"}],"about":[{"href":"https:\/\/gouvinfo.org\/IAI\/wp-json\/wp\/v2\/types\/page"}],"author":[{"embeddable":true,"href":"https:\/\/gouvinfo.org\/IAI\/wp-json\/wp\/v2\/users\/10002"}],"replies":[{"embeddable":true,"href":"https:\/\/gouvinfo.org\/IAI\/wp-json\/wp\/v2\/comments?post=4987"}],"version-history":[{"count":1,"href":"https:\/\/gouvinfo.org\/IAI\/wp-json\/wp\/v2\/pages\/4987\/revisions"}],"predecessor-version":[{"id":4988,"href":"https:\/\/gouvinfo.org\/IAI\/wp-json\/wp\/v2\/pages\/4987\/revisions\/4988"}],"wp:attachment":[{"href":"https:\/\/gouvinfo.org\/IAI\/wp-json\/wp\/v2\/media?parent=4987"}],"curies":[{"name":"wp","href":"https:\/\/api.w.org\/{rel}","templated":true}]}}