{"id":5315,"date":"2020-06-17T18:25:24","date_gmt":"2020-06-17T16:25:24","guid":{"rendered":"http:\/\/www.gouvinfo.org\/IAI\/?page_id=5315"},"modified":"2020-09-22T11:58:03","modified_gmt":"2020-09-22T09:58:03","slug":"adherer-a-lassociation-gouvinfo-iai","status":"publish","type":"page","link":"https:\/\/gouvinfo.org\/IAI\/adherer-a-lassociation-gouvinfo-iai\/","title":{"rendered":"Adh\u00e9rer \u00e0 l&#8217;association GouvInfo IAI"},"content":{"rendered":"<p style=\"text-align: justify;\">GouvInfo IAI est une association loi 1901 cr\u00e9\u00e9e en 2014 et dont l\u2019objet est de d\u00e9velopper des actions pour les membres d\u2019organisations publiques et priv\u00e9es afin de les aider \u00e0 am\u00e9liorer la ma\u00eetrise de leur \u00ab flux Information \u00bb. Sa finalit\u00e9 est de cr\u00e9er une structure coop\u00e9rative capable de r\u00e9pondre aux besoins complexes des organisations priv\u00e9es et publiques en proposant des syst\u00e8mes socio techniques de changement, de pilotage et des gouvernances associ\u00e9es. En devenant adh\u00e9rent \u00e0 l\u2019association GouvInfo IAI, vous pouvez b\u00e9n\u00e9ficier notamment de ses services\u00a0et vous impliquer dans ses initiatives :<\/p>\n<ul style=\"text-align: justify;\">\n<li>Le concours des\u00a0<a href=\"http:\/\/www.iai-awards.org\/\">IAI-Awards<\/a>, initiative unique de co-mentorat sur le sujet de la donn\u00e9e, de ses usages et de sa gouvernance,<\/li>\n<li>L\u2019<strong>observatoire GouvInfo, <\/strong>et son <a href=\"https:\/\/gouvinfo.org\/IAI\/telechargements\/\">benchmark<\/a>, qui recueille depuis 2010 ce qui se fait en termes d\u2019organisation de gouvernance de l\u2019information et de ses donn\u00e9es<\/li>\n<li>Les ouvrages de sensibilisation comme <a href=\"https:\/\/gouvinfo.org\/IAI\/telechargements\/\">l\u2019Oc\u00e9an Bleu<\/a>, qui regroupe un ensemble de t\u00e9moignages, de retours d\u2019exp\u00e9rience, de points de vue<\/li>\n<li>Les ateliers <a href=\"https:\/\/gouvinfo.org\/IAI\/telechargements\/\">ILP<\/a>, v\u00e9ritable concentr\u00e9 th\u00e9matique o\u00f9 chacun partage ses points de vue sur la base de pitchs pr\u00e9sent\u00e9s par des membres<\/li>\n<li>Les ateliers <a href=\"https:\/\/gouvinfo.org\/IAI\/telechargements\/\">Verbatim<\/a>, qui photographient des avis coll\u00e9giaux sur une th\u00e9matique d\u2019actualit\u00e9 li\u00e9e \u00e0 la donn\u00e9e<\/li>\n<li>Le r\u00e9seau social GouvInfo.net qui rassemble des personnes impliqu\u00e9es et int\u00e9ress\u00e9es par la donn\u00e9e, sa gouvernance, les usages, sa contextualisation en information.<\/li>\n<\/ul>\n<p style=\"text-align: justify;\">Cette association est aussi partenaire de la chaire\u00a0<a href=\"https:\/\/chairestratgouvinfo.essec.edu\/\">ESSEC Strat\u00e9gie et Gouvernance de l\u2019information<\/a>, ainsi que de l\u2019association\u00a0<a href=\"https:\/\/www.efutura.fr\/\">eFutura<\/a>.<\/p>\n<p style=\"text-align: justify;\">L\u2019association est ouverte \u00e0 tous, la cotisation est de <strong>300\u20ac<\/strong> pour les organisations publiques et priv\u00e9es, et de <strong>100\u20ac<\/strong> pour les r\u00e8glements \u00e0 titre personnel. Des frais de gestion en plus peuvent s\u2019appliquer pour des \u00e9v\u00e8nements sp\u00e9cifiques qui n\u00e9cessitent une implication plus soutenue de l\u2019association : participation au concours des <a href=\"https:\/\/www.iai-awards.org\/\">IAI-Awards<\/a>, animation d\u2019un groupe de travail \u2026<\/p>\n<p style=\"text-align: justify;\">L&#8217;association est ouverte \u00e0 tous. Si vous souhaitez <strong>devenir membre<\/strong>, merci de renseigner le formulaire ci-dessous :.<\/p>\n<p style=\"text-align: center;\"><p class=\"wpcf7-contact-form-not-found\"><strong>Erreur\u00a0:<\/strong> Formulaire de contact non trouv\u00e9\u00a0!<\/p><\/p>\n","protected":false},"excerpt":{"rendered":"<p>GouvInfo IAI est une association loi 1901 cr\u00e9\u00e9e en 2014 et dont l\u2019objet est de d\u00e9velopper des actions pour les membres d\u2019organisations publiques et priv\u00e9es afin de [&hellip;]<\/p>\n","protected":false},"author":10002,"featured_media":0,"parent":0,"menu_order":0,"comment_status":"closed","ping_status":"closed","template":"","meta":{"_et_pb_use_builder":"","_et_pb_old_content":"","_et_gb_content_width":"","jetpack_post_was_ever_published":false,"footnotes":""},"class_list":["post-5315","page","type-page","status-publish","hentry"],"yoast_head":"<!-- This site is optimized with the Yoast SEO plugin v27.5 - https:\/\/yoast.com\/product\/yoast-seo-wordpress\/ -->\n<title>Adh\u00e9rer \u00e0 l&#039;association GouvInfo IAI - #GouvInfo<\/title>\n<meta name=\"description\" content=\"La communaut\u00e9 de l&#039;info fait du flux Information un des fondamentaux de nos organisations, pour favoriser une bonne gouvernance de l&#039;information - IAI.\" \/>\n<meta name=\"robots\" content=\"index, follow, max-snippet:-1, max-image-preview:large, max-video-preview:-1\" \/>\n<link rel=\"canonical\" href=\"https:\/\/gouvinfo.org\/IAI\/adherer-a-lassociation-gouvinfo-iai\/\" \/>\n<meta property=\"og:locale\" content=\"fr_FR\" \/>\n<meta property=\"og:type\" content=\"article\" \/>\n<meta property=\"og:title\" content=\"Adh\u00e9rer \u00e0 l&#039;association GouvInfo IAI - #GouvInfo\" \/>\n<meta property=\"og:description\" content=\"La communaut\u00e9 de l&#039;info fait du flux Information un des fondamentaux de nos organisations, pour favoriser une bonne gouvernance de l&#039;information - IAI.\" \/>\n<meta property=\"og:url\" content=\"https:\/\/gouvinfo.org\/IAI\/adherer-a-lassociation-gouvinfo-iai\/\" \/>\n<meta property=\"og:site_name\" content=\"#GouvInfo\" \/>\n<meta property=\"article:modified_time\" content=\"2020-09-22T09:58:03+00:00\" \/>\n<meta property=\"og:image\" content=\"https:\/\/i0.wp.com\/gouvinfo.org\/IAI\/wp-content\/uploads\/Gouvinfo-3org-Prendre-son-pied.png?fit=534%2C661&ssl=1\" \/>\n\t<meta property=\"og:image:width\" content=\"534\" \/>\n\t<meta property=\"og:image:height\" content=\"661\" \/>\n\t<meta property=\"og:image:type\" content=\"image\/png\" \/>\n<meta name=\"twitter:card\" content=\"summary_large_image\" \/>\n<meta name=\"twitter:site\" content=\"@gouvinfo\" \/>\n<meta name=\"twitter:label1\" content=\"Dur\u00e9e de lecture estim\u00e9e\" \/>\n\t<meta name=\"twitter:data1\" content=\"2 minutes\" \/>\n<script type=\"application\/ld+json\" class=\"yoast-schema-graph\">{\"@context\":\"https:\\\/\\\/schema.org\",\"@graph\":[{\"@type\":\"WebPage\",\"@id\":\"https:\\\/\\\/gouvinfo.org\\\/IAI\\\/adherer-a-lassociation-gouvinfo-iai\\\/\",\"url\":\"https:\\\/\\\/gouvinfo.org\\\/IAI\\\/adherer-a-lassociation-gouvinfo-iai\\\/\",\"name\":\"Adh\u00e9rer \u00e0 l'association GouvInfo IAI - #GouvInfo\",\"isPartOf\":{\"@id\":\"https:\\\/\\\/gouvinfo.org\\\/IAI\\\/#website\"},\"datePublished\":\"2020-06-17T16:25:24+00:00\",\"dateModified\":\"2020-09-22T09:58:03+00:00\",\"description\":\"La communaut\u00e9 de l'info fait du flux Information un des fondamentaux de nos organisations, pour favoriser une bonne gouvernance de l'information - IAI.\",\"inLanguage\":\"fr-FR\",\"potentialAction\":[{\"@type\":\"ReadAction\",\"target\":[\"https:\\\/\\\/gouvinfo.org\\\/IAI\\\/adherer-a-lassociation-gouvinfo-iai\\\/\"]}]},{\"@type\":\"WebSite\",\"@id\":\"https:\\\/\\\/gouvinfo.org\\\/IAI\\\/#website\",\"url\":\"https:\\\/\\\/gouvinfo.org\\\/IAI\\\/\",\"name\":\"#GouvInfo\",\"description\":\"D\u00e9velopper une vue globale des donn\u00e9es et de leurs gouvernances\",\"potentialAction\":[{\"@type\":\"SearchAction\",\"target\":{\"@type\":\"EntryPoint\",\"urlTemplate\":\"https:\\\/\\\/gouvinfo.org\\\/IAI\\\/?s={search_term_string}\"},\"query-input\":{\"@type\":\"PropertyValueSpecification\",\"valueRequired\":true,\"valueName\":\"search_term_string\"}}],\"inLanguage\":\"fr-FR\"}]}<\/script>\n<!-- \/ Yoast SEO plugin. -->","yoast_head_json":{"title":"Adh\u00e9rer \u00e0 l'association GouvInfo IAI - #GouvInfo","description":"La communaut\u00e9 de l'info fait du flux Information un des fondamentaux de nos organisations, pour favoriser une bonne gouvernance de l'information - IAI.","robots":{"index":"index","follow":"follow","max-snippet":"max-snippet:-1","max-image-preview":"max-image-preview:large","max-video-preview":"max-video-preview:-1"},"canonical":"https:\/\/gouvinfo.org\/IAI\/adherer-a-lassociation-gouvinfo-iai\/","og_locale":"fr_FR","og_type":"article","og_title":"Adh\u00e9rer \u00e0 l'association GouvInfo IAI - #GouvInfo","og_description":"La communaut\u00e9 de l'info fait du flux Information un des fondamentaux de nos organisations, pour favoriser une bonne gouvernance de l'information - IAI.","og_url":"https:\/\/gouvinfo.org\/IAI\/adherer-a-lassociation-gouvinfo-iai\/","og_site_name":"#GouvInfo","article_modified_time":"2020-09-22T09:58:03+00:00","og_image":[{"width":534,"height":661,"url":"https:\/\/i0.wp.com\/gouvinfo.org\/IAI\/wp-content\/uploads\/Gouvinfo-3org-Prendre-son-pied.png?fit=534%2C661&ssl=1","type":"image\/png"}],"twitter_card":"summary_large_image","twitter_site":"@gouvinfo","twitter_misc":{"Dur\u00e9e de lecture estim\u00e9e":"2 minutes"},"schema":{"@context":"https:\/\/schema.org","@graph":[{"@type":"WebPage","@id":"https:\/\/gouvinfo.org\/IAI\/adherer-a-lassociation-gouvinfo-iai\/","url":"https:\/\/gouvinfo.org\/IAI\/adherer-a-lassociation-gouvinfo-iai\/","name":"Adh\u00e9rer \u00e0 l'association GouvInfo IAI - #GouvInfo","isPartOf":{"@id":"https:\/\/gouvinfo.org\/IAI\/#website"},"datePublished":"2020-06-17T16:25:24+00:00","dateModified":"2020-09-22T09:58:03+00:00","description":"La communaut\u00e9 de l'info fait du flux Information un des fondamentaux de nos organisations, pour favoriser une bonne gouvernance de l'information - IAI.","inLanguage":"fr-FR","potentialAction":[{"@type":"ReadAction","target":["https:\/\/gouvinfo.org\/IAI\/adherer-a-lassociation-gouvinfo-iai\/"]}]},{"@type":"WebSite","@id":"https:\/\/gouvinfo.org\/IAI\/#website","url":"https:\/\/gouvinfo.org\/IAI\/","name":"#GouvInfo","description":"D\u00e9velopper une vue globale des donn\u00e9es et de leurs gouvernances","potentialAction":[{"@type":"SearchAction","target":{"@type":"EntryPoint","urlTemplate":"https:\/\/gouvinfo.org\/IAI\/?s={search_term_string}"},"query-input":{"@type":"PropertyValueSpecification","valueRequired":true,"valueName":"search_term_string"}}],"inLanguage":"fr-FR"}]}},"jetpack_shortlink":"https:\/\/wp.me\/P3WHBZ-1nJ","jetpack_sharing_enabled":true,"_links":{"self":[{"href":"https:\/\/gouvinfo.org\/IAI\/wp-json\/wp\/v2\/pages\/5315","targetHints":{"allow":["GET"]}}],"collection":[{"href":"https:\/\/gouvinfo.org\/IAI\/wp-json\/wp\/v2\/pages"}],"about":[{"href":"https:\/\/gouvinfo.org\/IAI\/wp-json\/wp\/v2\/types\/page"}],"author":[{"embeddable":true,"href":"https:\/\/gouvinfo.org\/IAI\/wp-json\/wp\/v2\/users\/10002"}],"replies":[{"embeddable":true,"href":"https:\/\/gouvinfo.org\/IAI\/wp-json\/wp\/v2\/comments?post=5315"}],"version-history":[{"count":12,"href":"https:\/\/gouvinfo.org\/IAI\/wp-json\/wp\/v2\/pages\/5315\/revisions"}],"predecessor-version":[{"id":22715,"href":"https:\/\/gouvinfo.org\/IAI\/wp-json\/wp\/v2\/pages\/5315\/revisions\/22715"}],"wp:attachment":[{"href":"https:\/\/gouvinfo.org\/IAI\/wp-json\/wp\/v2\/media?parent=5315"}],"curies":[{"name":"wp","href":"https:\/\/api.w.org\/{rel}","templated":true}]}}